{"id":2191,"date":"2016-12-05T07:09:33","date_gmt":"2016-12-05T07:09:33","guid":{"rendered":"http:\/\/demo.uix.store\/sober\/?page_id=2191"},"modified":"2016-12-05T07:09:33","modified_gmt":"2016-12-05T07:09:33","slug":"kopfzeile-v3","status":"publish","type":"page","link":"https:\/\/www.jolyd.com\/de\/headers\/header-v3\/","title":{"rendered":"Kopfzeile V3"},"content":{"rendered":"<div class=\"wpb-content-wrapper\"><div class=\"vc_row wpb_row vc_row-fluid\"><div class=\"wpb_column vc_column_container vc_col-sm-12\"><div class=\"vc_column-inner\"><div class=\"wpb_wrapper\"><h2 style=\"font-size: 32px;text-align: left\" class=\"vc_custom_heading vc_custom_1480921435120 text-left\" >Kopfzeile V3 - Logo oben<\/h2>\n\t<div class=\"wpb_text_column wpb_content_element\" >\n\t\t<div class=\"wpb_wrapper\">\n\t\t\t<p>Wie richte ich diese Kopfzeile ein? Gehen Sie einfach zu Anpassen &gt; Kopfzeile &gt; Kopfzeile und w\u00e4hlen Sie Kopfzeilen-Layout 3. Mit dieser Kopfzeile wird Ihr Logo \u00fcber anderen Inhalten angezeigt. Das Hauptmen\u00fc wird unterhalb des Logos angezeigt und ist ebenfalls mittig ausgerichtet; das Einkaufswagen-Symbol, das Symbol f\u00fcr die Anmeldung\/Kontenverwaltung und das Suchsymbol befinden sich auf der rechten Seite des Hauptmen\u00fcs; der W\u00e4hrungsw\u00e4hler und der Sprachw\u00e4hler befinden sich auf der linken Seite. (Um diese Selektoren zu haben, m\u00fcssen Sie zus\u00e4tzliche Plugins installieren, die wir in unserer Dokumentation beschrieben haben)<\/p>\n<p>Bitte denken Sie daran, dass Sie bei allen Kopfzeilen-Layouts den Hintergrund der Kopfzeile aus zwei Optionen ausw\u00e4hlen k\u00f6nnen - wei\u00df oder transparent. Und Sie k\u00f6nnen auch die Farbe des Kopfzeilentextes w\u00e4hlen.<\/p>\n<p>Au\u00dferdem kann die Topbar separat konfiguriert werden.<\/p>\n\n\t\t<\/div>\n\t<\/div>\n<div class=\"vc_empty_space\"   style=\"height: 30px\"><span class=\"vc_empty_space_inner\"><\/span><\/div>\n\t<div  class=\"wpb_single_image wpb_content_element vc_align_left wpb_content_element\">\n\t\t\n\t\t<figure class=\"wpb_wrapper vc_figure\">\n\t\t\t<div class=\"vc_single_image-wrapper   vc_box_border_grey\"><img decoding=\"async\" src=\"http:\/\/i.imgur.com\/OPYF4kr.jpg\" class=\"vc_single_image-img\" loading=\"lazy\" alt=\"\"><\/div>\n\t\t<\/figure>\n\t<\/div>\n<\/div><\/div><\/div><\/div>\n<\/div>","protected":false},"excerpt":{"rendered":"Header V3 - Logo Above How to setup this header? Just go to Customize &gt;&hellip;","protected":false},"author":1,"featured_media":0,"parent":2181,"menu_order":0,"comment_status":"closed","ping_status":"closed","template":"","meta":{"footnotes":""},"class_list":["post-2191","page","type-page","status-publish","hentry"],"_links":{"self":[{"href":"https:\/\/www.jolyd.com\/de\/wp-json\/wp\/v2\/pages\/2191","targetHints":{"allow":["GET"]}}],"collection":[{"href":"https:\/\/www.jolyd.com\/de\/wp-json\/wp\/v2\/pages"}],"about":[{"href":"https:\/\/www.jolyd.com\/de\/wp-json\/wp\/v2\/types\/page"}],"author":[{"embeddable":true,"href":"https:\/\/www.jolyd.com\/de\/wp-json\/wp\/v2\/users\/1"}],"replies":[{"embeddable":true,"href":"https:\/\/www.jolyd.com\/de\/wp-json\/wp\/v2\/comments?post=2191"}],"version-history":[{"count":0,"href":"https:\/\/www.jolyd.com\/de\/wp-json\/wp\/v2\/pages\/2191\/revisions"}],"up":[{"embeddable":true,"href":"https:\/\/www.jolyd.com\/de\/wp-json\/wp\/v2\/pages\/2181"}],"wp:attachment":[{"href":"https:\/\/www.jolyd.com\/de\/wp-json\/wp\/v2\/media?parent=2191"}],"curies":[{"name":"wp","href":"https:\/\/api.w.org\/{rel}","templated":true}]}}