{"id":2210,"date":"2016-12-05T08:01:32","date_gmt":"2016-12-05T08:01:32","guid":{"rendered":"http:\/\/demo.uix.store\/sober\/?page_id=2210"},"modified":"2016-12-05T08:01:32","modified_gmt":"2016-12-05T08:01:32","slug":"topbar","status":"publish","type":"page","link":"https:\/\/www.jolyd.com\/de\/headers\/topbar\/","title":{"rendered":"Topbar"},"content":{"rendered":"<div class=\"wpb-content-wrapper\"><div class=\"vc_row wpb_row vc_row-fluid\"><div class=\"wpb_column vc_column_container vc_col-sm-12\"><div class=\"vc_column-inner\"><div class=\"wpb_wrapper\"><h2 style=\"font-size: 32px;text-align: left\" class=\"vc_custom_heading vc_custom_1480924557985 text-left\" >Topbars<\/h2>\n\t<div class=\"wpb_text_column wpb_content_element\" >\n\t\t<div class=\"wpb_wrapper\">\n\t\t\t<p>Die Topbar ist einer der wichtigsten Teile der Kopfzeile einer Website. Um Ihre Topbar auf Ihrer Website zu aktivieren, gehen Sie bitte zu Anpassen &gt; Kopfzeile &gt; Topbar und aktivieren Sie sie. Nach der Aktivierung sehen Sie einige zus\u00e4tzliche Optionen, mit denen Sie das Layout, die Hintergrundfarbe und den Inhaltstyp f\u00fcr Ihre Topbar ausw\u00e4hlen k\u00f6nnen. Au\u00dferdem k\u00f6nnen Sie w\u00e4hlen, ob das Topbar-Men\u00fc angezeigt werden soll.<\/p>\n\n\t\t<\/div>\n\t<\/div>\n<div class=\"vc_empty_space\"   style=\"height: 30px\"><span class=\"vc_empty_space_inner\"><\/span><\/div>\n\t<div  class=\"wpb_single_image wpb_content_element vc_align_left wpb_content_element\">\n\t\t\n\t\t<figure class=\"wpb_wrapper vc_figure\">\n\t\t\t<div class=\"vc_single_image-wrapper   vc_box_border_grey\"><img decoding=\"async\" src=\"http:\/\/i.imgur.com\/1tY8cCX.jpg\" class=\"vc_single_image-img\" loading=\"lazy\" alt=\"\"><\/div>\n\t\t<\/figure>\n\t<\/div>\n<\/div><\/div><\/div><\/div>\n<\/div>","protected":false},"excerpt":{"rendered":"Topbars Topbar is one of the most important parts of site header. In order to&hellip;","protected":false},"author":1,"featured_media":0,"parent":2181,"menu_order":0,"comment_status":"closed","ping_status":"closed","template":"","meta":{"footnotes":""},"class_list":["post-2210","page","type-page","status-publish","hentry"],"_links":{"self":[{"href":"https:\/\/www.jolyd.com\/de\/wp-json\/wp\/v2\/pages\/2210","targetHints":{"allow":["GET"]}}],"collection":[{"href":"https:\/\/www.jolyd.com\/de\/wp-json\/wp\/v2\/pages"}],"about":[{"href":"https:\/\/www.jolyd.com\/de\/wp-json\/wp\/v2\/types\/page"}],"author":[{"embeddable":true,"href":"https:\/\/www.jolyd.com\/de\/wp-json\/wp\/v2\/users\/1"}],"replies":[{"embeddable":true,"href":"https:\/\/www.jolyd.com\/de\/wp-json\/wp\/v2\/comments?post=2210"}],"version-history":[{"count":0,"href":"https:\/\/www.jolyd.com\/de\/wp-json\/wp\/v2\/pages\/2210\/revisions"}],"up":[{"embeddable":true,"href":"https:\/\/www.jolyd.com\/de\/wp-json\/wp\/v2\/pages\/2181"}],"wp:attachment":[{"href":"https:\/\/www.jolyd.com\/de\/wp-json\/wp\/v2\/media?parent=2210"}],"curies":[{"name":"wp","href":"https:\/\/api.w.org\/{rel}","templated":true}]}}