{"id":319,"date":"2016-08-23T04:15:21","date_gmt":"2016-08-23T04:15:21","guid":{"rendered":"http:\/\/demo.uix.store\/sober\/?page_id=319"},"modified":"2025-09-11T18:00:40","modified_gmt":"2025-09-11T18:00:40","slug":"uber-jolyd","status":"publish","type":"page","link":"https:\/\/www.jolyd.com\/de\/about-jolyd\/","title":{"rendered":"\u00dcber JO&amp;LYD"},"content":{"rendered":"<div class=\"wpb-content-wrapper\"><div class=\"vc_row wpb_row vc_row-fluid\"><div class=\"wpb_column vc_column_container vc_col-sm-12\"><div class=\"vc_column-inner\"><div class=\"wpb_wrapper\">\n\t<div class=\"wpb_text_column wpb_content_element\" >\n\t\t<div class=\"wpb_wrapper\">\n\t\t\t<p data-rm-block-id=\"block-1\">\n\n\t\t<\/div>\n\t<\/div>\n<\/div><\/div><\/div><\/div><div class=\"vc_row wpb_row vc_row-fluid vc_custom_1480665418505\"><div class=\"wpb_column vc_column_container vc_col-sm-8 vc_col-lg-offset-2 vc_col-lg-8 vc_col-md-offset-0 vc_col-md-12 vc_col-sm-offset-0\"><div class=\"vc_column-inner\"><div class=\"wpb_wrapper\">\n\t<div class=\"wpb_text_column wpb_content_element\" >\n\t\t<div class=\"wpb_wrapper\">\n\t\t\t<h1 data-start=\"158\" data-end=\"172\" data-rm-block-id=\"block-2\">\u00dcber JO&amp;LYD<\/h1>\n<p data-start=\"174\" data-end=\"218\" data-rm-block-id=\"block-3\"><strong data-start=\"174\" data-end=\"218\">Unabh\u00e4ngig im Design. Global aus \u00dcberzeugung.<\/strong><\/p>\n<p data-start=\"220\" data-end=\"345\" data-rm-block-id=\"block-4\">\"<strong data-start=\"221\" data-end=\"295\">\u201eBeginne im Kleinen. Baue mit Sorgfalt. Lass die Arbeit weiter reisen als dich selbst.\u201c<\/strong>\"<br data-start=\"296\" data-end=\"299\" \/>- <em data-start=\"301\" data-end=\"345\">Pantelis Chatzigeorgiou, Gr\u00fcnder von JO&amp;LYD<\/em><\/p>\n<p data-start=\"347\" data-end=\"878\" data-rm-block-id=\"block-5\" class=\"translation-block\">Gegr\u00fcndet 2012 in Stockholm, ist JO&amp;LYD eine skandinavisch gepr\u00e4gte, globale Schmuckmarke f\u00fcr modernen Luxus.\nWir widmen uns edlen Materialien, pr\u00e4ziser Handwerkskunst und der F\u00f6rderung unabh\u00e4ngiger Kreativit\u00e4t.\nUnsere Kollektionen entstehen aus 925 Sterling Silber, Salzwasser- und S\u00fc\u00dfwasserperlen sowie ausgew\u00e4hlten Edelsteinen \u2013 mit einem klaren Ziel: Schmuck zu schaffen, der Ruhe, Modernit\u00e4t und Best\u00e4ndigkeit verk\u00f6rpert.\nWas in einer kleinen schwedischen Wohnung begann, wird heute in ganz Europa, Nordamerika und im Nahen Osten getragen.\nDoch unser Leitgedanke bleibt derselbe: Schmuck mit Bedeutung und bleibendem Wert.<\/p>\n<h2 data-start=\"880\" data-end=\"914\" data-rm-block-id=\"block-6\">Unsere Philosophie: Diskreter Luxus<\/h2>\n<p data-start=\"916\" data-end=\"1411\" data-rm-block-id=\"block-7\">Luxus schreit nicht, man erkennt ihn an den Details. Die k\u00fchle Helligkeit der <strong data-start=\"993\" data-end=\"1012\">Sterlingsilber<\/strong> beh\u00e4lt seinen Schliff. Der organische Glanz eines <strong data-start=\"1060\" data-end=\"1080\">S\u00fc\u00dfwasserperle<\/strong>. Eine Schlie\u00dfe, die mit einem pr\u00e4zisen Klick schlie\u00dft und h\u00e4lt, was sie verspricht. Bei JO&amp;LYD entwerfen und kuratieren wir mit Zur\u00fcckhaltung.<strong data-start=\"1192\" data-end=\"1207\">klare Linien<\/strong>Wir legen Wert auf ausgewogene Proportionen und Silhouetten, die sch\u00f6n am K\u00f6rper sitzen. Unsere St\u00fccke lassen sich problemlos von morgens bis abends, von dezentem Minimalismus bis zu auff\u00e4lligen Momenten und von einer Saison zur n\u00e4chsten tragen.<\/p>\n<ul data-start=\"1413\" data-end=\"1782\">\n<li data-start=\"1413\" data-end=\"1571\">\n<p data-start=\"1415\" data-end=\"1571\" data-rm-block-id=\"block-8\" class=\"translation-block\">Verl\u00e4sslichkeit\n\nWir verwenden ehrliche Materialien, klare Beschreibungen und wiederholbare Qualit\u00e4tspr\u00fcfungen.\nWas Sie online sehen, ist genau das, was bei Ihnen ankommt.\n\nQualit\u00e4t\n\nKleine Serien und sorgf\u00e4ltige Verarbeitung sichern sowohl Best\u00e4ndigkeit als auch Charakter.\n\nEinzigartigkeit\n\nWir arbeiten mit unabh\u00e4ngigen Designern, deren Handschrift und Technik das Sammeln wert sind.<\/p>\n<\/li>\n<li data-start=\"1572\" data-end=\"1676\">\n<p data-start=\"1574\" data-end=\"1676\" data-rm-block-id=\"block-9\"><strong data-start=\"1574\" data-end=\"1586\">Qualit\u00e4t:<\/strong> Die Herstellung in kleinen Mengen und die sorgf\u00e4ltige Verarbeitung gew\u00e4hrleisten, dass sowohl die Leistung als auch der Charakter gesch\u00fctzt werden.<\/p>\n<\/li>\n<li data-start=\"1677\" data-end=\"1782\">\n<p data-start=\"1679\" data-end=\"1782\" data-rm-block-id=\"block-10\"><strong data-start=\"1679\" data-end=\"1694\">Einzigartigkeit:<\/strong> Wir arbeiten mit unabh\u00e4ngigen Designern zusammen, deren Stimmen und Techniken es wert sind, gesammelt zu werden.<\/p>\n<\/li>\n<\/ul>\n<h2 data-start=\"1784\" data-end=\"1822\" data-rm-block-id=\"block-11\">Skandinavische Wurzeln, weltweite Perspektive<\/h2>\n<p data-start=\"1824\" data-end=\"2337\" data-rm-block-id=\"block-12\">JO&amp;LYD wurde in Stockholm geboren. Die <strong data-start=\"1858\" data-end=\"1908\">Klarheit, Zur\u00fcckhaltung und funktionsorientierte Denkweise<\/strong> skandinavischen Designs pr\u00e4gen alles, was wir tun - von unserer Typografie \u00fcber unsere Verpackungen bis hin zu unserer Produktarchitektur. Gleichzeitig ist JO&amp;LYD aber auch eindeutig global. Wir <strong data-start=\"2075\" data-end=\"2093\">weltweit versenden<\/strong>Wir arbeiten \u00fcber Kontinente hinweg zusammen und achten genau darauf, wie Menschen Schmuck im wirklichen Leben tragen. Durch diese internationale Perspektive bleiben unsere Kollektionen <strong data-start=\"2244\" data-end=\"2266\">frisch und zeitlos<\/strong>Sie f\u00fchlen sich in einem wei\u00dfen Hemd an einem Arbeitstag ebenso wohl wie am Abend in schwarzer Seide.<\/p>\n<h2 data-rm-block-id=\"block-13\">\u00dcber JO&amp;LYD: Einzigartige Mischung aus Handwerkskunst und Design<\/h2>\n<h2 data-start=\"2339\" data-end=\"2400\" data-rm-block-id=\"block-14\">Materialien &amp; Handwerk<\/h2>\n<p data-start=\"2402\" data-end=\"2471\" data-rm-block-id=\"block-15\">Worte wie \"Qualit\u00e4t\" sind nur hilfreich, wenn sie konkret sind. Wir pr\u00e4zisieren.<\/p>\n<ul data-start=\"2473\" data-end=\"3162\">\n<li data-start=\"2473\" data-end=\"2673\">\n<p data-start=\"2475\" data-end=\"2673\" data-rm-block-id=\"block-16\" class=\"translation-block\">Worte wie \u201eQualit\u00e4t\u201c sind nur hilfreich, wenn sie pr\u00e4zise sind.\nWir spezifizieren.\n\n925 Sterling Silber:\nAllergenfrei, robust und von nat\u00fcrlicher Leuchtkraft. Je nach Design poliert auf Hochglanz oder sanft mattiert, teilweise plattiert zum Schutz der Oberfl\u00e4che.\n\nPerlen:\nWir verwenden Salz- und S\u00fc\u00dfwasserperlen, ausgew\u00e4hlt nach Glanz, Oberfl\u00e4che und Form. Jede Perle wird sorgf\u00e4ltig mit ihrem Gegenst\u00fcck abgestimmt \u2013 f\u00fcr Harmonie ohne Verlust des individuellen Charakters.\n\nEdelsteine:\nAusgew\u00e4hlt nach Klarheit, Farbe und Haltbarkeit, in Schliffen, die Licht optimal einfangen und ihre Struktur bewahren.\n\nFertigung:\nFassungen werden auf Stabilit\u00e4t gepr\u00fcft, Kanten gegl\u00e4ttet, Ketten sind verstellbar \u2013 f\u00fcr pr\u00e4zisen Sitz und h\u00f6chsten Tragekomfort.\nBevor ein St\u00fcck online erscheint, durchl\u00e4uft es eine manuelle Qualit\u00e4tskontrolle: Gewicht, Balance, Hautgef\u00fchl und Layering werden gepr\u00fcft. Erst dann wird es ein JO&amp;LYD-Schmuckst\u00fcck.<\/p>\n<\/li>\n<li data-start=\"2674\" data-end=\"2879\">\n<p data-start=\"2676\" data-end=\"2879\" data-rm-block-id=\"block-17\"><strong data-start=\"2676\" data-end=\"2687\">Perlen:<\/strong> Wir verwenden beide <strong data-start=\"2700\" data-end=\"2713\">Salzwasser<\/strong> und <strong data-start=\"2718\" data-end=\"2732\">S\u00fc\u00dfwasser<\/strong> Perlen, die aufgrund ihres Glanzes, ihrer Oberfl\u00e4che und ihrer Form ausgew\u00e4hlt werden. Jede Perle wird von Hand an ihren Partner angepasst, damit sie symmetrisch ist, ohne ihren nat\u00fcrlichen Charakter zu verlieren.<\/p>\n<\/li>\n<li data-start=\"2880\" data-end=\"3009\">\n<p data-start=\"2882\" data-end=\"3009\" data-rm-block-id=\"block-18\"><strong data-start=\"2882\" data-end=\"2896\">Edelsteine:<\/strong> Wir w\u00e4hlen Steine nach ihrer Klarheit, Farbe und Haltbarkeit aus und bevorzugen Schliffe, die das Licht maximieren und ihre Integrit\u00e4t bewahren.<\/p>\n<\/li>\n<li data-start=\"3010\" data-end=\"3162\">\n<p data-start=\"3012\" data-end=\"3162\" data-rm-block-id=\"block-19\"><strong data-start=\"3012\" data-end=\"3029\">Konstruktion:<\/strong> Die Einstellungen werden auf ihre Festigkeit gepr\u00fcft. Die Kanten sind f\u00fcr mehr Komfort gegl\u00e4ttet. Die Ketten sind f\u00fcr eine pr\u00e4zise Passform \u00fcber Ausschnitte und Lagen hinweg verstellbar.<\/p>\n<\/li>\n<\/ul>\n<p data-start=\"3164\" data-end=\"3374\" data-rm-block-id=\"block-20\">Fertigung:\nFassungen werden auf Stabilit\u00e4t gepr\u00fcft, Kanten gegl\u00e4ttet, Ketten sind verstellbar \u2013 f\u00fcr pr\u00e4zisen Sitz und h\u00f6chsten Tragekomfort.\nBevor ein St\u00fcck online erscheint, durchl\u00e4uft es eine manuelle Qualit\u00e4tskontrolle: Gewicht, Balance, Hautgef\u00fchl und Layering werden gepr\u00fcft. Erst dann wird es ein JO&amp;LYD-Schmuckst\u00fcck.<\/p>\n<h2 data-start=\"3376\" data-end=\"3396\" data-rm-block-id=\"block-21\">Signature Moments<\/h2>\n<p data-start=\"3398\" data-end=\"3871\" data-rm-block-id=\"block-22\" class=\"translation-block\">Menschen definieren eine Marke \u2013 nicht Meilensteine.\nDoch manche Momente best\u00e4tigen den Weg:\nUnsere Designs waren auf der Leinwand zu sehen \u2013 in Zusammenarbeit mit Paramount Pictures \u2013 und wurden in der British Vogue vorgestellt, wo unser stiller Zugang zu Luxus Anerkennung fand.\nDiese Erw\u00e4hnungen sind keine Troph\u00e4en, sondern Belege unserer Philosophie: Sch\u00f6nes, sorgf\u00e4ltig gefertigtes Design verdient Aufmerksamkeit.<\/p>\n<h2 data-start=\"3873\" data-end=\"3908\" data-rm-block-id=\"block-23\">Allt\u00e4glicher Luxus<\/h2>\n<p data-start=\"3910\" data-end=\"4299\" data-rm-block-id=\"block-24\" class=\"translation-block\">Schmuck ist intim. Er ber\u00fchrt die Haut, begleitet den Tag.\nDarum legen wir gr\u00f6\u00dften Wert auf Tragekomfort: glatte Kanten, sichere Verschl\u00fcsse, federleichte Ohrringe, Armb\u00e4nder, die sich der Bewegung anpassen.\nVerstellbare Ketten betonen die Linie des Schl\u00fcsselbeins, getestet mit echten Kleidungsst\u00fccken, nicht nur im Studio.<\/p>\n<p data-start=\"4301\" data-end=\"4496\" data-rm-block-id=\"block-25\" class=\"translation-block\">Das Ergebnis: Everyday Luxury \u2013 Schmuck, der ein schlichtes Hemd am Morgen veredelt und abends genauso selbstverst\u00e4ndlich wirkt.<\/p>\n<h2 data-start=\"4498\" data-end=\"4534\" data-rm-block-id=\"block-26\">Eine Plattform f\u00fcr unabh\u00e4ngiges Talent<\/h2>\n<p data-start=\"4536\" data-end=\"4944\" data-rm-block-id=\"block-27\">JO&amp;LYD begann als ein Zuhause f\u00fcr unabh\u00e4ngige Designer und ist es auch heute noch. Wir scouten aufstrebende Stimmen, pr\u00fcfen die Arbeit vor Ort und arbeiten transparent zusammen - von der Designentwicklung bis hin zu Storytelling und Fotografie. Viele unserer Partner produzieren in <strong data-start=\"4769\" data-end=\"4785\">begrenzte Auflagen<\/strong>So bleibt die Qualit\u00e4t hoch und der Fu\u00dfabdruck \u00fcberschaubar. Wenn Sie ein Designer, Hersteller oder Fotograf mit einem besonderen Blickwinkel sind, ist JO&amp;LYD ein Ort, an dem Sie wachsen k\u00f6nnen.<\/p>\n<h2 data-start=\"4946\" data-end=\"4994\" data-rm-block-id=\"block-28\">Service als Teil des Luxus<\/h2>\n<p data-start=\"4996\" data-end=\"5058\" data-rm-block-id=\"block-29\">Au\u00dfergew\u00f6hnliches Design verdient au\u00dfergew\u00f6hnlichen Service.\nWir verpflichten uns zu:<\/p>\n<ul data-start=\"5060\" data-end=\"5424\">\n<li data-start=\"5060\" data-end=\"5149\">\n<p data-start=\"5062\" data-end=\"5149\" data-rm-block-id=\"block-30\" class=\"translation-block\">klaren Produktseiten mit farbechten Bildern und exakten Ma\u00dfen\n\nkompetenter Beratung durch Kenner von Material und Passform\n\nfairen Richtlinien, weltweitem Versand und zuverl\u00e4ssiger Lieferung\n\neiner Pflegeanleitung, die Ihren Schmuck w\u00fcrdevoll altern l\u00e4sst\n\npr\u00e4sentationsfertiger Verpackung f\u00fcr m\u00fcheloses Schenken<\/p>\n<\/li>\n<li data-start=\"5150\" data-end=\"5225\">\n<p data-start=\"5152\" data-end=\"5225\" data-rm-block-id=\"block-31\"><strong data-start=\"5152\" data-end=\"5177\">Kompetente Unterst\u00fctzung<\/strong> von Menschen, die etwas von Materialien und Passform verstehen.<\/p>\n<\/li>\n<li data-start=\"5226\" data-end=\"5304\">\n<p data-start=\"5228\" data-end=\"5304\" data-rm-block-id=\"block-32\"><strong data-start=\"5228\" data-end=\"5245\">Faire Politik<\/strong>, <strong data-start=\"5247\" data-end=\"5269\">weltweiter Versand<\/strong>und eine p\u00fcnktliche, verfolgbare Lieferung.<\/p>\n<\/li>\n<li data-start=\"5305\" data-end=\"5358\">\n<p data-start=\"5307\" data-end=\"5358\" data-rm-block-id=\"block-33\">A <strong data-start=\"5309\" data-end=\"5323\">Pflegeanleitung<\/strong> damit Ihr Schmuck mit Anmut altert.<\/p>\n<\/li>\n<li data-start=\"5359\" data-end=\"5424\">\n<p data-start=\"5361\" data-end=\"5424\" data-rm-block-id=\"block-34\"><strong data-start=\"5361\" data-end=\"5393\">Pr\u00e4sentationsfertige Verpackung<\/strong> die das Verschenken m\u00fchelos macht.<\/p>\n<\/li>\n<\/ul>\n<p data-start=\"5426\" data-end=\"5537\" data-rm-block-id=\"block-35\">Zuverl\u00e4ssigkeit ist bei uns keine Floskel, sondern t\u00e4gliche Praxis.<\/p>\n<h2 data-start=\"5539\" data-end=\"5566\" data-rm-block-id=\"block-36\">Nachhaltigkeit \u2013 mit Vernunft<\/h2>\n<p data-start=\"5568\" data-end=\"5820\" data-rm-block-id=\"block-37\">Verantwortung ohne Inszenierung.\nBegrenzte Auflagen verhindern \u00dcberproduktion.\nLanglebige Materialien verl\u00e4ngern den Lebenszyklus.\nWiederverwendbare Verpackungen und effiziente Logistik reduzieren Abfall dort, wo es z\u00e4hlt.\nSchmuck mit Best\u00e4ndigkeit ist per Definition nachhaltiger.<\/p>\n<h2 data-start=\"5822\" data-end=\"5836\" data-rm-block-id=\"block-38\">Unser Versprechen<\/h2>\n<p data-start=\"5838\" data-end=\"6196\" data-rm-block-id=\"block-39\" class=\"translation-block\">Wir jagen keinen Trends nach.\nWir w\u00e4hlen bewusst, um das Angebot fokussiert und relevant zu halten:\nSterlingsilber-, Perlen- und Edelsteinschmuck, den Sie oft tragen, mit \u00dcberzeugung schenken und \u00fcber Jahre behalten.\nWenn ein St\u00fcck bei JO&amp;LYD erscheint, dann, weil wir glauben, dass es echten Wert verk\u00f6rpert \u2013 durch Handwerk, Komfort und Charakter.<\/p>\n<h2 data-start=\"6198\" data-end=\"6215\" data-rm-block-id=\"block-40\">Gr\u00fcnder-Notiz<\/h2>\n<p data-start=\"6217\" data-end=\"6461\" data-rm-block-id=\"block-41\"><em>Ich habe JO&amp;LYD mit einer einfachen Idee gegr\u00fcndet: sorgf\u00e4ltig bauen, Abk\u00fcrzungen vermeiden und die Arbeit f\u00fcr sich selbst sprechen lassen. Die Marke ist weiter gereist als ich selbst, und das f\u00fchlt sich richtig an. Danke, dass Sie diese St\u00fccke zu einem Teil Ihres Lebens machen.<\/em><br data-start=\"6431\" data-end=\"6434\" \/>- <em data-start=\"6436\" data-end=\"6461\">Pantelis Chatzigeorgiou<\/em><\/p>\n<h2 data-start=\"6463\" data-end=\"6480\" data-rm-block-id=\"block-42\">Bleiben Sie verbunden<\/h2>\n<p data-start=\"6482\" data-end=\"6796\" data-rm-block-id=\"block-43\">Folgen Sie JO&amp;LYD f\u00fcr <strong data-start=\"6500\" data-end=\"6516\">Neuerscheinungen<\/strong>, Geschichten hinter den Kulissen unserer Ateliers, Styling-Ideen und limitierte Produkte. Ob Sie uns in Stockholm entdeckt haben, durch <strong data-start=\"6645\" data-end=\"6654\">Vogue<\/strong>Wir sind froh, dass Sie hier sind und k\u00f6nnen es kaum erwarten zu sehen, wie Sie diese St\u00fccke zu Ihren eigenen machen.<\/p>\n<p data-start=\"6798\" data-end=\"6853\" data-rm-block-id=\"block-44\"><strong data-start=\"6798\" data-end=\"6851\">JO&amp;LYD \u2014 Unabh\u00e4ngig im Design. Global aus \u00dcberzeugung.<\/strong><\/p>\n<p data-start=\"6798\" data-end=\"6853\" data-rm-block-id=\"block-44\">Folgen Sie uns auf <a href=\"https:\/\/www.instagram.com\/joandlyd\/\" target=\"_blank\" rel=\"noopener\">Instagram<\/a><\/p>\n\n\t\t<\/div>\n\t<\/div>\n<div class=\"fb_like wpb_content_element fb_type_standard wpb_content_element\" ><iframe src=\"https:\/\/www.facebook.com\/plugins\/like.php?href=https:\/\/www.jolyd.com\/de\/about-jolyd\/&amp;layout=standard&amp;show_faces=false&amp;action=like&amp;colorscheme=light\" scrolling=\"no\" frameborder=\"0\" allowtransparency=\"true\"><\/iframe><\/div><\/div><\/div><\/div><\/div><div class=\"vc_row wpb_row vc_row-fluid\"><div class=\"wpb_column vc_column_container vc_col-sm-12\"><div class=\"vc_column-inner\"><div class=\"wpb_wrapper\"><div class=\"vc_empty_space\"   style=\"height: 30px\"><span class=\"vc_empty_space_inner\"><\/span><\/div><\/div><\/div><\/div><\/div><div data-vc-full-width=\"true\" data-vc-full-width-temp=\"true\" data-vc-full-width-init=\"false\" data-vc-stretch-content=\"true\" data-vc-parallax=\"1.2\" class=\"vc_row wpb_row vc_row-fluid vc_custom_1644781863894 vc_row-has-fill vc_column-gap-30 vc_row-no-padding vc_general vc_parallax vc_parallax-content-moving\"><div class=\"wpb_column vc_column_container vc_col-sm-12 vc_col-lg-offset-4 vc_col-lg-8 vc_col-md-offset-0 vc_col-md-12\"><div class=\"vc_column-inner\"><div class=\"wpb_wrapper\"><h2 style=\"font-size: 40px;color: #000000;text-align: center\" class=\"vc_custom_heading text-center\" >Der Gr\u00fcnder<\/h2>\n\t<div class=\"wpb_text_column wpb_content_element\" >\n\t\t<div class=\"wpb_wrapper\">\n\t\t\t<blockquote>\n<p style=\"color: #ffffff; line-height: 34px; text-align: center;\" data-rm-block-id=\"block-46\"><strong>Meine Leidenschaft f\u00fcr unabh\u00e4ngige Modedesigner f\u00fchrte mich zu intensiver Recherche \u2013 sie wurde zum Antrieb, harte Arbeit und Inspiration in das Online-Atelier von JO&amp;LYD zu verwandeln.<\/strong><\/p>\n<\/blockquote>\n<p data-rm-block-id=\"block-47\">\n\n\t\t<\/div>\n\t<\/div>\n<h2 style=\"font-size: 32px;color: #1e73be;text-align: center;font-family:Montez;font-weight:400;font-style:normal\" class=\"vc_custom_heading vc_custom_1618090680422 text-center\" >Pantelis Chatzigeorgiou<\/h2><\/div><\/div><\/div><\/div><div class=\"vc_row-full-width vc_clearfix\"><\/div><div class=\"vc_row wpb_row vc_row-fluid\"><div class=\"wpb_column vc_column_container vc_col-sm-12\"><div class=\"vc_column-inner\"><div class=\"wpb_wrapper\"><div class=\"vc_empty_space\"   style=\"height: 50px\"><span class=\"vc_empty_space_inner\"><\/span><\/div><\/div><\/div><\/div><\/div><div class=\"vc_row wpb_row vc_row-fluid\"><div class=\"wpb_column vc_column_container vc_col-sm-12\"><div class=\"vc_column-inner\"><div class=\"wpb_wrapper\">\n\t<div class=\"wpb_text_column wpb_content_element\" >\n\t\t<div class=\"wpb_wrapper\">\n\t\t\t\n\t\t<\/div>\n\t<\/div>\n<\/div><\/div><\/div><\/div>\n<\/div>","protected":false},"excerpt":{"rendered":"About JO&amp;LYD Independent by design. Global by choice. \u201cStart small. Build with care. Let the&hellip;","protected":false},"author":1,"featured_media":4394,"parent":0,"menu_order":0,"comment_status":"closed","ping_status":"closed","template":"","meta":{"footnotes":""},"class_list":["post-319","page","type-page","status-publish","has-post-thumbnail","hentry"],"_links":{"self":[{"href":"https:\/\/www.jolyd.com\/de\/wp-json\/wp\/v2\/pages\/319","targetHints":{"allow":["GET"]}}],"collection":[{"href":"https:\/\/www.jolyd.com\/de\/wp-json\/wp\/v2\/pages"}],"about":[{"href":"https:\/\/www.jolyd.com\/de\/wp-json\/wp\/v2\/types\/page"}],"author":[{"embeddable":true,"href":"https:\/\/www.jolyd.com\/de\/wp-json\/wp\/v2\/users\/1"}],"replies":[{"embeddable":true,"href":"https:\/\/www.jolyd.com\/de\/wp-json\/wp\/v2\/comments?post=319"}],"version-history":[{"count":73,"href":"https:\/\/www.jolyd.com\/de\/wp-json\/wp\/v2\/pages\/319\/revisions"}],"predecessor-version":[{"id":6791,"href":"https:\/\/www.jolyd.com\/de\/wp-json\/wp\/v2\/pages\/319\/revisions\/6791"}],"wp:featuredmedia":[{"embeddable":true,"href":"https:\/\/www.jolyd.com\/de\/wp-json\/wp\/v2\/media\/4394"}],"wp:attachment":[{"href":"https:\/\/www.jolyd.com\/de\/wp-json\/wp\/v2\/media?parent=319"}],"curies":[{"name":"wp","href":"https:\/\/api.w.org\/{rel}","templated":true}]}}