{"id":4145,"date":"2021-07-16T00:47:46","date_gmt":"2021-07-16T00:47:46","guid":{"rendered":"https:\/\/www.jolyd.com\/?post_type=product&#038;p=4145"},"modified":"2025-09-11T20:55:22","modified_gmt":"2025-09-11T20:55:22","slug":"suswasserperlenkette","status":"publish","type":"product","link":"https:\/\/www.jolyd.com\/de\/product\/freshwater-pearl-necklace\/","title":{"rendered":"S\u00fc\u00dfwasserperlenkette"},"content":{"rendered":"<p>Wir stellen vor: unser exquisites <a href=\"https:\/\/www.jolyd.com\/de\/produkt\/suswasserperlenkette\/\">S\u00fc\u00dfwasserperlenkette<\/a>Sie ist aus hochwertigem Messing gefertigt und mit luxuri\u00f6sem 14-kar\u00e4tigem Gold \u00fcberzogen. Das Herzst\u00fcck dieses atemberaubenden St\u00fccks ist eine Sammlung von gl\u00e4nzenden S\u00fc\u00dfwasserperlen, die jeweils von Hand f\u00fcr ihre au\u00dfergew\u00f6hnliche Sch\u00f6nheit und Ausstrahlung ausgew\u00e4hlt wurden.<\/p>\n<h4>S\u00fc\u00dfwasserperlenkette<\/h4>\n<p>Die Kette hat eine L\u00e4nge von 14 Zoll (36 cm - 5 cm) und ist damit die perfekte L\u00e4nge f\u00fcr jedes Dekollet\u00e9. Ob als Statement-St\u00fcck oder als elegante Erg\u00e4nzung zu Ihrer Alltagskleidung getragen, diese Halskette ist ein echter Hingucker und hinterl\u00e4sst einen bleibenden Eindruck. Erh\u00f6hen Sie Ihr <strong>Schmuck<\/strong> Kollektion mit diesem zeitlosen und raffinierten St\u00fcck zu erg\u00e4nzen.<\/p>\n<p style=\"text-align: left;\"><strong>F\u00fcr welche Frauen ist die S\u00fc\u00dfwasserperlenkette gedacht?<\/strong><\/p>\n<p style=\"text-align: left;\">Wenn Sie sich das ansehen <b>Modeschmuckst\u00fcck<\/b>\u00a0es bedeutet uns etwas. Die <a href=\"https:\/\/www.jolyd.com\/de\/\">hochwertige Perlenkette<\/a> ist ein unverzichtbares und elegantes St\u00fcck der Schmuckgarderobe jeder gut gekleideten Frau, genau wie Sie. Deshalb glaube ich, dass diese Halskette exklusiv f\u00fcr Sie gemacht ist. Selbst Modeliebhaber auf der ganzen Welt werden Ihnen dasselbe sagen: Die <a href=\"https:\/\/www.instagram.com\/joandlyd\" target=\"_blank\" rel=\"noopener\">luxuri\u00f6ser Perlenschmuck<\/a> Stil ist f\u00fcr Frauen jeden Alters geeignet.<\/p>\n<p><strong>Pflegehinweise<\/strong><\/p>\n<p>Lesen Sie hier \u00fcber\u00a0<a href=\"https:\/\/www.jolyd.com\/de\/pflegehinweise-fur-schmuck\/\">Pflegehinweise f\u00fcr Schmuck<\/a><\/p>\n<p>&nbsp;<\/p>","protected":false},"excerpt":{"rendered":"<ul>\n<li>L\u00e4nge des Anh\u00e4ngers: <strong>30cm+8.3cm<\/strong><\/li>\n<li>Metall: <strong>Messing<\/strong><\/li>\n<li>Farbe: <strong>14K Gold<\/strong><\/li>\n<li>Steine: <strong>S\u00fc\u00dfwasserperle<\/strong><\/li>\n<li>L\u00e4nge der Kette: <strong>14 Zoll (36cm-5cm)<\/strong><\/li>\n<\/ul>","protected":false},"featured_media":4146,"comment_status":"open","ping_status":"closed","template":"","meta":[],"product_brand":[],"product_cat":[39],"product_tag":[],"class_list":{"0":"post-4145","1":"product","2":"type-product","3":"status-publish","4":"has-post-thumbnail","6":"product_cat-necklace-pendants-for-women","8":"first","9":"instock","10":"featured","11":"taxable","12":"shipping-taxable","13":"purchasable","14":"product-type-simple","15":"layout-style-6","16":"col-md-4 col-sm-4 col-xs-6","17":"col-lg-1-5","18":"product-has-gallery","19":"product-style-zoom"},"_links":{"self":[{"href":"https:\/\/www.jolyd.com\/de\/wp-json\/wp\/v2\/product\/4145","targetHints":{"allow":["GET"]}}],"collection":[{"href":"https:\/\/www.jolyd.com\/de\/wp-json\/wp\/v2\/product"}],"about":[{"href":"https:\/\/www.jolyd.com\/de\/wp-json\/wp\/v2\/types\/product"}],"replies":[{"embeddable":true,"href":"https:\/\/www.jolyd.com\/de\/wp-json\/wp\/v2\/comments?post=4145"}],"wp:featuredmedia":[{"embeddable":true,"href":"https:\/\/www.jolyd.com\/de\/wp-json\/wp\/v2\/media\/4146"}],"wp:attachment":[{"href":"https:\/\/www.jolyd.com\/de\/wp-json\/wp\/v2\/media?parent=4145"}],"wp:term":[{"taxonomy":"product_brand","embeddable":true,"href":"https:\/\/www.jolyd.com\/de\/wp-json\/wp\/v2\/product_brand?post=4145"},{"taxonomy":"product_cat","embeddable":true,"href":"https:\/\/www.jolyd.com\/de\/wp-json\/wp\/v2\/product_cat?post=4145"},{"taxonomy":"product_tag","embeddable":true,"href":"https:\/\/www.jolyd.com\/de\/wp-json\/wp\/v2\/product_tag?post=4145"}],"curies":[{"name":"wp","href":"https:\/\/api.w.org\/{rel}","templated":true}]}}