{"id":4363,"date":"2022-01-22T17:03:22","date_gmt":"2022-01-22T17:03:22","guid":{"rendered":"https:\/\/www.jolyd.com\/?post_type=product&#038;p=4363"},"modified":"2025-08-12T17:24:38","modified_gmt":"2025-08-12T17:24:38","slug":"suswasserperlen-lariat-halskette","status":"publish","type":"product","link":"https:\/\/www.jolyd.com\/de\/product\/freshwater-pearl-lariat-necklace\/","title":{"rendered":"S\u00fc\u00dfwasserperlen-Lariat-Halskette"},"content":{"rendered":"<p>Vorstellung des exquisiten Freshwater <a href=\"https:\/\/www.jolyd.com\/de\/produkt\/suswasserperlen-lariat-halskette\/\">Perlen-Lariat-Halskette<\/a>ein atemberaubendes Schmuckst\u00fcck, das Eleganz und Raffinesse ausstrahlt. Diese Halskette ist gefertigt aus <a href=\"https:\/\/www.jolyd.com\/de\/\">hochwertige S\u00fc\u00dfwasserperlen<\/a>Die Perlen sind f\u00fcr ihren strahlenden Glanz und ihre nat\u00fcrliche Sch\u00f6nheit bekannt. Die Perlen sind in einem zarten Lariat-Design aufgereiht und schaffen einen anmutigen und zeitlosen Look, der perfekt f\u00fcr jeden Anlass ist.<\/p>\n<p>Die Kette verf\u00fcgt \u00fcber einen schlichten, aber eleganten Verschluss, mit dem sich die L\u00e4nge leicht verstellen l\u00e4sst, so dass sie vielseitig einsetzbar ist und zu einer Reihe von Ausschnitten passt. Die <strong>Perlen<\/strong> werden sorgf\u00e4ltig ausgew\u00e4hlt und angeordnet, um eine einheitliche Gr\u00f6\u00dfe und Form zu gew\u00e4hrleisten, was zu einer makellosen und polierten Oberfl\u00e4che f\u00fchrt.<\/p>\n<h4>S\u00fc\u00dfwasserperlen-Lariat-Halskette<\/h4>\n<p>Diese <a href=\"https:\/\/www.jolyd.com\/de\/\">S\u00fc\u00dfwasserperle<\/a> Lariat Halskette ist ein <a href=\"https:\/\/www.instagram.com\/joandlyd\" target=\"_blank\" rel=\"noopener\">unverzichtbares Accessoire<\/a> f\u00fcr alle modebewussten Menschen, die die Sch\u00f6nheit von klassischem und zeitlosem Schmuck zu sch\u00e4tzen wissen. Sie eignet sich perfekt, um jedem Outfit einen Hauch von Raffinesse zu verleihen, sei es f\u00fcr eine formelle Veranstaltung oder einen legeren Tagesausflug. Diese Halskette ist auch ein ideales Geschenk f\u00fcr einen geliebten Menschen, denn sie wird mit Sicherheit viele Jahre lang in Ehren gehalten werden.<\/p>\n<p>Investieren Sie noch heute in die S\u00fc\u00dfwasserperlen-Lariat-Halskette und erleben Sie die Sch\u00f6nheit und Eleganz dieses exquisiten Schmuckst\u00fccks.<\/p>","protected":false},"excerpt":{"rendered":"<ul>\n<li>20 Zoll (50cm-5cm)<\/li>\n<li>Messing 14k Gold<\/li>\n<li>6mm S\u00fc\u00dfwasserperle<\/li>\n<\/ul>","protected":false},"featured_media":6626,"comment_status":"open","ping_status":"closed","template":"","meta":[],"product_brand":[],"product_cat":[39],"product_tag":[],"class_list":{"0":"post-4363","1":"product","2":"type-product","3":"status-publish","4":"has-post-thumbnail","6":"product_cat-necklace-pendants-for-women","8":"first","9":"outofstock","10":"sale","11":"featured","12":"taxable","13":"shipping-taxable","14":"purchasable","15":"product-type-simple","16":"layout-style-6","17":"col-md-4 col-sm-4 col-xs-6","18":"col-lg-1-5","19":"product-has-gallery","20":"product-style-zoom"},"_links":{"self":[{"href":"https:\/\/www.jolyd.com\/de\/wp-json\/wp\/v2\/product\/4363","targetHints":{"allow":["GET"]}}],"collection":[{"href":"https:\/\/www.jolyd.com\/de\/wp-json\/wp\/v2\/product"}],"about":[{"href":"https:\/\/www.jolyd.com\/de\/wp-json\/wp\/v2\/types\/product"}],"replies":[{"embeddable":true,"href":"https:\/\/www.jolyd.com\/de\/wp-json\/wp\/v2\/comments?post=4363"}],"wp:featuredmedia":[{"embeddable":true,"href":"https:\/\/www.jolyd.com\/de\/wp-json\/wp\/v2\/media\/6626"}],"wp:attachment":[{"href":"https:\/\/www.jolyd.com\/de\/wp-json\/wp\/v2\/media?parent=4363"}],"wp:term":[{"taxonomy":"product_brand","embeddable":true,"href":"https:\/\/www.jolyd.com\/de\/wp-json\/wp\/v2\/product_brand?post=4363"},{"taxonomy":"product_cat","embeddable":true,"href":"https:\/\/www.jolyd.com\/de\/wp-json\/wp\/v2\/product_cat?post=4363"},{"taxonomy":"product_tag","embeddable":true,"href":"https:\/\/www.jolyd.com\/de\/wp-json\/wp\/v2\/product_tag?post=4363"}],"curies":[{"name":"wp","href":"https:\/\/api.w.org\/{rel}","templated":true}]}}