{"id":4866,"date":"2023-01-09T18:37:48","date_gmt":"2023-01-09T18:37:48","guid":{"rendered":"https:\/\/www.jolyd.com\/?post_type=product&#038;p=4866"},"modified":"2025-09-01T20:21:04","modified_gmt":"2025-09-01T20:21:04","slug":"perlmutter-halskette","status":"publish","type":"product","link":"https:\/\/www.jolyd.com\/de\/product\/mother-of-pearls-necklace\/","title":{"rendered":"Perlmutter-Halskette"},"content":{"rendered":"<p data-start=\"154\" data-end=\"772\">Unsere Abk\u00fcrzung, um in Sekundenschnelle bewusst gestylt auszusehen. Die <strong data-start=\"216\" data-end=\"245\">Perlmutter-Halskette<\/strong> ist eine leuchtende Mischung aus Perlmutt, S\u00fc\u00dfwasserperlen und Kristallglas, eingefasst in einen geschmeidigen <strong data-start=\"350\" data-end=\"367\">Metallgarn<\/strong> Strang, der sich mit Ihnen bewegt und bei jedem Schritt weiches Licht einf\u00e4ngt. Die besonders gro\u00dfz\u00fcgige <strong data-start=\"454\" data-end=\"472\">152,4 cm (60\u2033)<\/strong> Die L\u00e4nge ist das Geheimnis - tragen Sie es lang und schlank, <strong data-start=\"517\" data-end=\"549\">verdoppeln Sie es f\u00fcr sofortige Schichten<\/strong>, oder <strong data-start=\"554\" data-end=\"583\">am Schl\u00fcsselbein verknoten<\/strong> daf\u00fcr <em data-start=\"593\" data-end=\"609\">Ich plante dies<\/em> Vibe (ohne Anstrengung). Sie ist federleicht, schmeichelhaft und so konzipiert, dass sie immer wieder getragen werden kann - vom Kaffeeklatsch bis zum Abendessen bei Kerzenschein. Erleben Sie die Sch\u00f6nheit einer Perlmutter-Halskette, die sich jedem Anlass anpasst.<\/p>\n<p>Erleben Sie die Sch\u00f6nheit einer Perlenkette, die sich jedem Anlass anpasst.<\/p>\n<p data-start=\"774\" data-end=\"809\"><strong>Warum es Browser in K\u00e4ufer verwandelt<\/strong><\/p>\n<ul data-start=\"810\" data-end=\"1322\">\n<li data-start=\"810\" data-end=\"915\">\n<p data-start=\"812\" data-end=\"915\"><strong data-start=\"812\" data-end=\"831\">Sofortige Politur:<\/strong> ein Verschluss = mehrere Looks; kein Verheddern, kein R\u00e4tselraten - nur ruhiger Luxus auf Abruf.<\/p>\n<\/li>\n<li data-start=\"916\" data-end=\"1073\">\n<p data-start=\"918\" data-end=\"1073\"><strong data-start=\"918\" data-end=\"944\">Aufhellendes Strahlen im Gesicht:<\/strong> Nat\u00fcrliches Perlmutt und raffinierte Kristallfacetten reflektieren das Licht nach oben und sorgen f\u00fcr ein kamerataugliches Finish.<\/p>\n<\/li>\n<li data-start=\"1074\" data-end=\"1217\">\n<p data-start=\"1076\" data-end=\"1217\"><strong data-start=\"1076\" data-end=\"1107\">Garderobenfeste Vielseitigkeit:<\/strong> wertet T-Shirts auf, lockert Schneidereien auf und l\u00e4sst sich wunderbar mit Strick und Slips kombinieren - perfekt f\u00fcr den Tag und die Nacht, f\u00fcr den Alltag und das Wochenende.<\/p>\n<p>Die vielseitige Perlenkette ist ideal, um jedes Outfit aufzuwerten.<\/li>\n<li data-start=\"1218\" data-end=\"1322\">\n<p data-start=\"1220\" data-end=\"1322\"><strong data-start=\"1220\" data-end=\"1236\">Einfaches Reisen:<\/strong> l\u00e4sst sich flach verpacken und auf drei Arten stylen - wickeln, doppeln, knoten - so dass ein St\u00fcck die Arbeit von drei erledigt.<\/p>\n<\/li>\n<\/ul>\n<p data-start=\"1324\" data-end=\"1554\"><strong data-start=\"1324\" data-end=\"1346\">Materialien und Spezifikationen:<\/strong> <strong data-start=\"1347\" data-end=\"1364\">Metallisches Garn<\/strong> Strang; aufgereiht mit <strong data-start=\"1385\" data-end=\"1404\">Perlmutt<\/strong>, <strong data-start=\"1406\" data-end=\"1426\">S\u00fc\u00dfwasserperle<\/strong>und <strong data-start=\"1432\" data-end=\"1449\">Kristallglas<\/strong>; <strong data-start=\"1451\" data-end=\"1471\">L\u00e4nge: 152,4 cm<\/strong>.<\/p>\n<p data-start=\"1556\" data-end=\"1744\"><strong data-start=\"1556\" data-end=\"1579\">Weltweite Zustellung:<\/strong> Von \u00fcberall aus in den Warenkorb legen-JO&amp;LYD bietet <strong data-start=\"1620\" data-end=\"1647\">Kostenloser weltweiter Versand<\/strong>so dass Ihre neue Lieblingskette Sie \u00fcberallhin begleitet.<\/p>\n<p>Kaufen Sie in der Gewissheit ein, dass die Perlmutter-Halskette weltweit geliefert wird.<\/p>\n<p data-start=\"1746\" data-end=\"1763\"><strong>Wie man es stylt<\/strong><\/p>\n<ul data-start=\"1764\" data-end=\"2055\">\n<li data-start=\"1764\" data-end=\"1861\">\n<p data-start=\"1766\" data-end=\"1861\"><strong data-start=\"1766\" data-end=\"1787\">Minimalistisch und modern:<\/strong> Tragen Sie ihn lang \u00fcber einem wei\u00dfen T-Shirt und einem Blazer, um sich skandinavisch zu kleiden.<\/p>\n<\/li>\n<li data-start=\"1862\" data-end=\"1948\">\n<p data-start=\"1864\" data-end=\"1948\"><strong data-start=\"1864\" data-end=\"1880\">Layer-Liebhaber:<\/strong> Verdoppeln Sie sie und kombinieren Sie sie mit einer feinen Kette, um ihr Struktur zu verleihen, ohne sie zu \u00fcberladen.<\/p>\n<\/li>\n<li data-start=\"1949\" data-end=\"2055\">\n<p data-start=\"1951\" data-end=\"2055\"><strong data-start=\"1951\" data-end=\"1968\">Abendredaktion:<\/strong> Kn\u00fcpfen Sie ihn tief \u00fcber Seide oder Satin; f\u00fcgen Sie dezente Reifchen hinzu und lassen Sie den Glanz sprechen.<\/p>\n<p>Eine atemberaubende Perlenkette kann Ihren Abendlook im Handumdrehen ver\u00e4ndern.<\/li>\n<\/ul>\n<p data-start=\"2057\" data-end=\"2254\"><strong>Schenken, das ankommt<\/strong><br data-start=\"2075\" data-end=\"2078\" \/>Perlmutt symbolisiert Harmonie, Perlen stehen f\u00fcr Vertrauen und Anmut. Eine sinnvolle Wahl f\u00fcr Geburtstage, Brautjungfern, Bef\u00f6rderungen - oder ein wohlverdientes <em data-start=\"2230\" data-end=\"2246\">verw\u00f6hnen Sie sich selbst<\/em> Moment.<\/p>\n<p>Verschenken Sie eine Perlenkette, die jeder Feier eine besondere Note verleiht.<\/p>","protected":false},"excerpt":{"rendered":"<ul>\n<li>Metall: Metallic-Garn<\/li>\n<li>Perlen mit: Perlmutt, S\u00fc\u00dfwasserperle, Kristallglas<\/li>\n<li>L\u00e4nge der Halskette: 152,4 cm<br \/>\n<nav><\/nav>\n<\/li>\n<\/ul>","protected":false},"featured_media":6653,"comment_status":"open","ping_status":"closed","template":"","meta":[],"product_brand":[],"product_cat":[39],"product_tag":[],"class_list":{"0":"post-4866","1":"product","2":"type-product","3":"status-publish","4":"has-post-thumbnail","6":"product_cat-necklace-pendants-for-women","8":"first","9":"instock","10":"taxable","11":"shipping-taxable","12":"purchasable","13":"product-type-simple","14":"layout-style-6","15":"col-md-4 col-sm-4 col-xs-6","16":"col-lg-1-5","17":"product-has-gallery","18":"product-style-zoom"},"_links":{"self":[{"href":"https:\/\/www.jolyd.com\/de\/wp-json\/wp\/v2\/product\/4866","targetHints":{"allow":["GET"]}}],"collection":[{"href":"https:\/\/www.jolyd.com\/de\/wp-json\/wp\/v2\/product"}],"about":[{"href":"https:\/\/www.jolyd.com\/de\/wp-json\/wp\/v2\/types\/product"}],"replies":[{"embeddable":true,"href":"https:\/\/www.jolyd.com\/de\/wp-json\/wp\/v2\/comments?post=4866"}],"wp:featuredmedia":[{"embeddable":true,"href":"https:\/\/www.jolyd.com\/de\/wp-json\/wp\/v2\/media\/6653"}],"wp:attachment":[{"href":"https:\/\/www.jolyd.com\/de\/wp-json\/wp\/v2\/media?parent=4866"}],"wp:term":[{"taxonomy":"product_brand","embeddable":true,"href":"https:\/\/www.jolyd.com\/de\/wp-json\/wp\/v2\/product_brand?post=4866"},{"taxonomy":"product_cat","embeddable":true,"href":"https:\/\/www.jolyd.com\/de\/wp-json\/wp\/v2\/product_cat?post=4866"},{"taxonomy":"product_tag","embeddable":true,"href":"https:\/\/www.jolyd.com\/de\/wp-json\/wp\/v2\/product_tag?post=4866"}],"curies":[{"name":"wp","href":"https:\/\/api.w.org\/{rel}","templated":true}]}}