{"id":4915,"date":"2023-01-15T16:37:25","date_gmt":"2023-01-15T16:37:25","guid":{"rendered":"https:\/\/www.jolyd.com\/?post_type=product&#038;p=4915"},"modified":"2025-09-11T20:39:00","modified_gmt":"2025-09-11T20:39:00","slug":"halskette-aus-weisem-kristallglas-und-suswasserperlen","status":"publish","type":"product","link":"https:\/\/www.jolyd.com\/de\/product\/white-crystal-glass-and-freshwater-pearls-necklace\/","title":{"rendered":"Halskette aus wei\u00dfem Kristallglas und S\u00fc\u00dfwasserperlen"},"content":{"rendered":"<p>In der Welt des exquisiten Schmucks gibt es einige St\u00fccke, die sich durch ihre zeitlose Anziehungskraft auszeichnen und mit ihrer Sch\u00f6nheit die Herzen erobern. Zu diesen Sch\u00e4tzen geh\u00f6rt das <a href=\"https:\/\/www.jolyd.com\/de\/produkt\/crystal-glass-and-freshwater-pearls-necklace-2\/\" target=\"_blank\" rel=\"noopener\">Halskette aus wei\u00dfem Kristallglas und S\u00fc\u00dfwasserperlen<\/a> - eine hypnotisierende Mischung aus Raffinesse und Charme.<\/p>\n<p>Eine zarte Symphonie aus wei\u00dfen Kristallglasperlen und schimmernden S\u00fc\u00dfwasserperlen - diese Halskette strahlt eine \u00e4therische Anziehungskraft aus. Die Kristallglasperlen funkeln wie Sterne und reflektieren das Licht bei jeder Bewegung. Ihre transparente Beschaffenheit verleiht einen Hauch von Magie und wertet jedes Outfit m\u00fchelos auf.<\/p>\n<h2>Halskette aus wei\u00dfem Kristallglas und S\u00fc\u00dfwasserperlen<\/h2>\n<figure id=\"attachment_4917\" aria-describedby=\"caption-attachment-4917\" style=\"width: 240px\" class=\"wp-caption aligncenter\"><img loading=\"lazy\" decoding=\"async\" class=\"size-medium wp-image-4917\" src=\"https:\/\/www.jolyd.com\/wp-content\/uploads\/2023\/01\/Freshwater-Pearls-Necklace-240x300.jpg\" alt=\"S\u00fc\u00dfwasserperlen Halskette\" width=\"240\" height=\"300\" srcset=\"https:\/\/www.jolyd.com\/wp-content\/uploads\/2023\/01\/Freshwater-Pearls-Necklace-240x300.jpg 240w, https:\/\/www.jolyd.com\/wp-content\/uploads\/2023\/01\/Freshwater-Pearls-Necklace-80x100.jpg 80w, https:\/\/www.jolyd.com\/wp-content\/uploads\/2023\/01\/Freshwater-Pearls-Necklace-937x1171.jpg 937w, https:\/\/www.jolyd.com\/wp-content\/uploads\/2023\/01\/Freshwater-Pearls-Necklace-819x1024.jpg 819w, https:\/\/www.jolyd.com\/wp-content\/uploads\/2023\/01\/Freshwater-Pearls-Necklace-768x960.jpg 768w, https:\/\/www.jolyd.com\/wp-content\/uploads\/2023\/01\/Freshwater-Pearls-Necklace-1229x1536.jpg 1229w, https:\/\/www.jolyd.com\/wp-content\/uploads\/2023\/01\/Freshwater-Pearls-Necklace.jpg 1280w\" sizes=\"auto, (max-width: 240px) 100vw, 240px\" \/><figcaption id=\"caption-attachment-4917\" class=\"wp-caption-text\">S\u00fc\u00dfwasserperlen Halskette<\/figcaption><\/figure>\n<p>Die S\u00fc\u00dfwasserperlen strahlen in Kombination mit den Glasperlen eine Aura von Reinheit und Anmut aus. Ihr nat\u00fcrlicher Schimmer erg\u00e4nzt die Glasperlen und schafft eine bezaubernde Harmonie, die von zeitloser Eleganz zeugt.<\/p>\n<p>Die Vielseitigkeit dieser Halskette macht sie zu einem wahren Schmuckst\u00fcck in Ihrer Sammlung. Ganz gleich, ob Sie an einer glamour\u00f6sen Veranstaltung teilnehmen oder einfach Ihrem Alltagslook einen Hauch von Raffinesse verleihen m\u00f6chten, diese Kette ist die perfekte Wahl.<\/p>\n<p>Stellen Sie sich vor, Sie kombinieren es mit einem klassischen schwarzen Kleid f\u00fcr einen Abend oder schm\u00fccken es mit einem knackigen wei\u00dfen Hemd f\u00fcr einen Hauch von m\u00fcheloser Raffinesse. Die M\u00f6glichkeiten sind endlos, und jeder Moment, in dem Sie sie tragen, wird ein Beweis f\u00fcr Ihren einzigartigen Stil sein.<\/p>\n<p>Die Halskette aus wei\u00dfem Kristallglas und S\u00fc\u00dfwasserperlen hat mit ihrer dauerhaften Sch\u00f6nheit und au\u00dfergew\u00f6hnlichen Handwerkskunst das Potenzial, ein Erbst\u00fcck zu werden - ein gesch\u00e4tztes Andenken, das \u00fcber Generationen weitergegeben wird.<\/p>\n<p>Lassen Sie sich von der Anziehungskraft dieses zeitlosen Accessoires verf\u00fchren, das Ihre Anmut und Eleganz widerspiegelt. Setzen Sie ein Zeichen, schaffen Sie Erinnerungen und lassen Sie die Welt \u00fcber die Magie staunen, die sich entfaltet, wenn Sie den White Crystal Glass and <a href=\"https:\/\/www.instagram.com\/joandlyd\/\" target=\"_blank\" rel=\"noopener\">S\u00fc\u00dfwasserperlen Halskette<\/a>.<\/p>","protected":false},"excerpt":{"rendered":"<p>Halskette aus Zink und Metallic-Garn, mit Kristallglas und S\u00fc\u00dfwasserperlen besetzt<\/p>\n<ul>\n<li>Metall: Zink<\/li>\n<li>Material: Metallisch: Garne<\/li>\n<li>Perlen mit: Kristallglas, S\u00fc\u00dfwasserperle<\/li>\n<li>Halskette L\u00e4nge: 82\u00bd - 90 cm<\/li>\n<\/ul>\n<p>&nbsp;<\/p>\n<nav><\/nav>","protected":false},"featured_media":6649,"comment_status":"open","ping_status":"closed","template":"","meta":[],"product_brand":[],"product_cat":[39],"product_tag":[],"class_list":{"0":"post-4915","1":"product","2":"type-product","3":"status-publish","4":"has-post-thumbnail","6":"product_cat-necklace-pendants-for-women","8":"first","9":"instock","10":"featured","11":"taxable","12":"shipping-taxable","13":"purchasable","14":"product-type-simple","15":"layout-style-6","16":"col-md-4 col-sm-4 col-xs-6","17":"col-lg-1-5","18":"product-has-gallery","19":"product-style-zoom"},"_links":{"self":[{"href":"https:\/\/www.jolyd.com\/de\/wp-json\/wp\/v2\/product\/4915","targetHints":{"allow":["GET"]}}],"collection":[{"href":"https:\/\/www.jolyd.com\/de\/wp-json\/wp\/v2\/product"}],"about":[{"href":"https:\/\/www.jolyd.com\/de\/wp-json\/wp\/v2\/types\/product"}],"replies":[{"embeddable":true,"href":"https:\/\/www.jolyd.com\/de\/wp-json\/wp\/v2\/comments?post=4915"}],"wp:featuredmedia":[{"embeddable":true,"href":"https:\/\/www.jolyd.com\/de\/wp-json\/wp\/v2\/media\/6649"}],"wp:attachment":[{"href":"https:\/\/www.jolyd.com\/de\/wp-json\/wp\/v2\/media?parent=4915"}],"wp:term":[{"taxonomy":"product_brand","embeddable":true,"href":"https:\/\/www.jolyd.com\/de\/wp-json\/wp\/v2\/product_brand?post=4915"},{"taxonomy":"product_cat","embeddable":true,"href":"https:\/\/www.jolyd.com\/de\/wp-json\/wp\/v2\/product_cat?post=4915"},{"taxonomy":"product_tag","embeddable":true,"href":"https:\/\/www.jolyd.com\/de\/wp-json\/wp\/v2\/product_tag?post=4915"}],"curies":[{"name":"wp","href":"https:\/\/api.w.org\/{rel}","templated":true}]}}