{"id":4925,"date":"2023-01-15T18:47:12","date_gmt":"2023-01-15T18:47:12","guid":{"rendered":"https:\/\/www.jolyd.com\/?post_type=product&#038;p=4925"},"modified":"2025-09-01T16:25:27","modified_gmt":"2025-09-01T16:25:27","slug":"ohrringe-aus-925er-sterlingsilber-verziert-mit-suswasserperlen","status":"publish","type":"product","link":"https:\/\/www.jolyd.com\/de\/product\/925-sterling-silver-earrings-decorated-with-fresh-water-pearls\/","title":{"rendered":"925 Sterling Silber Ohrringe verziert mit S\u00fc\u00dfwasserperlen"},"content":{"rendered":"<p data-start=\"172\" data-end=\"677\">Wenn Sie Ihren Look bewusst gestalten m\u00f6chten, ohne sich anzustrengen, greifen Sie zu diesen <strong data-start=\"247\" data-end=\"316\">925 Sterling Silber Ohrringe verziert mit S\u00fc\u00dfwasserperlen<\/strong>. Ihre schlichte, langgestreckte Silhouette sitzt genau richtig am Ohr, f\u00e4ngt das weiche Licht ein, wenn Sie sich bewegen, und l\u00e4sst Ihr Gesicht (und jedes Foto) subtil erstrahlen. Gefertigt aus poliertem Sterlingsilber mit sorgf\u00e4ltig ausgew\u00e4hlten Perlen, sind sie heute und in vielen Jahren zeitlos - diese seltenen, <em data-start=\"587\" data-end=\"603\">Abnutzung durch Wiederholung<\/em> Ohrringe, die du neben dem Spiegel aufbewahren wirst. Diese atemberaubenden <strong data-start=\"247\" data-end=\"316\">925 Sterling Silber Ohrringe verziert mit S\u00fc\u00dfwasserperlen<\/strong> sind die perfekte Erg\u00e4nzung f\u00fcr jede Schmucksammlung.<\/p>\n<p data-start=\"679\" data-end=\"715\">Warum sie Besucher in K\u00e4ufer verwandeln<\/p>\n<ul data-start=\"716\" data-end=\"1149\">\n<li data-start=\"716\" data-end=\"797\">\n<p data-start=\"718\" data-end=\"797\"><strong data-start=\"718\" data-end=\"737\">Sofortige Politur:<\/strong> ein Verschluss und Ihr Outfit wird von \"gut\" zu <em data-start=\"784\" data-end=\"794\">fertig<\/em>.<\/p>\n<\/li>\n<li data-start=\"798\" data-end=\"929\">\n<p data-start=\"800\" data-end=\"929\"><strong data-start=\"800\" data-end=\"828\">Gesichtsaufhellender Glanz:<\/strong> Der nat\u00fcrliche Glanz der S\u00fc\u00dfwasserperlen zieht den Blick nach oben und sorgt f\u00fcr einen eleganten, kameratauglichen Effekt.<\/p>\n<\/li>\n<li data-start=\"930\" data-end=\"1031\">\n<p data-start=\"932\" data-end=\"1031\"><strong data-start=\"932\" data-end=\"955\">Komfort, den Sie bemerken:<\/strong> leichte Proportionen f\u00fcr ganzt\u00e4giges Tragen-<em data-start=\"1006\" data-end=\"1028\">Treffen zu Martinis<\/em>.<\/p>\n<\/li>\n<li data-start=\"1032\" data-end=\"1149\">\n<p data-start=\"1034\" data-end=\"1149\"><strong data-start=\"1034\" data-end=\"1053\">Garderobenfest:<\/strong> mit wei\u00dfen T-Shirts, Seidenslips, Strickwaren und einmal im Schneiderstil, \u00fcberall zu Hause.<\/p>\n<p>Erh\u00f6hen Sie Ihren Stil m\u00fchelos mit diesen <strong>925 Sterling Silber Ohrringe verziert mit S\u00fc\u00dfwasserperlen<\/strong>die vielseitig genug f\u00fcr jede Gelegenheit sind.<\/li>\n<\/ul>\n<p data-start=\"1151\" data-end=\"1402\"><strong data-start=\"1151\" data-end=\"1172\">Materialien und Spezifikationen<\/strong><br data-start=\"1172\" data-end=\"1175\" \/>Metall: <strong data-start=\"1182\" data-end=\"1205\">925er Sterlingsilber<\/strong> - Geschm\u00fcckt mit: <strong data-start=\"1222\" data-end=\"1246\">AAA-S\u00fc\u00dfwasserperle<\/strong> - Ausf\u00fchrung: poliertes Sterlingsilber - <strong data-start=\"1284\" data-end=\"1299\">Breite: 6 mm<\/strong> - <strong data-start=\"1302\" data-end=\"1319\">H\u00f6he: 18 mm<\/strong> -<\/p>\n<p data-start=\"1404\" data-end=\"1643\"><strong data-start=\"1404\" data-end=\"1435\">Globale Lieferung, die Sie lieben werden<\/strong><br data-start=\"1435\" data-end=\"1438\" \/>Wir versenden <strong data-start=\"1446\" data-end=\"1459\">weltweit<\/strong>-mit <strong data-start=\"1465\" data-end=\"1492\">Kostenloser weltweiter Versand<\/strong> die auf unserer Website hervorgehoben werden, damit diese Produkte zu Ihrem t\u00e4glichen Begleiter werden, egal wo Sie sind. Mit gutem Gewissen in den Warenkorb legen.<\/p>\n<p>Entdecken Sie die Eleganz von <strong>925 Sterling Silber Ohrringe verziert mit S\u00fc\u00dfwasserperlen<\/strong> die einen zeitlosen Charme in Ihre Alltagsoutfits bringt.<\/p>\n<p data-start=\"1645\" data-end=\"1662\"><em><strong>Wie man es stylt<\/strong><\/em><\/p>\n<ul data-start=\"1663\" data-end=\"1940\">\n<li data-start=\"1663\" data-end=\"1758\">\n<p data-start=\"1665\" data-end=\"1758\">Ein eleganter Pferdeschwanz und ein wei\u00dfes Hemd sorgen f\u00fcr eine ruhige, luxuri\u00f6se Ausstrahlung.<\/p>\n<\/li>\n<li data-start=\"1759\" data-end=\"1844\">\n<p data-start=\"1761\" data-end=\"1844\">Kombinieren Sie sie mit einer feinen Silberkette oder einer Perlenkette f\u00fcr ein stimmiges, modernes Set.<\/p>\n<\/li>\n<li data-start=\"1845\" data-end=\"1940\">\n<p data-start=\"1847\" data-end=\"1940\">F\u00fcr Anl\u00e4sse tragen Sie das Haar nach hinten und lassen den linearen Fall Ihre Gesichtsz\u00fcge umrahmen - raffiniert, aber nicht aufdringlich.<\/p>\n<p>Zeigen Sie Ihre Raffinesse mit <strong>925 Sterling Silber Ohrringe verziert mit S\u00fc\u00dfwasserperlen<\/strong>-eine elegante Wahl f\u00fcr raffinierte Anl\u00e4sse.<\/li>\n<\/ul>\n<p data-start=\"1942\" data-end=\"2120\"><strong>Sinnvolles Schenken<\/strong><br data-start=\"1965\" data-end=\"1968\" \/>Perlen symbolisieren Klarheit und Zuversicht - das perfekte Geschenk f\u00fcr Geburtstage, Abschlussfeiern, Bef\u00f6rderungen, Brautjungfern oder ein <i>eine besondere Freude f\u00fcr Sie selbst<\/i>.<\/p>\n<p data-start=\"2122\" data-end=\"2278\"><strong data-start=\"2122\" data-end=\"2141\">Mach sie zu deinen<\/strong><br data-start=\"2141\" data-end=\"2144\" \/>Klicken Sie auf <strong data-start=\"2150\" data-end=\"2165\">In den Warenkorb legen<\/strong> und sp\u00fcren Sie die stimmungsaufhellende Kraft eines Details, das jedes Outfit aufwertet - am Schreibtisch, beim Abendessen und bei allem, was dazwischen liegt.<\/p>\n<p>Verpassen Sie nicht den Besitz dieser einzigartigen <strong>925 Sterling Silber Ohrringe verziert mit S\u00fc\u00dfwasserperlen<\/strong> die Ihren Stil auf ein neues Niveau heben.<\/p>","protected":false},"excerpt":{"rendered":"<ul>\n<li>Metall: 925 Sterling Silber<\/li>\n<li>Verziert mit: AAA S\u00fc\u00dfwasserperle<\/li>\n<li>Beschichtung: 925 Silber<\/li>\n<li>Breite: 6 mm<\/li>\n<li>H\u00f6he: 18 mm<\/li>\n<\/ul>","protected":false},"featured_media":4926,"comment_status":"open","ping_status":"closed","template":"","meta":[],"product_brand":[],"product_cat":[40],"product_tag":[],"class_list":{"0":"post-4925","1":"product","2":"type-product","3":"status-publish","4":"has-post-thumbnail","6":"product_cat-earrings","8":"first","9":"instock","10":"taxable","11":"shipping-taxable","12":"purchasable","13":"product-type-simple","14":"layout-style-6","15":"col-md-4 col-sm-4 col-xs-6","16":"col-lg-1-5","17":"product-has-gallery","18":"product-style-zoom"},"_links":{"self":[{"href":"https:\/\/www.jolyd.com\/de\/wp-json\/wp\/v2\/product\/4925","targetHints":{"allow":["GET"]}}],"collection":[{"href":"https:\/\/www.jolyd.com\/de\/wp-json\/wp\/v2\/product"}],"about":[{"href":"https:\/\/www.jolyd.com\/de\/wp-json\/wp\/v2\/types\/product"}],"replies":[{"embeddable":true,"href":"https:\/\/www.jolyd.com\/de\/wp-json\/wp\/v2\/comments?post=4925"}],"wp:featuredmedia":[{"embeddable":true,"href":"https:\/\/www.jolyd.com\/de\/wp-json\/wp\/v2\/media\/4926"}],"wp:attachment":[{"href":"https:\/\/www.jolyd.com\/de\/wp-json\/wp\/v2\/media?parent=4925"}],"wp:term":[{"taxonomy":"product_brand","embeddable":true,"href":"https:\/\/www.jolyd.com\/de\/wp-json\/wp\/v2\/product_brand?post=4925"},{"taxonomy":"product_cat","embeddable":true,"href":"https:\/\/www.jolyd.com\/de\/wp-json\/wp\/v2\/product_cat?post=4925"},{"taxonomy":"product_tag","embeddable":true,"href":"https:\/\/www.jolyd.com\/de\/wp-json\/wp\/v2\/product_tag?post=4925"}],"curies":[{"name":"wp","href":"https:\/\/api.w.org\/{rel}","templated":true}]}}