{"id":4969,"date":"2023-01-28T17:10:53","date_gmt":"2023-01-28T17:10:53","guid":{"rendered":"https:\/\/www.jolyd.com\/?post_type=product&#038;p=4969"},"modified":"2025-09-01T16:10:39","modified_gmt":"2025-09-01T16:10:39","slug":"kreis-push-back-ohrringe","status":"publish","type":"product","link":"https:\/\/www.jolyd.com\/de\/product\/circle-push-back-earrings\/","title":{"rendered":"Runde Push-Back-Ohrringe"},"content":{"rendered":"<p data-start=\"153\" data-end=\"705\">Architektonische Linien, m\u00fcheloser Glanz. Die <strong data-start=\"196\" data-end=\"225\">Runde Push-Back-Ohrringe<\/strong> eine elegante Silberstange mit einem anmutigen offenen Kreis, der mit einem einzelnen <strong data-start=\"305\" data-end=\"325\">S\u00fc\u00dfwasserperle<\/strong> die bei jeder Bewegung weiches Licht einf\u00e4ngt. Der l\u00e4ngliche Fall sorgt f\u00fcr einen schmeichelhaften, gesichtsumrahmenden Effekt, der modern und raffiniert wirkt - perfekt f\u00fcr die Kombination mit einem wei\u00dfen T-Shirt, elegant mit einem Slip-Kleid und elegant mit einem Blazer. Gefertigt in <strong data-start=\"547\" data-end=\"576\">Massives 925er Sterlingsilber<\/strong> mit einer sicheren <strong data-start=\"591\" data-end=\"604\">Push-back<\/strong> Diese Ohrringe sind f\u00fcr ganzt\u00e4gigen Komfort und wiederholtes Tragen konzipiert.<\/p>\n<p data-start=\"707\" data-end=\"743\">Warum sie Besucher in K\u00e4ufer verwandeln<\/p>\n<ul data-start=\"744\" data-end=\"1365\">\n<li data-start=\"744\" data-end=\"942\">\n<p data-start=\"746\" data-end=\"942\"><strong data-start=\"746\" data-end=\"772\">Schmeichelnde Silhouette:<\/strong> Eine raffinierte Falll\u00e4nge von 75 mm lenkt den Blick nach oben und verl\u00e4ngert das Dekollet\u00e9; die Breite von 9 mm sorgt f\u00fcr ein schlankes, nicht klobiges Profil.<\/p>\n<\/li>\n<li data-start=\"943\" data-end=\"1089\">\n<p data-start=\"945\" data-end=\"1089\"><strong data-start=\"945\" data-end=\"965\">Leichtigkeit in der realen Welt:<\/strong> klassisch <strong data-start=\"974\" data-end=\"987\">Push-back<\/strong> Verschl\u00fcsse f\u00fchlen sich von morgens bis Mitternacht sicher und problemlos an.<\/p>\n<\/li>\n<li data-start=\"1090\" data-end=\"1249\">\n<p data-start=\"1092\" data-end=\"1249\"><strong data-start=\"1092\" data-end=\"1115\">Materielle Integrit\u00e4t:<\/strong> <strong data-start=\"1116\" data-end=\"1139\">925er Sterlingsilber<\/strong> + <strong data-start=\"1142\" data-end=\"1162\">S\u00fc\u00dfwasserperle<\/strong> f\u00fcr zeitlose Qualit\u00e4t, die Sie das ganze Jahr \u00fcber tragen k\u00f6nnen.<\/p>\n<\/li>\n<li data-start=\"1250\" data-end=\"1365\">\n<p data-start=\"1252\" data-end=\"1365\"><strong data-start=\"1252\" data-end=\"1277\">Die Kleiderordnung ist vielseitig:<\/strong> Dezent genug f\u00fcr den Alltag, auffallend genug f\u00fcr Hochzeiten, Arbeitsveranstaltungen und Rendezvous.<\/p>\n<\/li>\n<\/ul>\n<p data-start=\"1367\" data-end=\"1632\"><strong data-start=\"1367\" data-end=\"1388\">Materialien und Spezifikationen<\/strong><br data-start=\"1388\" data-end=\"1391\" \/>Metall: <strong data-start=\"1398\" data-end=\"1421\">925er Sterlingsilber<\/strong> - Stein: <strong data-start=\"1431\" data-end=\"1451\">S\u00fc\u00dfwasserperle<\/strong> - Typ Ohrring: <strong data-start=\"1468\" data-end=\"1481\">Push-back<\/strong> - <strong data-start=\"1484\" data-end=\"1501\">H\u00f6he: 75 mm<\/strong> - <strong data-start=\"1504\" data-end=\"1519\">Breite: 9 mm<\/strong>.<\/p>\n<p data-start=\"1367\" data-end=\"1632\"><strong data-start=\"1634\" data-end=\"1669\">Weltweite Lieferung, die Sie lieben werden:<\/strong> JO&amp;LYD liefert weltweit, mit <strong data-start=\"1698\" data-end=\"1725\">Kostenloser weltweiter Versand<\/strong> auf unserer Website und in sozialen Netzwerken hervorgehoben werden - und von \u00fcberall aus in den Warenkorb gelegt werden k\u00f6nnen.<\/p>\n<p data-start=\"1847\" data-end=\"2142\"><strong data-start=\"1847\" data-end=\"1866\">Wie man es stylt<\/strong><br data-start=\"1866\" data-end=\"1869\" \/>Lassen Sie die klare Geometrie einen Strick mit Rundhalsausschnitt oder eine Seiden-Cami verankern. Tragen Sie dazu eine feine Silberkette f\u00fcr subtilen Glanz oder eine Perlenkette, um den leuchtenden Tropfen zu unterstreichen. F\u00fcr den Abend k\u00f6nnen Sie Ihr Haar zur\u00fcckstecken und die lange Linie sprechen lassen - minimaler Aufwand, maximale Wirkung.<\/p>\n<p data-start=\"2144\" data-end=\"2307\"><strong data-start=\"2144\" data-end=\"2163\">Mach sie zu deinen<\/strong><br data-start=\"2163\" data-end=\"2166\" \/>Klicken Sie auf <strong data-start=\"2172\" data-end=\"2187\">In den Warenkorb legen<\/strong> und sp\u00fcren Sie die stille Zuversicht, die von einem perfekt durchdachten Detail ausgeht - einem Detail, das Ihren Look aufwertet, ohne sich anzustrengen.<\/p>","protected":false},"excerpt":{"rendered":"<p>925 Sterling Silber Bar und Kreis Push-Back-Ohrringe mit S\u00fc\u00dfwasserperlen verziert<\/p>\n<ul>\n<li>Metall: 925 Sterling Silber<\/li>\n<li>Verziert mit: S\u00fc\u00dfwasserperle<\/li>\n<li>Ohrring Typ: Push-Back<\/li>\n<li>Breite: 9 mm.<\/li>\n<li>H\u00f6he: 75 mm.<\/li>\n<\/ul>","protected":false},"featured_media":6630,"comment_status":"open","ping_status":"closed","template":"","meta":[],"product_brand":[],"product_cat":[40],"product_tag":[],"class_list":{"0":"post-4969","1":"product","2":"type-product","3":"status-publish","4":"has-post-thumbnail","6":"product_cat-earrings","8":"first","9":"instock","10":"taxable","11":"shipping-taxable","12":"purchasable","13":"product-type-simple","14":"layout-style-6","15":"col-md-4 col-sm-4 col-xs-6","16":"col-lg-1-5","17":"product-has-gallery","18":"product-style-zoom"},"_links":{"self":[{"href":"https:\/\/www.jolyd.com\/de\/wp-json\/wp\/v2\/product\/4969","targetHints":{"allow":["GET"]}}],"collection":[{"href":"https:\/\/www.jolyd.com\/de\/wp-json\/wp\/v2\/product"}],"about":[{"href":"https:\/\/www.jolyd.com\/de\/wp-json\/wp\/v2\/types\/product"}],"replies":[{"embeddable":true,"href":"https:\/\/www.jolyd.com\/de\/wp-json\/wp\/v2\/comments?post=4969"}],"wp:featuredmedia":[{"embeddable":true,"href":"https:\/\/www.jolyd.com\/de\/wp-json\/wp\/v2\/media\/6630"}],"wp:attachment":[{"href":"https:\/\/www.jolyd.com\/de\/wp-json\/wp\/v2\/media?parent=4969"}],"wp:term":[{"taxonomy":"product_brand","embeddable":true,"href":"https:\/\/www.jolyd.com\/de\/wp-json\/wp\/v2\/product_brand?post=4969"},{"taxonomy":"product_cat","embeddable":true,"href":"https:\/\/www.jolyd.com\/de\/wp-json\/wp\/v2\/product_cat?post=4969"},{"taxonomy":"product_tag","embeddable":true,"href":"https:\/\/www.jolyd.com\/de\/wp-json\/wp\/v2\/product_tag?post=4969"}],"curies":[{"name":"wp","href":"https:\/\/api.w.org\/{rel}","templated":true}]}}