{"id":5537,"date":"2023-03-19T12:01:18","date_gmt":"2023-03-19T12:01:18","guid":{"rendered":"https:\/\/www.jolyd.com\/?post_type=product&#038;p=5537"},"modified":"2025-09-01T15:42:04","modified_gmt":"2025-09-01T15:42:04","slug":"zitrinen-handgefertigter-ring","status":"publish","type":"product","link":"https:\/\/www.jolyd.com\/de\/product\/citrines-handmade-ring\/","title":{"rendered":"Handgefertigter Ring mit Zitrinen"},"content":{"rendered":"<p data-start=\"137\" data-end=\"865\">Wenn Sie m\u00f6chten, dass Ihr Schmuck <em data-start=\"167\" data-end=\"176\">mehr tun<\/em> als zu dekorieren, greifen Sie nach dem <strong data-start=\"206\" data-end=\"232\">Handgefertigter Ring mit Zitrinen<\/strong>. Leuchtende <strong data-start=\"243\" data-end=\"254\">Citrin<\/strong>Steine - Synonym f\u00fcr Optimismus und Klarheit - treffen auf frische <strong data-start=\"310\" data-end=\"322\">Peridote<\/strong>gr\u00fcn <strong data-start=\"332\" data-end=\"352\">Chrom-Diopside<\/strong>und eine einzige <strong data-start=\"367\" data-end=\"387\">S\u00fc\u00dfwasserperle<\/strong> f\u00fcr ein sanftes, aufhellendes Strahlen im Gesicht. Eingestellt <strong data-start=\"433\" data-end=\"456\">925er Sterlingsilber<\/strong> und veredelt mit luxuri\u00f6sen <strong data-start=\"480\" data-end=\"508\">3-Mikron 22K Gelbgold<\/strong> und <strong data-start=\"513\" data-end=\"531\">Grauruthenium<\/strong>Es ist die seltene Kombination aus W\u00e4rme und K\u00fchle, die perfekt zu allem passt: zu Jeans und wei\u00dfem Hemd, einem ma\u00dfgeschneiderten Blazer oder einem Seidenkleid. <strong data-start=\"661\" data-end=\"673\">Handgefertigt<\/strong> mit einer skulpturalen <strong data-start=\"692\" data-end=\"717\">obere Breite von ~1 1\/32\u2033.<\/strong>Das ist allt\u00e4glicher Luxus mit Pr\u00e4senz - komfortabel, geschmeidig und so gestaltet, dass er aus den richtigen Gr\u00fcnden auff\u00e4llt.<\/p>\n<p>Verleihen Sie Ihrer Sammlung einen Hauch von Eleganz mit dem exquisiten handgefertigten Ring aus Citrin, der nat\u00fcrliche Sch\u00f6nheit mit k\u00fcnstlerischer Handwerkskunst verbindet.<\/p>\n<p data-start=\"867\" data-end=\"903\">Warum sie Browser in K\u00e4ufer verwandelt:<\/p>\n<ul data-start=\"904\" data-end=\"1548\">\n<li data-start=\"904\" data-end=\"1056\">\n<p data-start=\"906\" data-end=\"1056\"><strong data-start=\"906\" data-end=\"938\">Farbpsychologie, die funktioniert:<\/strong> Der goldene Citrin spendet Energie, der gr\u00fcne Peridot\/Diopsid beruhigt - zusammen bringen sie neutrale Farben zum Strahlen und lassen Drucke bewusst wirken.<\/p>\n<p>Der handgefertigte Ring aus Zitrinen besticht nicht nur durch seine Sch\u00f6nheit, sondern tr\u00e4gt auch die emotionale Bedeutung der Steine in sich.<\/li>\n<li data-start=\"1057\" data-end=\"1226\">\n<p data-start=\"1059\" data-end=\"1226\"><strong data-start=\"1059\" data-end=\"1082\">Fadenlose Sicherheit:<\/strong> Die flachen, modernen Fassungen sch\u00fctzen die Edelsteine im Alltag - beim Kaffeekr\u00e4nzchen oder beim Abendessen mit einem Kunden.<\/p>\n<\/li>\n<li data-start=\"1227\" data-end=\"1384\">\n<p data-start=\"1229\" data-end=\"1384\"><strong data-start=\"1229\" data-end=\"1251\">Qualit\u00e4t im Langzeitspiel:<\/strong> <strong data-start=\"1252\" data-end=\"1270\">925 gepunzt<\/strong> Sterling mit hochwertiger Beschichtung, die wiederholtem Tragen und Schichtenbildung standh\u00e4lt.<\/p>\n<\/li>\n<li data-start=\"1385\" data-end=\"1548\">\n<p data-start=\"1387\" data-end=\"1548\"><strong data-start=\"1387\" data-end=\"1406\">Mit Sorgfalt hergestellt:<\/strong> <strong data-start=\"1407\" data-end=\"1419\">handgefertigt<\/strong>, mit einem <strong data-start=\"1429\" data-end=\"1463\">ca. 10 Tage Produktionszeit<\/strong>-weil durchdachte St\u00fccke schnelle Trends \u00fcberdauern.<\/p>\n<\/li>\n<\/ul>\n<p data-start=\"1550\" data-end=\"1812\"><strong data-start=\"1550\" data-end=\"1572\">Materialien und Spezifikationen:<\/strong> 925 Sterlingsilber; Citrin, Peridot, Chromdiopsid, S\u00fc\u00dfwasserperle; Plattierung: <strong data-start=\"1656\" data-end=\"1701\">3-Mikron 22K Gelbgold + graues Ruthenium<\/strong>gepunzt <strong data-start=\"1714\" data-end=\"1721\">925<\/strong>; obere Breite ~<strong data-start=\"1734\" data-end=\"1745\">1 1\/32\u2033<\/strong>.<\/p>\n<p data-start=\"1814\" data-end=\"1987\"><strong data-start=\"1814\" data-end=\"1851\">Globale Reichweite, skandinavische Wurzeln:<\/strong> Entworfen in Stockholm und weltweit versandt - damit Sie Ihren neuen Lieblingsring \u00fcberall finden, wo Sie sind.<\/p>\n<p>Dieser handgefertigte Ring aus Zitrinen ist perfekt f\u00fcr alle, die einzigartigen Schmuck zu sch\u00e4tzen wissen und ein Zeichen setzen wollen.<\/p>\n<p data-start=\"1989\" data-end=\"2211\"><strong data-start=\"1989\" data-end=\"2002\">Stil:<\/strong> Lassen Sie die goldenen Zitrinen eine warme Manik\u00fcre widerspiegeln, oder kombinieren Sie sie mit einem schmalen Gelbgoldarmband, das die 22-kar\u00e4tige Oberfl\u00e4che widerspiegelt. F\u00fcr einen k\u00fchlen Kontrast kombinieren Sie es mit einem silbernen Armband - dank der zweifarbigen Beschichtung passt es zu beidem.<\/p>\n<p data-start=\"2213\" data-end=\"2420\"><strong data-start=\"2213\" data-end=\"2238\">Verleihen Sie ihm einen Sinn:<\/strong> Der Citrin steht f\u00fcr Freude und neue Kapitel; der Peridot symbolisiert Erneuerung. Der handgefertigte Ring mit Zitrin ist ein perfektes Geschenk f\u00fcr besondere Momente. F\u00fcgen Sie eine kurze Notiz \u00fcber den Moment, den Sie feiern, hinzu - St\u00fccke, die mit Meilensteinen verbunden sind, werden h\u00e4ufiger getragen und l\u00e4nger geliebt.<\/p>\n<p data-start=\"2422\" data-end=\"2566\"><strong data-start=\"2422\" data-end=\"2440\">Machen Sie es zu Ihrem:<\/strong> In den Warenkorb legen und das ruhige Vertrauen eines Rings sp\u00fcren, der jede Geste aufwertet - vor der Kamera, an der Tastatur, am Tisch.<\/p>\n<p>Werten Sie Ihre Schmucksammlung mit dem handgefertigten Ring aus Zitrinen auf, der jedem Outfit Raffinesse und Charme verleiht.<\/p>","protected":false},"excerpt":{"rendered":"<ul>\n<li>Metall: 925 Sterling Silber<\/li>\n<li><label class=\"Cbx\" for=\"spec_4\">Einstellung Typ:<\/label>Edelsteine: S\u00fc\u00dfwasserperlen, Chrom-Diopside, Citrin, Peridot<\/li>\n<li>Beschichtung: 3 Mikron 22K Gelbgold, graues Ruthenium<\/li>\n<li>Punze: 925<\/li>\n<li>Handgefertigt<\/li>\n<li>Breite oben: 1 <sup>1<\/sup>\u2044<sub>32<\/sub>\u00a0Zoll\n<div class=\"tabs\">\n<div id=\"ShowProductDetail\" class=\"panel hr2top\">\n<div>\n<div class=\"order3table\"><\/div>\n<\/div>\n<\/div>\n<\/div>\n<\/li>\n<\/ul>\n<p><strong>Der Ring ist handgefertigt und die Produktionszeit betr\u00e4gt etwa 10 Tage.<\/strong><\/p>","protected":false},"featured_media":6621,"comment_status":"open","ping_status":"closed","template":"","meta":[],"product_brand":[],"product_cat":[41],"product_tag":[],"class_list":{"0":"post-5537","1":"product","2":"type-product","3":"status-publish","4":"has-post-thumbnail","6":"product_cat-rings","8":"first","9":"instock","10":"featured","11":"taxable","12":"shipping-taxable","13":"purchasable","14":"product-type-simple","15":"layout-style-6","16":"col-md-4 col-sm-4 col-xs-6","17":"col-lg-1-5","18":"product-has-gallery","19":"product-style-zoom"},"_links":{"self":[{"href":"https:\/\/www.jolyd.com\/de\/wp-json\/wp\/v2\/product\/5537","targetHints":{"allow":["GET"]}}],"collection":[{"href":"https:\/\/www.jolyd.com\/de\/wp-json\/wp\/v2\/product"}],"about":[{"href":"https:\/\/www.jolyd.com\/de\/wp-json\/wp\/v2\/types\/product"}],"replies":[{"embeddable":true,"href":"https:\/\/www.jolyd.com\/de\/wp-json\/wp\/v2\/comments?post=5537"}],"wp:featuredmedia":[{"embeddable":true,"href":"https:\/\/www.jolyd.com\/de\/wp-json\/wp\/v2\/media\/6621"}],"wp:attachment":[{"href":"https:\/\/www.jolyd.com\/de\/wp-json\/wp\/v2\/media?parent=5537"}],"wp:term":[{"taxonomy":"product_brand","embeddable":true,"href":"https:\/\/www.jolyd.com\/de\/wp-json\/wp\/v2\/product_brand?post=5537"},{"taxonomy":"product_cat","embeddable":true,"href":"https:\/\/www.jolyd.com\/de\/wp-json\/wp\/v2\/product_cat?post=5537"},{"taxonomy":"product_tag","embeddable":true,"href":"https:\/\/www.jolyd.com\/de\/wp-json\/wp\/v2\/product_tag?post=5537"}],"curies":[{"name":"wp","href":"https:\/\/api.w.org\/{rel}","templated":true}]}}