{"id":5540,"date":"2023-03-19T16:39:20","date_gmt":"2023-03-19T16:39:20","guid":{"rendered":"https:\/\/www.jolyd.com\/?post_type=product&#038;p=5540"},"modified":"2025-09-01T15:33:02","modified_gmt":"2025-09-01T15:33:02","slug":"ring-mit-gelben-saphiren","status":"publish","type":"product","link":"https:\/\/www.jolyd.com\/de\/product\/yellow-sapphires-ring\/","title":{"rendered":"Ring mit gelben Saphiren"},"content":{"rendered":"<p data-start=\"147\" data-end=\"718\">Hier ist der Ring, der jeden Look aufwertet. Der <strong data-start=\"188\" data-end=\"213\">Ring mit gelben Saphiren<\/strong> mischt leuchtend <strong data-start=\"230\" data-end=\"251\">S\u00fc\u00dfwasserperlen<\/strong> mit lebendigen <strong data-start=\"265\" data-end=\"285\">gelbe Saphire<\/strong> f\u00fcr einen Glanz, der poliert und nicht grell wirkt. Gefertigt aus <strong data-start=\"338\" data-end=\"361\">925er Sterlingsilber<\/strong> und veredelt mit luxuri\u00f6sen <strong data-start=\"385\" data-end=\"413\">3-Mikron 22K Gelbgold<\/strong> und <strong data-start=\"418\" data-end=\"443\">Wei\u00dfrhodinierung<\/strong>Es ist die seltene Mischung aus Statement und Leichtigkeit, die Sie immer wieder tragen werden. Die <strong data-start=\"513\" data-end=\"532\">verstellbares Band<\/strong> Die sicheren, flachen Fassungen sorgen daf\u00fcr, dass die Steine glatt bleiben und sich beim t\u00e4glichen Tragen nicht verfangen.<\/p>\n<p>Das elegante, handgefertigte <strong>Ring mit gelben Saphiren<\/strong> ist ein unverzichtbares Accessoire, das jedes Outfit aufwertet.<\/p>\n<p data-start=\"720\" data-end=\"755\">Warum es Herzen (und Outfits) gewinnt:<\/p>\n<ul data-start=\"756\" data-end=\"1358\">\n<li data-start=\"756\" data-end=\"917\">\n<p data-start=\"758\" data-end=\"917\"><strong data-start=\"758\" data-end=\"785\">Gesichtsaufhellende Farbe:<\/strong> Der sonnige Saphirton und der sanfte Perlmuttglanz lassen Ihre H\u00e4nde auf Fotos und in der Realit\u00e4t dezent erstrahlen.<\/p>\n<p>Diese <strong>Ring mit gelben Saphiren<\/strong> passt sowohl zu legeren als auch zu formellen Anl\u00e4ssen und ist somit vielseitig einsetzbar.<\/li>\n<li data-start=\"918\" data-end=\"1064\">\n<p data-start=\"920\" data-end=\"1064\"><strong data-start=\"920\" data-end=\"942\">Vertrauen in die Passgenauigkeit:<\/strong> die <strong data-start=\"947\" data-end=\"961\">einstellbar<\/strong> Das Design macht das R\u00e4tselraten \u00fcber die Gr\u00f6\u00dfe \u00fcberfl\u00fcssig - Finger umdrehen, stapeln, wiederholen.<\/p>\n<\/li>\n<li data-start=\"1065\" data-end=\"1225\">\n<p data-start=\"1067\" data-end=\"1225\"><strong data-start=\"1067\" data-end=\"1089\">Luxus in der realen Welt:<\/strong> <strong data-start=\"1090\" data-end=\"1102\">handgefertigt<\/strong>mit ungef\u00e4hr <strong data-start=\"1123\" data-end=\"1134\">10 Tage<\/strong> der Produktion, denn die betrachteten St\u00fccke sind es wert.<\/p>\n<p>Mit seinem einzigartigen Design ist der <strong>Ring mit gelben Saphiren<\/strong> hebt sich als ein St\u00fcck Luxus in der realen Welt ab.<\/li>\n<li data-start=\"1226\" data-end=\"1358\">\n<p data-start=\"1228\" data-end=\"1358\"><strong data-start=\"1228\" data-end=\"1256\">Sozialer Beweis und Eigendynamik:<\/strong> getaggt <b>Hei\u00df\" und \"vorr\u00e4tig<\/b>-Eink\u00e4ufer sind bereits begeistert.<\/p>\n<\/li>\n<\/ul>\n<p data-start=\"1360\" data-end=\"1621\"><strong data-start=\"1360\" data-end=\"1382\">Materialien und Spezifikationen:<\/strong> 925 Sterlingsilber; S\u00fc\u00dfwasserperlen; gelbe Saphire; Plattierung: <strong data-start=\"1450\" data-end=\"1494\">3-Mikron 22K Gelbgold + Wei\u00dfrhodium<\/strong>; <strong data-start=\"1496\" data-end=\"1510\">einstellbar<\/strong> Band; <strong data-start=\"1517\" data-end=\"1529\">handgefertigt<\/strong> (\u224810-Tage-Produktion). Aktueller Preis: <strong data-start=\"1567\" data-end=\"1582\">1.800,00 kr<\/strong>.<\/p>\n<p data-start=\"1623\" data-end=\"1783\"><strong data-start=\"1623\" data-end=\"1648\">Versand, den Sie lieben werden:<\/strong> JO&amp;LYD bietet <strong data-start=\"1663\" data-end=\"1690\">kostenloser weltweiter Versand<\/strong>So k\u00f6nnen Sie von \u00fcberall aus vertrauensvoll in Ihren Warenkorb legen.<\/p>\n<p data-start=\"1785\" data-end=\"1963\"><strong data-start=\"1785\" data-end=\"1798\">Stil:<\/strong> Lassen Sie die warmen Saphire vor einer nudefarbenen Manik\u00fcre aufblitzen; kombinieren Sie sie mit einem schmalen Goldband, um den 22-Karat-Glanz zu unterstreichen, oder halten Sie es minimalistisch und lassen Sie die Perlen den Weichzeichner-Zauber machen.<\/p>\n<p data-start=\"1965\" data-end=\"2128\"><strong data-start=\"1965\" data-end=\"1983\">Machen Sie es zu Ihrem:<\/strong> Klicken Sie auf <strong data-start=\"1990\" data-end=\"2005\">In den Warenkorb legen<\/strong> und sp\u00fcren Sie den sofortigen Auftrieb, den ein durchdacht gestalteter Ring mit sich bringt - beim Kaffeetrinken, bei Kundenterminen und bei einem Date gleicherma\u00dfen.<\/p>\n<p>Die exquisite Handwerkskunst des <strong>Ring mit gelben Saphiren<\/strong> sorgt daf\u00fcr, dass Sie sich jahrelang an diesem St\u00fcck erfreuen werden.<\/p>","protected":false},"excerpt":{"rendered":"<p class=\"wt-text-body-01 wt-line-height-tight wt-break-word wt-mt-xs-1\" data-buy-box-listing-title=\"true\">Verstellbarer Ring aus 925er Sterlingsilber, mit S\u00fc\u00dfwasserperlen und gelben Saphiren, \u00fcberzogen mit 3 Mikron 22K Gelbgold und wei\u00dfem Rhodium.<\/p>\n<p data-buy-box-listing-title=\"true\"><strong>Der Ring ist handgefertigt und die Produktionszeit betr\u00e4gt etwa 10 Tage.<\/strong><\/p>","protected":false},"featured_media":6620,"comment_status":"open","ping_status":"closed","template":"","meta":[],"product_brand":[],"product_cat":[41],"product_tag":[],"class_list":{"0":"post-5540","1":"product","2":"type-product","3":"status-publish","4":"has-post-thumbnail","6":"product_cat-rings","8":"first","9":"instock","10":"featured","11":"sold-individually","12":"taxable","13":"shipping-taxable","14":"purchasable","15":"product-type-simple","16":"layout-style-6","17":"col-md-4 col-sm-4 col-xs-6","18":"col-lg-1-5","19":"product-has-gallery","20":"product-style-zoom"},"_links":{"self":[{"href":"https:\/\/www.jolyd.com\/de\/wp-json\/wp\/v2\/product\/5540","targetHints":{"allow":["GET"]}}],"collection":[{"href":"https:\/\/www.jolyd.com\/de\/wp-json\/wp\/v2\/product"}],"about":[{"href":"https:\/\/www.jolyd.com\/de\/wp-json\/wp\/v2\/types\/product"}],"replies":[{"embeddable":true,"href":"https:\/\/www.jolyd.com\/de\/wp-json\/wp\/v2\/comments?post=5540"}],"wp:featuredmedia":[{"embeddable":true,"href":"https:\/\/www.jolyd.com\/de\/wp-json\/wp\/v2\/media\/6620"}],"wp:attachment":[{"href":"https:\/\/www.jolyd.com\/de\/wp-json\/wp\/v2\/media?parent=5540"}],"wp:term":[{"taxonomy":"product_brand","embeddable":true,"href":"https:\/\/www.jolyd.com\/de\/wp-json\/wp\/v2\/product_brand?post=5540"},{"taxonomy":"product_cat","embeddable":true,"href":"https:\/\/www.jolyd.com\/de\/wp-json\/wp\/v2\/product_cat?post=5540"},{"taxonomy":"product_tag","embeddable":true,"href":"https:\/\/www.jolyd.com\/de\/wp-json\/wp\/v2\/product_tag?post=5540"}],"curies":[{"name":"wp","href":"https:\/\/api.w.org\/{rel}","templated":true}]}}