{"id":5543,"date":"2023-03-19T17:08:24","date_gmt":"2023-03-19T17:08:24","guid":{"rendered":"https:\/\/www.jolyd.com\/?post_type=product&#038;p=5543"},"modified":"2025-09-01T19:12:35","modified_gmt":"2025-09-01T19:12:35","slug":"peridot-ring","status":"publish","type":"product","link":"https:\/\/www.jolyd.com\/de\/product\/peridot-ring\/","title":{"rendered":"Peridot Ring"},"content":{"rendered":"<p data-start=\"137\" data-end=\"716\">Eine Farbe, die Ihre ganze Stimmung ver\u00e4ndert. Die <strong data-start=\"177\" data-end=\"202\">Peridot-Saphir-Ring<\/strong> mischt sich das frische, apfelgr\u00fcne Leuchten der <strong data-start=\"241\" data-end=\"252\">Peridot<\/strong> mit der unglaublichen Tiefe der <strong data-start=\"276\" data-end=\"293\">blauer Saphir<\/strong>akzentuiert durch heitere <strong data-start=\"314\" data-end=\"326\">Prehnit<\/strong>-ein Trio, das jedem Hautton schmeichelt und neutrale Outfits sofort gewollt aussehen l\u00e4sst. Handgefertigt in <strong data-start=\"434\" data-end=\"457\">925er Sterlingsilber<\/strong> und luxuri\u00f6s <strong data-start=\"474\" data-end=\"514\">plattiert mit 3 Mikron 22K Gelbgold<\/strong>Es ist die seltene Mischung aus Raffinesse und Leichtigkeit, zu der Sie immer wieder greifen werden. (Derzeit markiert <strong data-start=\"613\" data-end=\"625\">Ausverkauft<\/strong>-Add to Wishlist, um als Erster dran zu sein, wenn es wieder da ist.)<\/p>\n<p data-start=\"718\" data-end=\"753\">Warum es Browser in K\u00e4ufer verwandelt<\/p>\n<ul data-start=\"754\" data-end=\"1487\">\n<li data-start=\"754\" data-end=\"881\">\n<p data-start=\"756\" data-end=\"881\"><strong data-start=\"756\" data-end=\"788\">Farbpsychologie, die funktioniert:<\/strong> Ein anregender gr\u00fcner Peridot gepaart mit einem beruhigenden blauen Saphir ergibt eine ausgewogene, vertrauenserweckende Farbpalette.<\/p>\n<\/li>\n<li data-start=\"882\" data-end=\"984\">\n<p data-start=\"884\" data-end=\"984\"><strong data-start=\"884\" data-end=\"904\">Ruhige Aussage:<\/strong> Ein schlankes, schn\u00f6rkelloses Design, das sowohl vor der Kamera als auch im wirklichen Leben \u00fcberzeugt, ohne zu schreien.<\/p>\n<\/li>\n<li data-start=\"985\" data-end=\"1154\">\n<p data-start=\"987\" data-end=\"1154\"><strong data-start=\"987\" data-end=\"1013\">Dauerhaftigkeit in der realen Welt:<\/strong> hergestellt in <strong data-start=\"1022\" data-end=\"1036\">925er Silber<\/strong> mit Pr\u00e4mie <strong data-start=\"1050\" data-end=\"1070\">22K-Vergoldung<\/strong> f\u00fcr ein sattes Finish, das f\u00fcr wiederholtes Tragen ausgelegt ist.<\/p>\n<\/li>\n<li data-start=\"1155\" data-end=\"1309\">\n<p data-start=\"1157\" data-end=\"1309\"><strong data-start=\"1157\" data-end=\"1179\">Vielseitiges Styling:<\/strong> Elegant solo, auffallend mit schmalen goldenen oder silbernen B\u00e4ndern kombiniert; wertet Jeans auf, sch\u00e4rft Schneidereien und macht die Abendgarderobe weicher.<\/p>\n<\/li>\n<li data-start=\"1310\" data-end=\"1487\">\n<p data-start=\"1312\" data-end=\"1487\"><strong data-start=\"1312\" data-end=\"1335\">Bedeutungsvolle Geschenke: Der Saphir symbolisiert Treue und Weisheit, <\/strong>w\u00e4hrend der Peridot mit Erneuerung und guter Energie in Verbindung gebracht wird - perfekt f\u00fcr Geburtstage, Meilensteine und \"<em>du verdienst das<\/em>Momente\".<\/p>\n<\/li>\n<\/ul>\n<p data-start=\"1489\" data-end=\"1765\"><strong>Materialien und Spezifikationen<\/strong><br data-start=\"1506\" data-end=\"1509\" \/><strong data-start=\"1509\" data-end=\"1523\">Edelsteine:<\/strong> blauer Saphir, Peridot, Prehnit - <strong data-start=\"1559\" data-end=\"1569\">Metall:<\/strong> 925er Sterlingsilber - <strong data-start=\"1592\" data-end=\"1603\">Beenden:<\/strong> 3-Mikron 22K Gelbgold-Plattierung.<\/p>\n<p data-start=\"1767\" data-end=\"1784\"><strong>Wie man es stylt<\/strong><\/p>\n<ul data-start=\"1785\" data-end=\"2076\">\n<li data-start=\"1785\" data-end=\"1851\">\n<p data-start=\"1787\" data-end=\"1851\">Lassen Sie die Gr\u00fcn- und Blaut\u00f6ne vor einer nudefarbenen oder milchigen Manik\u00fcre aufblitzen.<\/p>\n<\/li>\n<li data-start=\"1852\" data-end=\"1973\">\n<p data-start=\"1854\" data-end=\"1973\">Kreieren Sie einen modernen Stapel mit einem d\u00fcnnen Goldband (um den 22K-Glanz widerzuspiegeln) oder einem schmalen Silberband (um die k\u00fchlen T\u00f6ne zu betonen).<\/p>\n<\/li>\n<li data-start=\"1974\" data-end=\"2076\">\n<p data-start=\"1976\" data-end=\"2076\">Kombiniert mit Peridot- oder Saphir-Ohrsteckern ergibt sich ein stimmiges, poliertes Set - vom Schreibtisch bis zum Abendessen, vom Wochentag bis zum Wochenende.<\/p>\n<\/li>\n<\/ul>\n<p data-start=\"2078\" data-end=\"2253\">In den Warenkorb kopieren (wenn er zur\u00fcck ist)<br data-start=\"2107\" data-end=\"2110\" \/>Tippen Sie auf . <b>Zur Wunschliste hinzuf\u00fcgen\" und wir werden Sie benachrichtigen<\/b>\u00a0Sie, sobald es wieder da ist. St\u00fccke, die Komplimente hervorrufen, sind schnell vergriffen - verpassen Sie nicht Ihre Gr\u00f6\u00dfe.<\/p>","protected":false},"excerpt":{"rendered":"<p>925 Sterling Silber Ring, verziert mit blauem Saphir, Peridot und Prehnit, plattiert mit 3 Mikron 22K Gelbgold<\/p>","protected":false},"featured_media":6627,"comment_status":"open","ping_status":"closed","template":"","meta":[],"product_brand":[],"product_cat":[41],"product_tag":[491,492],"class_list":{"0":"post-5543","1":"product","2":"type-product","3":"status-publish","4":"has-post-thumbnail","6":"product_cat-rings","7":"product_tag-handmade","8":"product_tag-silver","10":"first","11":"outofstock","12":"taxable","13":"shipping-taxable","14":"purchasable","15":"product-type-simple","16":"layout-style-6","17":"col-md-4 col-sm-4 col-xs-6","18":"col-lg-1-5","19":"product-has-gallery","20":"product-style-zoom"},"_links":{"self":[{"href":"https:\/\/www.jolyd.com\/de\/wp-json\/wp\/v2\/product\/5543","targetHints":{"allow":["GET"]}}],"collection":[{"href":"https:\/\/www.jolyd.com\/de\/wp-json\/wp\/v2\/product"}],"about":[{"href":"https:\/\/www.jolyd.com\/de\/wp-json\/wp\/v2\/types\/product"}],"replies":[{"embeddable":true,"href":"https:\/\/www.jolyd.com\/de\/wp-json\/wp\/v2\/comments?post=5543"}],"wp:featuredmedia":[{"embeddable":true,"href":"https:\/\/www.jolyd.com\/de\/wp-json\/wp\/v2\/media\/6627"}],"wp:attachment":[{"href":"https:\/\/www.jolyd.com\/de\/wp-json\/wp\/v2\/media?parent=5543"}],"wp:term":[{"taxonomy":"product_brand","embeddable":true,"href":"https:\/\/www.jolyd.com\/de\/wp-json\/wp\/v2\/product_brand?post=5543"},{"taxonomy":"product_cat","embeddable":true,"href":"https:\/\/www.jolyd.com\/de\/wp-json\/wp\/v2\/product_cat?post=5543"},{"taxonomy":"product_tag","embeddable":true,"href":"https:\/\/www.jolyd.com\/de\/wp-json\/wp\/v2\/product_tag?post=5543"}],"curies":[{"name":"wp","href":"https:\/\/api.w.org\/{rel}","templated":true}]}}