{"id":5552,"date":"2023-03-20T20:14:41","date_gmt":"2023-03-20T20:14:41","guid":{"rendered":"https:\/\/www.jolyd.com\/?post_type=product&#038;p=5552"},"modified":"2026-03-11T20:44:23","modified_gmt":"2026-03-11T20:44:23","slug":"einfadel-ohrringe","status":"publish","type":"product","link":"https:\/\/www.jolyd.com\/de\/product\/threader-earrings\/","title":{"rendered":"Sterling Silber Einf\u00e4del-Ohrringe"},"content":{"rendered":"<p>Wir stellen Ihnen unser exquisites 925er Sterling Silber vor. <a href=\"https:\/\/www.jolyd.com\/de\/produkt\/einfadel-ohrringe\/\"><strong>Einf\u00e4del-Ohrring<\/strong><\/a>s mit S\u00fc\u00dfwasserperlen. Diese <a href=\"https:\/\/www.instagram.com\/joandlyd\/\" target=\"_blank\" rel=\"noopener\">elegante Ohrringe<\/a> sind der Inbegriff von Raffinesse und Stil. Jeder Ohrring wurde mit Sorgfalt gefertigt und verf\u00fcgt \u00fcber ein zartes Einf\u00e4deldesign, das m\u00fchelos durch Ihr Ohrl\u00e4ppchen gleitet und einen atemberaubenden Baumeleffekt erzeugt. Die aus hochwertigem 925er Silber gefertigten Ohrringe sind nicht nur wundersch\u00f6n, sondern auch langlebig, so dass sie jahrelang halten. Die <a href=\"https:\/\/www.jolyd.com\/de\/\">S\u00fc\u00dfwasserperlen<\/a> einen Hauch von nat\u00fcrlicher Sch\u00f6nheit und Eleganz in diese ohnehin schon <strong>atemberaubende Ohrringe<\/strong>Damit sind sie das perfekte Accessoire f\u00fcr jede Gelegenheit.<\/p>\n<h4><strong>Einf\u00e4del-Ohrringe<\/strong><\/h4>\n<p>Ganz gleich, ob Sie sich f\u00fcr einen besonderen Anlass herausputzen oder Ihrem Alltagslook einen Hauch von Luxus verleihen m\u00f6chten, diese Threader-Ohrringe sind die perfekte Wahl. Ihr zeitloses Design passt zu jedem Outfit, von leger bis formell, und verleiht Ihrem Ensemble einen Hauch von Raffinesse. Verbessern Sie Ihr <a href=\"https:\/\/www.jolyd.com\/de\/\"><strong>Schmucksammlung<\/strong><\/a> mit diesen exquisiten Einf\u00e4del-Ohrringen, und machen Sie einen <a href=\"https:\/\/www.jolyd.com\/de\/\"><strong>perfektes Schmuckgeschenk<\/strong><\/a> f\u00fcr sich selbst oder eine geliebte Person. Lassen Sie sich von der Sch\u00f6nheit und Eleganz dieser 925er Silberohrringe mit S\u00fc\u00dfwasserperlen verzaubern und setzen Sie ein mutiges Modestatement, wohin Sie auch gehen.<\/p>","protected":false},"excerpt":{"rendered":"<ul>\n<li>Breite: 7 mm<\/li>\n<li>H\u00f6he: 5 cm<\/li>\n<li>925 Sterling Silber<\/li>\n<li>S\u00fc\u00dfwasserperle<\/li>\n<\/ul>","protected":false},"featured_media":6616,"comment_status":"open","ping_status":"closed","template":"","meta":[],"product_brand":[],"product_cat":[40],"product_tag":[],"class_list":{"0":"post-5552","1":"product","2":"type-product","3":"status-publish","4":"has-post-thumbnail","6":"product_cat-earrings","8":"first","9":"instock","10":"taxable","11":"shipping-taxable","12":"purchasable","13":"product-type-simple","14":"layout-style-6","15":"col-md-4 col-sm-4 col-xs-6","16":"col-lg-1-5","17":"product-has-gallery","18":"product-style-zoom"},"_links":{"self":[{"href":"https:\/\/www.jolyd.com\/de\/wp-json\/wp\/v2\/product\/5552","targetHints":{"allow":["GET"]}}],"collection":[{"href":"https:\/\/www.jolyd.com\/de\/wp-json\/wp\/v2\/product"}],"about":[{"href":"https:\/\/www.jolyd.com\/de\/wp-json\/wp\/v2\/types\/product"}],"replies":[{"embeddable":true,"href":"https:\/\/www.jolyd.com\/de\/wp-json\/wp\/v2\/comments?post=5552"}],"wp:featuredmedia":[{"embeddable":true,"href":"https:\/\/www.jolyd.com\/de\/wp-json\/wp\/v2\/media\/6616"}],"wp:attachment":[{"href":"https:\/\/www.jolyd.com\/de\/wp-json\/wp\/v2\/media?parent=5552"}],"wp:term":[{"taxonomy":"product_brand","embeddable":true,"href":"https:\/\/www.jolyd.com\/de\/wp-json\/wp\/v2\/product_brand?post=5552"},{"taxonomy":"product_cat","embeddable":true,"href":"https:\/\/www.jolyd.com\/de\/wp-json\/wp\/v2\/product_cat?post=5552"},{"taxonomy":"product_tag","embeddable":true,"href":"https:\/\/www.jolyd.com\/de\/wp-json\/wp\/v2\/product_tag?post=5552"}],"curies":[{"name":"wp","href":"https:\/\/api.w.org\/{rel}","templated":true}]}}