{"id":6288,"date":"2024-04-13T14:32:09","date_gmt":"2024-04-13T14:32:09","guid":{"rendered":"https:\/\/www.jolyd.com\/?post_type=product&#038;p=6288"},"modified":"2025-08-31T01:05:58","modified_gmt":"2025-08-31T01:05:58","slug":"jolyd-verstellbarer-ring","status":"publish","type":"product","link":"https:\/\/www.jolyd.com\/de\/product\/jolyd-adjustable-ring\/","title":{"rendered":"JO&amp;LYD Verstellbarer Ring"},"content":{"rendered":"<p data-start=\"151\" data-end=\"681\" data-rm-block-id=\"block-1\">Das ist der Ring, der sich Ihnen anpasst. Der <strong data-start=\"189\" data-end=\"215\">JO&amp;LYD Verstellbarer Ring<\/strong> mischt leuchtend <strong data-start=\"232\" data-end=\"253\">S\u00fc\u00dfwasserperlen<\/strong> mit <strong data-start=\"259\" data-end=\"282\">925er Sterlingsilber<\/strong>reichhaltig ausgestattet mit <strong data-start=\"303\" data-end=\"331\">3-Mikron 22K Gelbgold<\/strong> und <strong data-start=\"336\" data-end=\"354\">Grauruthenium<\/strong> f\u00fcr eine moderne, zweifarbige Ausstrahlung. Die <strong data-start=\"388\" data-end=\"407\">verstellbares Band<\/strong> bedeutet eine bequeme, sichere Passform - heute, morgen und in vielen Jahren - so dass Sie die Finger wechseln oder stapeln k\u00f6nnen, ohne an der Gr\u00f6\u00dfe zu zweifeln. Gepunzt <strong data-start=\"555\" data-end=\"562\">925<\/strong> Es ist ein elegantes, skulpturales St\u00fcck, das sich so gut anf\u00fchlt, wie es aussieht.<\/p>\n<p data-start=\"683\" data-end=\"718\" data-rm-block-id=\"block-2\">Warum es Herzen (und Outfits) gewinnt:<\/p>\n<ul data-start=\"719\" data-end=\"1278\">\n<li data-start=\"719\" data-end=\"863\">\n<p data-start=\"721\" data-end=\"863\" data-rm-block-id=\"block-3\"><strong data-start=\"721\" data-end=\"749\">Gesichtsaufhellender Glanz:<\/strong> Echte S\u00fc\u00dfwasserperlen fangen sanftes Licht ein und sorgen f\u00fcr ein strahlendes Aussehen.<\/p>\n<\/li>\n<li data-start=\"864\" data-end=\"1020\">\n<p data-start=\"866\" data-end=\"1020\" data-rm-block-id=\"block-4\"><strong data-start=\"866\" data-end=\"891\">Zweifarbige Vielseitigkeit:<\/strong> Warmes 22-kar\u00e4tiges Gold trifft auf k\u00fchles Ruthenium - passt m\u00fchelos sowohl zu Gold- als auch zu Silberschmuck.<\/p>\n<\/li>\n<li data-start=\"1021\" data-end=\"1154\">\n<p data-start=\"1023\" data-end=\"1154\" data-rm-block-id=\"block-5\"><strong data-start=\"1023\" data-end=\"1045\">Vertrauen in die Passgenauigkeit:<\/strong> Das verstellbare Design beseitigt die Angst vor Gr\u00f6\u00dfenunterschieden und l\u00e4dt zum t\u00e4glichen Tragen ein.<\/p>\n<\/li>\n<li data-start=\"1155\" data-end=\"1278\">\n<p data-start=\"1157\" data-end=\"1278\" data-rm-block-id=\"block-6\"><strong data-start=\"1157\" data-end=\"1175\">Trendige Auswahl:<\/strong> aufgef\u00fchrt als <strong data-start=\"1186\" data-end=\"1193\">Hei\u00df<\/strong> auf der Website - weil zeitlos gefragt sein kann.<\/p>\n<\/li>\n<\/ul>\n<p data-start=\"1280\" data-end=\"1511\" data-rm-block-id=\"block-7\"><strong data-start=\"1280\" data-end=\"1302\">Materialien und Spezifikationen:<\/strong> 925er Sterlingsilber; S\u00fc\u00dfwasserperlen; <strong data-start=\"1343\" data-end=\"1397\">Beschichtung: 3-Mikron 22K Gelbgold + graues Ruthenium<\/strong>; <strong data-start=\"1399\" data-end=\"1417\">gepunzt 925<\/strong>; <strong data-start=\"1419\" data-end=\"1441\">Breite oben ~7\/8 Zoll.<\/strong> Aktueller Preis: <strong data-start=\"1457\" data-end=\"1472\">1.500,00 kr<\/strong>.<\/p>\n<p data-start=\"1513\" data-end=\"1655\" data-rm-block-id=\"block-8\"><strong data-start=\"1513\" data-end=\"1533\">Globale Lieferung:<\/strong> JO&amp;LYD bietet <strong data-start=\"1548\" data-end=\"1575\">kostenloser weltweiter Versand<\/strong>-Ihr neuer Lieblingsring, wo immer Sie sind.<\/p>\n<p data-start=\"1657\" data-end=\"1866\" data-rm-block-id=\"block-9\"><strong data-start=\"1657\" data-end=\"1670\">Stil:<\/strong> Lassen Sie die Perlen mit einer nudefarbenen Manik\u00fcre in den Mittelpunkt r\u00fccken, oder kombinieren Sie sie mit einem schmalen Goldband, um das warme 22K-Finish widerzuspiegeln. F\u00fcr den Abend k\u00f6nnen Sie zarte Perlenstecker hinzuf\u00fcgen, um ein koh\u00e4rentes Set zu kreieren, das ins Auge f\u00e4llt.<\/p>\n<p data-start=\"1868\" data-end=\"2019\" data-rm-block-id=\"block-10\"><strong data-start=\"1868\" data-end=\"1886\">Machen Sie es zu Ihrem:<\/strong> Legen Sie den Adjustable Ring in den Warenkorb und sp\u00fcren Sie den sofortigen Auftrieb, den ein durchdachtes Accessoire verleiht - bei jedem Kaffee, jeder Tastatur und beim Klirren eines Glases.<\/p>","protected":false},"excerpt":{"rendered":"<ul>\n<li>Metall: 925 Sterling Silber<\/li>\n<li>Verziert mit: S\u00fc\u00dfwasserperlen<\/li>\n<li>Beschichtung: 3 Mikron 22K Gelbgold, graues Ruthenium<\/li>\n<li>Punze: 925<\/li>\n<li>\n<div class=\"product-title-box\">\n<div id=\"ShowProductDisplay\">\n<p>Obere Breite:\u00a0<sup>7<\/sup>\u2044<sub>8<\/sub>\u00a0Zoll<\/p>\n<\/div>\n<\/div>\n<div class=\"product2column\"><\/div>\n<\/li>\n<\/ul>\n<div class=\"CheckOption\"><\/div>\n<p>&nbsp;<\/p>","protected":false},"featured_media":6492,"comment_status":"open","ping_status":"closed","template":"","meta":[],"product_brand":[],"product_cat":[41],"product_tag":[491,492],"class_list":{"0":"post-6288","1":"product","2":"type-product","3":"status-publish","4":"has-post-thumbnail","6":"product_cat-rings","7":"product_tag-handmade","8":"product_tag-silver","10":"first","11":"instock","12":"featured","13":"taxable","14":"shipping-taxable","15":"purchasable","16":"product-type-simple","17":"layout-style-6","18":"col-md-4 col-sm-4 col-xs-6","19":"col-lg-1-5","20":"product-has-gallery","21":"product-style-zoom"},"_links":{"self":[{"href":"https:\/\/www.jolyd.com\/de\/wp-json\/wp\/v2\/product\/6288","targetHints":{"allow":["GET"]}}],"collection":[{"href":"https:\/\/www.jolyd.com\/de\/wp-json\/wp\/v2\/product"}],"about":[{"href":"https:\/\/www.jolyd.com\/de\/wp-json\/wp\/v2\/types\/product"}],"replies":[{"embeddable":true,"href":"https:\/\/www.jolyd.com\/de\/wp-json\/wp\/v2\/comments?post=6288"}],"wp:featuredmedia":[{"embeddable":true,"href":"https:\/\/www.jolyd.com\/de\/wp-json\/wp\/v2\/media\/6492"}],"wp:attachment":[{"href":"https:\/\/www.jolyd.com\/de\/wp-json\/wp\/v2\/media?parent=6288"}],"wp:term":[{"taxonomy":"product_brand","embeddable":true,"href":"https:\/\/www.jolyd.com\/de\/wp-json\/wp\/v2\/product_brand?post=6288"},{"taxonomy":"product_cat","embeddable":true,"href":"https:\/\/www.jolyd.com\/de\/wp-json\/wp\/v2\/product_cat?post=6288"},{"taxonomy":"product_tag","embeddable":true,"href":"https:\/\/www.jolyd.com\/de\/wp-json\/wp\/v2\/product_tag?post=6288"}],"curies":[{"name":"wp","href":"https:\/\/api.w.org\/{rel}","templated":true}]}}