{"id":6300,"date":"2024-04-13T17:24:31","date_gmt":"2024-04-13T17:24:31","guid":{"rendered":"https:\/\/www.jolyd.com\/?post_type=product&#038;p=6300"},"modified":"2025-08-31T00:55:38","modified_gmt":"2025-08-31T00:55:38","slug":"ring-mit-blauem-saphir","status":"publish","type":"product","link":"https:\/\/www.jolyd.com\/de\/product\/blue-sapphire-ring\/","title":{"rendered":"Blauer Saphir Ring"},"content":{"rendered":"<p data-start=\"134\" data-end=\"511\" data-rm-block-id=\"block-1\">K\u00f6nnten Sie den Ring kennenlernen, der f\u00fcr Sie das Styling \u00fcbernimmt? Die <strong data-start=\"183\" data-end=\"205\">Blauer Saphir Ring<\/strong> sorgt daf\u00fcr, dass Sie sofort gut aussehen - egal, ob Sie ein knackiges wei\u00dfes Hemd oder Ihren Lieblingsstrickpullover tragen. Das tiefe, leuchtende Blau f\u00e4ngt das Licht ein, l\u00e4sst Ihre H\u00e4nde erstrahlen und setzt einen raffinierten Farbakzent, der elegant und nicht aufdringlich wirkt. Es ist die Art von Kleidungsst\u00fcck, die Sie den ganzen Tag ansehen und denken werden, <em data-start=\"502\" data-end=\"510\">Oh ja<\/em>.<\/p>\n<p data-start=\"513\" data-end=\"546\" data-rm-block-id=\"block-2\">Warum es Herzen (und Outfits) gewinnt:<\/p>\n<ul data-start=\"547\" data-end=\"1146\">\n<li data-start=\"547\" data-end=\"653\">\n<p data-start=\"549\" data-end=\"653\" data-rm-block-id=\"block-3\"><strong data-start=\"549\" data-end=\"571\">M\u00fchelose Wirkung:<\/strong> eine schlanke, edelsteinbetonte Silhouette = maximaler Glanz ohne \u00dcbertreibung.<\/p>\n<\/li>\n<li data-start=\"654\" data-end=\"775\">\n<p data-start=\"656\" data-end=\"775\" data-rm-block-id=\"block-4\"><strong data-start=\"656\" data-end=\"680\">Gesichtsschmeichelnder Farbton:<\/strong> Der blaue Saphir k\u00fchlt und kl\u00e4rt optisch - wundersch\u00f6n zu jedem Hautton und jeder Nagelfarbe.<\/p>\n<\/li>\n<li data-start=\"776\" data-end=\"913\">\n<p data-start=\"778\" data-end=\"913\" data-rm-block-id=\"block-5\"><strong data-start=\"778\" data-end=\"805\">Vom Alltag zum Event:<\/strong> Dezent genug f\u00fcr den Alltag, auffallend genug f\u00fcr ein Abendessen, einen Hochzeitsbesuch oder eine Feier zu einem besonderen Anlass.<\/p>\n<\/li>\n<li data-start=\"914\" data-end=\"1051\">\n<p data-start=\"916\" data-end=\"1051\" data-rm-block-id=\"block-6\"><strong data-start=\"916\" data-end=\"940\">Eine sinnvolle Wahl:<\/strong> Der Saphir ist der Geburtsstein des Monats September und ein Symbol f\u00fcr Treue, Weisheit und Ruhe - ideal zum Verschenken (oder Behalten).<\/p>\n<\/li>\n<li data-start=\"1052\" data-end=\"1146\">\n<p data-start=\"1054\" data-end=\"1146\" data-rm-block-id=\"block-7\"><strong data-start=\"1054\" data-end=\"1073\">Schichtfreundlich:<\/strong> l\u00e4sst sich gut mit schmalen Armb\u00e4ndern und Armreifen kombinieren und ergibt eine moderne, pers\u00f6nliche Kombination.<\/p>\n<\/li>\n<\/ul>\n<p data-start=\"1265\" data-end=\"1467\" data-rm-block-id=\"block-8\"><strong data-start=\"1265\" data-end=\"1278\">Stil:<\/strong> Kombinieren Sie sie mit einer nudefarbenen Manik\u00fcre und einem feinen Gold- oder Silberarmband f\u00fcr einen Hauch von Luxus. M\u00f6chten Sie etwas Gewagtes? Kombinieren Sie ihn mit einem strukturierten Ring oder einem schmalen Ewigkeitsring - lassen Sie den Saphir im Mittelpunkt stehen.<\/p>\n<p data-start=\"1469\" data-end=\"1690\" data-rm-block-id=\"block-9\"><strong data-start=\"1469\" data-end=\"1491\">Schenken leicht gemacht:<\/strong> Hervorragend geeignet f\u00fcr Geburtstage (hallo, September!), Jahrestage, Brautjungfern oder einen \"neuen Job\"-Moment. F\u00fcgen Sie eine kurze Notiz dar\u00fcber hinzu, was sie erreicht hat - St\u00fccke, die mit Meilensteinen verbunden sind, werden l\u00e4nger getragen und geliebt.<\/p>\n<p data-start=\"1692\" data-end=\"1865\" data-rm-block-id=\"block-10\"><strong data-start=\"1692\" data-end=\"1710\">Machen Sie es zu Ihrem:<\/strong> F\u00fcgen Sie die <a href=\"https:\/\/www.jolyd.com\/de\/produkt\/ring-mit-blauem-saphir\/\">Blauer Saphir Ring<\/a> zum Einkaufswagen und sp\u00fcren Sie den sofortigen Auftrieb, den ein wirklich durchdachtes Accessoire verleiht - jedes Mal, wenn Sie nach Ihrem Kaffee, Ihrer Tastatur oder Ihrer Clutch greifen.<\/p>","protected":false},"excerpt":{"rendered":"<ul>\n<li>Metall: 925 Sterling Silber<\/li>\n<li>Edelsteine: Blauer Saphir, Smaragd, Tansanit<\/li>\n<li>Beschichtung: 3 Mikron 22K Gelbgold, Wei\u00df Rhodium<\/li>\n<li>Punze: 925<\/li>\n<li>Handgefertigt<\/li>\n<li>Gr\u00f6\u00dfe: 7 (USA)<\/li>\n<\/ul>","protected":false},"featured_media":6490,"comment_status":"open","ping_status":"closed","template":"","meta":[],"product_brand":[],"product_cat":[41],"product_tag":[491,492],"class_list":{"0":"post-6300","1":"product","2":"type-product","3":"status-publish","4":"has-post-thumbnail","6":"product_cat-rings","7":"product_tag-handmade","8":"product_tag-silver","10":"first","11":"instock","12":"featured","13":"taxable","14":"shipping-taxable","15":"purchasable","16":"product-type-simple","17":"new","18":"layout-style-6","19":"col-md-4 col-sm-4 col-xs-6","20":"col-lg-1-5","21":"product-has-gallery","22":"product-style-zoom"},"_links":{"self":[{"href":"https:\/\/www.jolyd.com\/de\/wp-json\/wp\/v2\/product\/6300","targetHints":{"allow":["GET"]}}],"collection":[{"href":"https:\/\/www.jolyd.com\/de\/wp-json\/wp\/v2\/product"}],"about":[{"href":"https:\/\/www.jolyd.com\/de\/wp-json\/wp\/v2\/types\/product"}],"replies":[{"embeddable":true,"href":"https:\/\/www.jolyd.com\/de\/wp-json\/wp\/v2\/comments?post=6300"}],"wp:featuredmedia":[{"embeddable":true,"href":"https:\/\/www.jolyd.com\/de\/wp-json\/wp\/v2\/media\/6490"}],"wp:attachment":[{"href":"https:\/\/www.jolyd.com\/de\/wp-json\/wp\/v2\/media?parent=6300"}],"wp:term":[{"taxonomy":"product_brand","embeddable":true,"href":"https:\/\/www.jolyd.com\/de\/wp-json\/wp\/v2\/product_brand?post=6300"},{"taxonomy":"product_cat","embeddable":true,"href":"https:\/\/www.jolyd.com\/de\/wp-json\/wp\/v2\/product_cat?post=6300"},{"taxonomy":"product_tag","embeddable":true,"href":"https:\/\/www.jolyd.com\/de\/wp-json\/wp\/v2\/product_tag?post=6300"}],"curies":[{"name":"wp","href":"https:\/\/api.w.org\/{rel}","templated":true}]}}