{"id":6331,"date":"2024-04-21T17:53:17","date_gmt":"2024-04-21T17:53:17","guid":{"rendered":"https:\/\/www.jolyd.com\/?post_type=product&#038;p=6331"},"modified":"2025-08-31T00:31:53","modified_gmt":"2025-08-31T00:31:53","slug":"hochwertige-liebesperlenkette","status":"publish","type":"product","link":"https:\/\/www.jolyd.com\/de\/product\/high-quality-love-pearl-necklace\/","title":{"rendered":"Liebe Perlenkette"},"content":{"rendered":"<p data-start=\"138\" data-end=\"654\" data-rm-block-id=\"block-1\">Ich finde es toll, dass man es jeden Tag tragen kann. Die <strong data-start=\"176\" data-end=\"199\">Liebe Perlenkette<\/strong> ist die Art von Kleidungsst\u00fcck, die ein Outfit im Stillen verwandelt - sie wertet ein einfaches T-Shirt auf, lockert einen ma\u00dfgeschneiderten Blazer auf und verleiht Abendlooks leuchtende Romantik. Von Hand aufgef\u00e4delte S\u00fc\u00dfwasserperlen fangen das Licht mit einem schmeichelhaften, gesichtsaufhellenden Schimmer ein, w\u00e4hrend die von der Liebe inspirierte, kragenartige Silhouette wundersch\u00f6n allein oder mit einer feinen Kette \u00fcbereinander getragen werden kann. Sie ist zeitlos, feminin und m\u00fchelos modern - die Definition von \"Sie werden immer wieder danach greifen\". Au\u00dferdem ist die <strong>Barocke Perlenkette<\/strong> unterstreicht die allgemeine Eleganz eines jeden Ensembles.<\/p>\n<p data-start=\"656\" data-end=\"675\" data-rm-block-id=\"block-2\">Warum es Herzen gewinnt:<\/p>\n<ul data-start=\"676\" data-end=\"1115\">\n<li data-start=\"676\" data-end=\"780\">\n<p data-start=\"678\" data-end=\"780\" data-rm-block-id=\"block-3\"><strong data-start=\"678\" data-end=\"697\">Sofortige Politur:<\/strong> Ziehen Sie ihn an, und Ihr Look wirkt gewollt und elegant - kein langes Nachdenken erforderlich.<\/p>\n<\/li>\n<li data-start=\"781\" data-end=\"904\">\n<p data-start=\"783\" data-end=\"904\" data-rm-block-id=\"block-4\"><strong data-start=\"783\" data-end=\"805\">Schmeichelhafter Glanz:<\/strong> Nat\u00fcrliche S\u00fc\u00dfwasserperlen reflektieren das Licht sanft auf das Gesicht und sorgen so f\u00fcr den \"Du siehst toll aus\"-Effekt.<\/p>\n<\/li>\n<li data-start=\"905\" data-end=\"1014\">\n<p data-start=\"907\" data-end=\"1014\" data-rm-block-id=\"block-5\"><strong data-start=\"907\" data-end=\"936\">Vom Brunch bis zur Abendgarderobe:<\/strong> vielseitig genug f\u00fcr den t\u00e4glichen Gebrauch, besondere Anl\u00e4sse und alles dazwischen.<\/p>\n<\/li>\n<li data-start=\"1015\" data-end=\"1115\">\n<p data-start=\"1017\" data-end=\"1115\" data-rm-block-id=\"block-6\"><strong data-start=\"1017\" data-end=\"1032\">Geschenktauglich:<\/strong> eine sinnvolle Wahl f\u00fcr Geburtstage, Jahrestage, Brautjungfern und \"einfach so\".<\/p>\n<\/li>\n<\/ul>\n<p data-start=\"1117\" data-end=\"1302\" data-rm-block-id=\"block-7\"><strong data-start=\"1117\" data-end=\"1139\">Materialien und Spezifikationen:<\/strong> S\u00fc\u00dfwasser <strong data-start=\"1151\" data-end=\"1162\">Barock<\/strong> Perlen (ca. <strong data-start=\"1179\" data-end=\"1189\">7-8 mm<\/strong>) in einem von der Liebe inspirierten Kragendesign; f\u00fcr ganzt\u00e4gigen Tragekomfort konzipiert<\/p>\n<p data-start=\"1485\" data-end=\"1636\" data-rm-block-id=\"block-8\"><strong data-start=\"1485\" data-end=\"1498\">Stil:<\/strong> Lassen Sie ihn \u00fcber einen Rundhalsausschnitt drapieren, kombinieren Sie ihn mit einer zarten Kette f\u00fcr mehr Struktur oder mit Perlensteckern f\u00fcr einen stimmigen, modernen, klassischen Look.<\/p>\n<p data-start=\"1638\" data-end=\"1795\" data-rm-block-id=\"block-9\"><strong data-start=\"1638\" data-end=\"1656\">Machen Sie es zu Ihrem:<\/strong> Legen Sie die Love Pearl Necklace in Ihren Einkaufswagen und treten Sie in diese ruhige, selbstbewusste und sch\u00f6n gestaltete Energie ein - noch heute. (Wir versenden weltweit.)<\/p>\n<p data-start=\"1117\" data-end=\"1302\" data-rm-block-id=\"block-10\">","protected":false},"excerpt":{"rendered":"<ul>\n<li>S\u00fc\u00dfwasserperle<\/li>\n<li>16 Zoll<\/li>\n<li>Kette:  Legierung<\/li>\n<li>\n<div class=\"left\" data-spm-anchor-id=\"a2700.details.0.i42.71aa7f44UizOQS\">Perlendurchmesser: 7-8mm<\/div>\n<\/li>\n<li>Vergoldet<\/li>\n<\/ul>","protected":false},"featured_media":6487,"comment_status":"open","ping_status":"closed","template":"","meta":[],"product_brand":[],"product_cat":[39],"product_tag":[491,492],"class_list":{"0":"post-6331","1":"product","2":"type-product","3":"status-publish","4":"has-post-thumbnail","6":"product_cat-necklace-pendants-for-women","7":"product_tag-handmade","8":"product_tag-silver","10":"first","11":"instock","12":"featured","13":"taxable","14":"shipping-taxable","15":"purchasable","16":"product-type-simple","17":"new","18":"layout-style-6","19":"col-md-4 col-sm-4 col-xs-6","20":"col-lg-1-5","21":"product-has-gallery","22":"product-style-zoom"},"_links":{"self":[{"href":"https:\/\/www.jolyd.com\/de\/wp-json\/wp\/v2\/product\/6331","targetHints":{"allow":["GET"]}}],"collection":[{"href":"https:\/\/www.jolyd.com\/de\/wp-json\/wp\/v2\/product"}],"about":[{"href":"https:\/\/www.jolyd.com\/de\/wp-json\/wp\/v2\/types\/product"}],"replies":[{"embeddable":true,"href":"https:\/\/www.jolyd.com\/de\/wp-json\/wp\/v2\/comments?post=6331"}],"wp:featuredmedia":[{"embeddable":true,"href":"https:\/\/www.jolyd.com\/de\/wp-json\/wp\/v2\/media\/6487"}],"wp:attachment":[{"href":"https:\/\/www.jolyd.com\/de\/wp-json\/wp\/v2\/media?parent=6331"}],"wp:term":[{"taxonomy":"product_brand","embeddable":true,"href":"https:\/\/www.jolyd.com\/de\/wp-json\/wp\/v2\/product_brand?post=6331"},{"taxonomy":"product_cat","embeddable":true,"href":"https:\/\/www.jolyd.com\/de\/wp-json\/wp\/v2\/product_cat?post=6331"},{"taxonomy":"product_tag","embeddable":true,"href":"https:\/\/www.jolyd.com\/de\/wp-json\/wp\/v2\/product_tag?post=6331"}],"curies":[{"name":"wp","href":"https:\/\/api.w.org\/{rel}","templated":true}]}}