{"id":6335,"date":"2024-04-21T19:01:05","date_gmt":"2024-04-21T19:01:05","guid":{"rendered":"https:\/\/www.jolyd.com\/?post_type=product&#038;p=6335"},"modified":"2025-09-11T20:27:12","modified_gmt":"2025-09-11T20:27:12","slug":"schnallenhalskette","status":"publish","type":"product","link":"https:\/\/www.jolyd.com\/de\/product\/buckle-necklace\/","title":{"rendered":"Schnalle Halskette"},"content":{"rendered":"<p>Wir pr\u00e4sentieren unsere exquisite 43 cm lange Buckle-Halskette, ein zeitloses St\u00fcck, das Eleganz und Raffinesse ausstrahlt. Diese mit viel Liebe zum Detail gefertigte Halskette kombiniert die nat\u00fcrliche Sch\u00f6nheit von S\u00fc\u00dfwasserperlen mit einem einzigartigen Schnallendesign und ist damit ein atemberaubendes Accessoire, das jedes Outfit aufwertet.<\/p>\n<p>Mit einer L\u00e4nge von 43 cm liegt die Kette perfekt um den Hals und betont das Dekollet\u00e9 der Tr\u00e4gerin auf angenehme Weise. Das gl\u00e4nzende <a href=\"https:\/\/www.jolyd.com\/de\/\">S\u00fc\u00dfwasserperlen<\/a> in diesem Design weisen einen nat\u00fcrlichen Schimmer auf, der das Licht reflektiert und dem Gesamtbild einen Hauch von Strahlkraft verleiht.<\/p>\n<h4><strong>Schnalle Halskette<\/strong><\/h4>\n<p>Das Besondere an dieser Buckle-Halskette ist das Schnallendesign, das der klassischen Perlenkette einen modernen Twist verleiht. Die Schlie\u00dfe ist fein gearbeitet und pr\u00e4sentiert die <a href=\"https:\/\/www.instagram.com\/joandlyd\/\" target=\"_blank\" rel=\"noopener\">Perlen<\/a> Die Kette ist anmutig und bildet einen auff\u00e4lligen Blickfang, der einen modernen Akzent setzt. Diese Halskette hinterl\u00e4sst einen bleibenden Eindruck, egal ob sie zu einem besonderen Anlass oder als Alltags-Accessoire getragen wird.<\/p>\n<p>Diese Halskette wurde aus hochwertigen Materialien gefertigt und auf Langlebigkeit geachtet, damit Sie jahrelang Freude an ihr haben. Dank ihres zeitlosen Designs l\u00e4sst sie sich vom Tag bis zum Abend tragen und ist somit eine vielseitige Wahl f\u00fcr jede Garderobe.<\/p>\n<p>Vervollst\u00e4ndigen Sie Ihre Kollektion mit unserer 43 cm langen Buckle-S\u00fc\u00dfwasserperlenkette, der perfekten Mischung aus <a href=\"http:\/\/www.jolyd.com\/de\/\">klassische Eleganz<\/a> und modernen Stil. Setzen Sie mit diesem exquisiten St\u00fcck ein Zeichen f\u00fcr Raffinesse und Eleganz.<\/p>","protected":false},"excerpt":{"rendered":"<ul>\n<li>S\u00fc\u00dfwasserperlen<\/li>\n<li>43cm<\/li>\n<li>\n<div class=\"attribute-item\">\n<div class=\"right\">\n<p><span data-spm-anchor-id=\"a2700.wholesale.0.i83.3c4a5619KrTSzy\">Vergoldet<\/span><\/p>\n<\/div>\n<\/div>\n<div class=\"attribute-item\"><\/div>\n<\/li>\n<\/ul>","protected":false},"featured_media":6486,"comment_status":"open","ping_status":"closed","template":"","meta":[],"product_brand":[],"product_cat":[39],"product_tag":[491,492],"class_list":{"0":"post-6335","1":"product","2":"type-product","3":"status-publish","4":"has-post-thumbnail","6":"product_cat-necklace-pendants-for-women","7":"product_tag-handmade","8":"product_tag-silver","10":"first","11":"instock","12":"featured","13":"taxable","14":"shipping-taxable","15":"purchasable","16":"product-type-simple","17":"new","18":"layout-style-6","19":"col-md-4 col-sm-4 col-xs-6","20":"col-lg-1-5","21":"product-has-gallery","22":"product-style-zoom"},"_links":{"self":[{"href":"https:\/\/www.jolyd.com\/de\/wp-json\/wp\/v2\/product\/6335","targetHints":{"allow":["GET"]}}],"collection":[{"href":"https:\/\/www.jolyd.com\/de\/wp-json\/wp\/v2\/product"}],"about":[{"href":"https:\/\/www.jolyd.com\/de\/wp-json\/wp\/v2\/types\/product"}],"replies":[{"embeddable":true,"href":"https:\/\/www.jolyd.com\/de\/wp-json\/wp\/v2\/comments?post=6335"}],"wp:featuredmedia":[{"embeddable":true,"href":"https:\/\/www.jolyd.com\/de\/wp-json\/wp\/v2\/media\/6486"}],"wp:attachment":[{"href":"https:\/\/www.jolyd.com\/de\/wp-json\/wp\/v2\/media?parent=6335"}],"wp:term":[{"taxonomy":"product_brand","embeddable":true,"href":"https:\/\/www.jolyd.com\/de\/wp-json\/wp\/v2\/product_brand?post=6335"},{"taxonomy":"product_cat","embeddable":true,"href":"https:\/\/www.jolyd.com\/de\/wp-json\/wp\/v2\/product_cat?post=6335"},{"taxonomy":"product_tag","embeddable":true,"href":"https:\/\/www.jolyd.com\/de\/wp-json\/wp\/v2\/product_tag?post=6335"}],"curies":[{"name":"wp","href":"https:\/\/api.w.org\/{rel}","templated":true}]}}