{"id":6415,"date":"2024-11-17T19:33:42","date_gmt":"2024-11-17T19:33:42","guid":{"rendered":"https:\/\/www.jolyd.com\/?post_type=product&#038;p=6415"},"modified":"2025-09-11T20:26:02","modified_gmt":"2025-09-11T20:26:02","slug":"lange-perlenkette-fur-frauen","status":"publish","type":"product","link":"https:\/\/www.jolyd.com\/de\/product\/long-womens-pearl-necklace\/","title":{"rendered":"Lange Perlenkette f\u00fcr Frauen"},"content":{"rendered":"<p data-start=\"198\" data-end=\"590\" data-rm-block-id=\"block-1\">jeden Blick mit dem ruhigen Glanz des <strong data-start=\"250\" data-end=\"286\">JO&amp;LYD S\u00fc\u00dfwasserperlenkette<\/strong>. Jede Perle wird in kleinen Serien von Hand gefertigt, sorgf\u00e4ltig auf Glanz und Harmonie abgestimmt und dann so arrangiert, dass sie anmutig entlang des Kragens sitzt - dezent, leuchtend, unverkennbar raffiniert. Es ist die Art von St\u00fcck, die Luxus fl\u00fcstert, nicht schreit: zeitlos, modern und unendlich tragbar, vom Schreibtisch bis zum Abendessen.<\/p>\n<p data-rm-block-id=\"block-2\">Entdecken Sie die Eleganz der langen Perlenkette f\u00fcr Damen, die Ihre Garderobe perfekt erg\u00e4nzt.<\/p>\n<p data-start=\"592\" data-end=\"1026\" data-rm-block-id=\"block-3\">Als <strong data-start=\"595\" data-end=\"612\">gesehen in Vogue<\/strong>JO&amp;LYD zelebriert die Kunst des unaufdringlichen Glamours. Diese Halskette umrahmt das Gesicht mit einem sanften, schmeichelhaften Glanz, der zu jedem Hautton und Dekollet\u00e9 passt. Tragen Sie sie solo f\u00fcr m\u00fchelose Raffinesse oder kombinieren Sie sie mit Ihren allt\u00e4glichen Ketten f\u00fcr eine moderne Interpretation klassischer Eleganz. Egal, ob Sie ein knackiges wei\u00dfes Hemd oder ein Abendkleid aus Seide tragen, sie verleiht einem Outfit den letzten, selbstbewussten Schliff, der es komplett macht.<\/p>\n<p data-rm-block-id=\"block-4\">Die lange Perlenkette f\u00fcr Frauen ist ein vielseitiges Accessoire, das zu jedem Outfit passt.<\/p>\n<p data-start=\"1028\" data-end=\"1050\" data-rm-block-id=\"block-5\"><strong data-start=\"1028\" data-end=\"1050\">Warum Sie es lieben werden<\/strong><\/p>\n<ul data-start=\"1051\" data-end=\"1453\">\n<li data-start=\"1051\" data-end=\"1135\">\n<p data-start=\"1053\" data-end=\"1135\" data-rm-block-id=\"block-6\">Ausgew\u00e4hlte S\u00fc\u00dfwasserperlen mit nat\u00fcrlichem Glanz f\u00fcr ein strahlendes, kamerataugliches Finish.<\/p>\n<\/li>\n<li data-start=\"1136\" data-end=\"1198\">\n<p data-start=\"1138\" data-end=\"1198\" data-rm-block-id=\"block-7\">Elegante Proportionen, die f\u00fcr Komfort und ganzt\u00e4gigen Tragekomfort sorgen.<\/p>\n<\/li>\n<li data-start=\"1199\" data-end=\"1275\">\n<p data-start=\"1201\" data-end=\"1275\" data-rm-block-id=\"block-8\">Langlebige, raffinierte Konstruktion, die sich langfristig bew\u00e4hrt - und nicht nur als Trend.<\/p>\n<\/li>\n<li data-start=\"1276\" data-end=\"1335\">\n<p data-start=\"1278\" data-end=\"1335\" data-rm-block-id=\"block-9\">Vielseitiges Styling: sch\u00f6n allein, auffallend in Schichten.<\/p>\n<\/li>\n<li data-start=\"1336\" data-end=\"1395\">\n<p data-start=\"1338\" data-end=\"1395\" data-rm-block-id=\"block-10\">Eine durchdachte Geschenkauswahl, die sich pers\u00f6nlich und hochwertig anf\u00fchlt.<\/p>\n<\/li>\n<li data-start=\"1396\" data-end=\"1453\">\n<p data-start=\"1398\" data-end=\"1453\" data-rm-block-id=\"block-11\">Weltweiter Versand mit aufmerksamer JO&amp;LYD-Kundenbetreuung.<\/p>\n<\/li>\n<\/ul>\n<p data-start=\"1455\" data-end=\"1652\" data-rm-block-id=\"block-12\">Luxus sollte sich m\u00fchelos anf\u00fchlen. Nehmen Sie diese Halskette in Ihre Sammlung auf und erleben Sie, wie ein perfektes Detail den Alltag in Ihren unverwechselbaren Look verwandeln kann. <strong data-start=\"1614\" data-end=\"1629\">In den Warenkorb legen<\/strong> jetzt und machen Sie es zu Ihrem.<\/p>","protected":false},"excerpt":{"rendered":"<ul>\n<li>7-8mm Nat\u00fcrliches S\u00fc\u00dfwasser<\/li>\n<li>925 Sterling Silber<\/li>\n<li>90cm<\/li>\n<\/ul>","protected":false},"featured_media":6483,"comment_status":"open","ping_status":"closed","template":"","meta":[],"product_brand":[],"product_cat":[39],"product_tag":[491,492],"class_list":{"0":"post-6415","1":"product","2":"type-product","3":"status-publish","4":"has-post-thumbnail","6":"product_cat-necklace-pendants-for-women","7":"product_tag-handmade","8":"product_tag-silver","10":"first","11":"instock","12":"featured","13":"taxable","14":"shipping-taxable","15":"purchasable","16":"product-type-simple","17":"new","18":"layout-style-6","19":"col-md-4 col-sm-4 col-xs-6","20":"col-lg-1-5","21":"product-has-gallery","22":"product-style-zoom"},"_links":{"self":[{"href":"https:\/\/www.jolyd.com\/de\/wp-json\/wp\/v2\/product\/6415","targetHints":{"allow":["GET"]}}],"collection":[{"href":"https:\/\/www.jolyd.com\/de\/wp-json\/wp\/v2\/product"}],"about":[{"href":"https:\/\/www.jolyd.com\/de\/wp-json\/wp\/v2\/types\/product"}],"replies":[{"embeddable":true,"href":"https:\/\/www.jolyd.com\/de\/wp-json\/wp\/v2\/comments?post=6415"}],"wp:featuredmedia":[{"embeddable":true,"href":"https:\/\/www.jolyd.com\/de\/wp-json\/wp\/v2\/media\/6483"}],"wp:attachment":[{"href":"https:\/\/www.jolyd.com\/de\/wp-json\/wp\/v2\/media?parent=6415"}],"wp:term":[{"taxonomy":"product_brand","embeddable":true,"href":"https:\/\/www.jolyd.com\/de\/wp-json\/wp\/v2\/product_brand?post=6415"},{"taxonomy":"product_cat","embeddable":true,"href":"https:\/\/www.jolyd.com\/de\/wp-json\/wp\/v2\/product_cat?post=6415"},{"taxonomy":"product_tag","embeddable":true,"href":"https:\/\/www.jolyd.com\/de\/wp-json\/wp\/v2\/product_tag?post=6415"}],"curies":[{"name":"wp","href":"https:\/\/api.w.org\/{rel}","templated":true}]}}