{"id":2191,"date":"2016-12-05T07:09:33","date_gmt":"2016-12-05T07:09:33","guid":{"rendered":"http:\/\/demo.uix.store\/sober\/?page_id=2191"},"modified":"2016-12-05T07:09:33","modified_gmt":"2016-12-05T07:09:33","slug":"en-tete-v3","status":"publish","type":"page","link":"https:\/\/www.jolyd.com\/fr\/headers\/header-v3\/","title":{"rendered":"En-t\u00eate V3"},"content":{"rendered":"<div class=\"wpb-content-wrapper\"><div class=\"vc_row wpb_row vc_row-fluid\"><div class=\"wpb_column vc_column_container vc_col-sm-12\"><div class=\"vc_column-inner\"><div class=\"wpb_wrapper\"><h2 style=\"font-size: 32px;text-align: left\" class=\"vc_custom_heading vc_custom_1480921435120 text-left\" >En-t\u00eate V3 - Logo ci-dessus<\/h2>\n\t<div class=\"wpb_text_column wpb_content_element\" >\n\t\t<div class=\"wpb_wrapper\">\n\t\t\t<p>Comment configurer cet en-t\u00eate ? Il vous suffit d'aller dans Personnaliser &gt; En-t\u00eate &gt; En-t\u00eate et de s\u00e9lectionner la disposition d'en-t\u00eate 3. Avec cet en-t\u00eate, votre logo sera affich\u00e9 au-dessus du reste du contenu. Le menu principal s'affiche au-dessous du logo et est align\u00e9 au centre ; l'ic\u00f4ne du panier d'achat, l'ic\u00f4ne de connexion\/gestion du compte et l'ic\u00f4ne de recherche se trouvent sur le c\u00f4t\u00e9 droit du menu principal ; le s\u00e9lecteur de devise et le s\u00e9lecteur de langue se trouvent sur le c\u00f4t\u00e9 gauche. (Afin d'avoir ces s\u00e9lecteurs, vous devez installer des plugins suppl\u00e9mentaires que nous avons \u00e9crit dans notre documentation).<\/p>\n<p>N'oubliez pas qu'avec toutes les mises en page d'en-t\u00eate, vous pouvez s\u00e9lectionner l'arri\u00e8re-plan de l'en-t\u00eate parmi deux options - blanc ou transparent. Vous pouvez \u00e9galement s\u00e9lectionner la couleur du texte de l'en-t\u00eate.<\/p>\n<p>En outre, la barre sup\u00e9rieure peut \u00eatre configur\u00e9e s\u00e9par\u00e9ment.<\/p>\n\n\t\t<\/div>\n\t<\/div>\n<div class=\"vc_empty_space\"   style=\"height: 30px\"><span class=\"vc_empty_space_inner\"><\/span><\/div>\n\t<div  class=\"wpb_single_image wpb_content_element vc_align_left wpb_content_element\">\n\t\t\n\t\t<figure class=\"wpb_wrapper vc_figure\">\n\t\t\t<div class=\"vc_single_image-wrapper   vc_box_border_grey\"><img decoding=\"async\" src=\"http:\/\/i.imgur.com\/OPYF4kr.jpg\" class=\"vc_single_image-img\" loading=\"lazy\" alt=\"\"><\/div>\n\t\t<\/figure>\n\t<\/div>\n<\/div><\/div><\/div><\/div>\n<\/div>","protected":false},"excerpt":{"rendered":"Header V3 - Logo Above How to setup this header? Just go to Customize &gt;&hellip;","protected":false},"author":1,"featured_media":0,"parent":2181,"menu_order":0,"comment_status":"closed","ping_status":"closed","template":"","meta":{"footnotes":""},"class_list":["post-2191","page","type-page","status-publish","hentry"],"_links":{"self":[{"href":"https:\/\/www.jolyd.com\/fr\/wp-json\/wp\/v2\/pages\/2191","targetHints":{"allow":["GET"]}}],"collection":[{"href":"https:\/\/www.jolyd.com\/fr\/wp-json\/wp\/v2\/pages"}],"about":[{"href":"https:\/\/www.jolyd.com\/fr\/wp-json\/wp\/v2\/types\/page"}],"author":[{"embeddable":true,"href":"https:\/\/www.jolyd.com\/fr\/wp-json\/wp\/v2\/users\/1"}],"replies":[{"embeddable":true,"href":"https:\/\/www.jolyd.com\/fr\/wp-json\/wp\/v2\/comments?post=2191"}],"version-history":[{"count":0,"href":"https:\/\/www.jolyd.com\/fr\/wp-json\/wp\/v2\/pages\/2191\/revisions"}],"up":[{"embeddable":true,"href":"https:\/\/www.jolyd.com\/fr\/wp-json\/wp\/v2\/pages\/2181"}],"wp:attachment":[{"href":"https:\/\/www.jolyd.com\/fr\/wp-json\/wp\/v2\/media?parent=2191"}],"curies":[{"name":"wp","href":"https:\/\/api.w.org\/{rel}","templated":true}]}}