{"id":336,"date":"2016-08-23T06:28:43","date_gmt":"2016-08-23T06:28:43","guid":{"rendered":"http:\/\/demo.uix.store\/sober\/?page_id=336"},"modified":"2025-10-07T19:36:15","modified_gmt":"2025-10-07T19:36:15","slug":"nous-contacter","status":"publish","type":"page","link":"https:\/\/www.jolyd.com\/fr\/contact-us\/","title":{"rendered":"Contactez nous"},"content":{"rendered":"<div class=\"wpb-content-wrapper\"><div class=\"vc_row wpb_row vc_row-fluid\"><div class=\"wpb_column vc_column_container vc_col-sm-6\"><div class=\"vc_column-inner\"><div class=\"wpb_wrapper\"><div class=\"vc_empty_space\"   style=\"height: 60px\"><span class=\"vc_empty_space_inner\"><\/span><\/div>\n\t<div class=\"wpb_text_column wpb_content_element vc_custom_1652819794982\" >\n\t\t<div class=\"wpb_wrapper\">\n\t\t\t<p><strong>Vous avez des questions sur nos bijoux et accessoires, sur l'exp\u00e9dition internationale, etc. N'h\u00e9sitez pas \u00e0 nous envoyer un email !<\/strong><\/p>\n<p><strong>Vous recherchez une collaboration ?<\/strong><\/p>\n<p><strong>Nous sommes toujours heureux d'entendre de nouvelles id\u00e9es de la part de designers ind\u00e9pendants et de personnes cr\u00e9atives.<\/strong><\/p>\n\n\t\t<\/div>\n\t<\/div>\n<div class=\"sober-contact-box\"><div class=\"contact-info\">\n\t\t\t\t\t<svg width=\"20\" height=\"20\" class=\"info-icon\"><use xlink:href=\"#home\"><\/use><\/svg>\n\t\t\t\t\t<span class=\"info-name\">Address<\/span>\n\t\t\t\t\t<span class=\"info-value\">Tujav\u00e4gen 29, Huddinge 14145<\/span>\n\t\t\t\t<\/div> <div class=\"contact-info\">\n\t\t\t\t\t<svg width=\"20\" height=\"20\" class=\"info-icon\"><use xlink:href=\"#phone\"><\/use><\/svg>\n\t\t\t\t\t<span class=\"info-name\">Phone<\/span>\n\t\t\t\t\t<span class=\"info-value\"><a href=\"tel:+460704971496\">+460704971496<\/a><\/span>\n\t\t\t\t<\/div> <div class=\"contact-info\">\n\t\t\t\t\t<svg width=\"20\" height=\"20\" class=\"info-icon\"><use xlink:href=\"#mail\"><\/use><\/svg>\n\t\t\t\t\t<span class=\"info-name\">Courriel<\/span>\n\t\t\t\t\t<span class=\"info-value\"><a href=\"mailto:info@jolyd.com\">info@jolyd.com<\/a><\/span>\n\t\t\t\t<\/div><\/div><\/div><\/div><\/div><div class=\"wpb_column vc_column_container vc_col-sm-6\"><div class=\"vc_column-inner\"><div class=\"wpb_wrapper\"><h2 style=\"font-size: 32px;text-align: left\" class=\"vc_custom_heading vc_custom_1480664439740 text-left\" >Prendre contact<\/h2>\n<div class=\"wpcf7 no-js\" id=\"wpcf7-f337-o1\" lang=\"en-US\" dir=\"ltr\" data-wpcf7-id=\"337\">\n<div class=\"screen-reader-response\"><p role=\"status\" aria-live=\"polite\" aria-atomic=\"true\"><\/p> <ul><\/ul><\/div>\n<form action=\"\/fr\/wp-json\/wp\/v2\/pages\/336#wpcf7-f337-o1\" method=\"post\" class=\"wpcf7-form init\" aria-label=\"Contact form\" novalidate=\"novalidate\" data-status=\"init\" data-trp-original-action=\"\/fr\/wp-json\/wp\/v2\/pages\/336#wpcf7-f337-o1\">\n<fieldset class=\"hidden-fields-container\"><input type=\"hidden\" name=\"_wpcf7\" value=\"337\" \/><input type=\"hidden\" name=\"_wpcf7_version\" value=\"6.1.5\" \/><input type=\"hidden\" name=\"_wpcf7_locale\" value=\"en_US\" \/><input type=\"hidden\" name=\"_wpcf7_unit_tag\" value=\"wpcf7-f337-o1\" \/><input type=\"hidden\" name=\"_wpcf7_container_post\" value=\"0\" \/><input type=\"hidden\" name=\"_wpcf7_posted_data_hash\" value=\"\" \/>\n<\/fieldset>\n<p><span class=\"wpcf7-form-control-wrap\" data-name=\"your-name\"><input size=\"40\" maxlength=\"400\" class=\"wpcf7-form-control wpcf7-text wpcf7-validates-as-required\" aria-required=\"true\" aria-invalid=\"false\" placeholder=\"Nom\" value=\"\" type=\"text\" name=\"your-name\" \/><\/span>\n<\/p>\n<p><span class=\"wpcf7-form-control-wrap\" data-name=\"your-email\"><input size=\"40\" maxlength=\"400\" class=\"wpcf7-form-control wpcf7-email wpcf7-validates-as-required wpcf7-text wpcf7-validates-as-email\" aria-required=\"true\" aria-invalid=\"false\" placeholder=\"Courriel\" value=\"\" type=\"email\" name=\"your-email\" \/><\/span>\n<\/p>\n<p><span class=\"wpcf7-form-control-wrap\" data-name=\"your-subject\"><input size=\"40\" maxlength=\"400\" class=\"wpcf7-form-control wpcf7-text\" aria-invalid=\"false\" placeholder=\"Sujet\" value=\"\" type=\"text\" name=\"your-subject\" \/><\/span>\n<\/p>\n<p><span class=\"wpcf7-form-control-wrap\" data-name=\"your-message\"><textarea cols=\"40\" rows=\"10\" maxlength=\"2000\" class=\"wpcf7-form-control wpcf7-textarea\" aria-invalid=\"false\" placeholder=\"Message\" name=\"your-message\"><\/textarea><\/span>\n<\/p>\n<p><input class=\"wpcf7-form-control wpcf7-submit has-spinner button\" type=\"submit\" value=\"Envoyer un message\" \/>\n<\/p><div class=\"wpcf7-response-output\" aria-hidden=\"true\"><\/div>\n<input type=\"hidden\" name=\"trp-form-language\" value=\"fr\"\/><\/form>\n<\/div>\n<\/div><\/div><\/div><\/div><div class=\"vc_row wpb_row vc_row-fluid\"><div class=\"wpb_column vc_column_container vc_col-sm-12\"><div class=\"vc_column-inner\"><div class=\"wpb_wrapper\"><h2 style=\"text-align: left;font-family:Abril Fatface;font-weight:400;font-style:normal\" class=\"vc_custom_heading text-left\" >Collaboration avec les influenceurs<\/h2><\/div><\/div><\/div><\/div><div class=\"vc_row wpb_row vc_row-fluid\"><div class=\"wpb_column vc_column_container vc_col-sm-6\"><div class=\"vc_column-inner\"><div class=\"wpb_wrapper\"><div class=\"vc_empty_space\"   style=\"height: 60px\"><span class=\"vc_empty_space_inner\"><\/span><\/div>\n\t<div class=\"wpb_text_column wpb_content_element vc_custom_1658142952129\" >\n\t\t<div class=\"wpb_wrapper\">\n\t\t\t<h2>Collaboration avec les influenceurs<\/h2>\n<p>Vous travaillez comme influenceur ? Cool !<\/p>\n<p>Si vous \u00eates int\u00e9ress\u00e9 par les produits cosm\u00e9tiques, les bijoux et les accessoires, vous \u00eates au bon endroit !<strong><br \/>\n<\/strong><\/p>\n<p>Notre vision chez JO&amp;LYD est d'influencer et d'inspirer une plus grande prise de conscience lorsqu'il s'agit de cosm\u00e9tiques biologiques, de bijoux et d'accessoires uniques. Remplissez le formulaire et nous vous r\u00e9pondrons dans les 24 heures.<\/p>\n<h2>Vous cherchez un sponsor ?<\/h2>\n<p>Vous travaillez en tant que pr\u00e9sentateur TV ou vous avez votre propre cha\u00eene YouTube ? <strong>\u00e0 la recherche d'un parrainage<\/strong>\u00a0pour vous fournir gratuitement des cosm\u00e9tiques et des bijoux ? Il n'y a pas de probl\u00e8me. Contactez-nous et nous vous r\u00e9pondrons le jour m\u00eame.<\/p>\n\n\t\t<\/div>\n\t<\/div>\n<\/div><\/div><\/div><div class=\"wpb_column vc_column_container vc_col-sm-6\"><div class=\"vc_column-inner\"><div class=\"wpb_wrapper\"><h2 style=\"font-size: 32px;text-align: left\" class=\"vc_custom_heading vc_custom_1480664439740 text-left\" >Prendre contact<\/h2>\n<div class=\"wpcf7 no-js\" id=\"wpcf7-f337-o2\" lang=\"en-US\" dir=\"ltr\" data-wpcf7-id=\"337\">\n<div class=\"screen-reader-response\"><p role=\"status\" aria-live=\"polite\" aria-atomic=\"true\"><\/p> <ul><\/ul><\/div>\n<form action=\"\/fr\/wp-json\/wp\/v2\/pages\/336#wpcf7-f337-o2\" method=\"post\" class=\"wpcf7-form init\" aria-label=\"Contact form\" novalidate=\"novalidate\" data-status=\"init\" data-trp-original-action=\"\/fr\/wp-json\/wp\/v2\/pages\/336#wpcf7-f337-o2\">\n<fieldset class=\"hidden-fields-container\"><input type=\"hidden\" name=\"_wpcf7\" value=\"337\" \/><input type=\"hidden\" name=\"_wpcf7_version\" value=\"6.1.5\" \/><input type=\"hidden\" name=\"_wpcf7_locale\" value=\"en_US\" \/><input type=\"hidden\" name=\"_wpcf7_unit_tag\" value=\"wpcf7-f337-o2\" \/><input type=\"hidden\" name=\"_wpcf7_container_post\" value=\"0\" \/><input type=\"hidden\" name=\"_wpcf7_posted_data_hash\" value=\"\" \/>\n<\/fieldset>\n<p><span class=\"wpcf7-form-control-wrap\" data-name=\"your-name\"><input size=\"40\" maxlength=\"400\" class=\"wpcf7-form-control wpcf7-text wpcf7-validates-as-required\" aria-required=\"true\" aria-invalid=\"false\" placeholder=\"Nom\" value=\"\" type=\"text\" name=\"your-name\" \/><\/span>\n<\/p>\n<p><span class=\"wpcf7-form-control-wrap\" data-name=\"your-email\"><input size=\"40\" maxlength=\"400\" class=\"wpcf7-form-control wpcf7-email wpcf7-validates-as-required wpcf7-text wpcf7-validates-as-email\" aria-required=\"true\" aria-invalid=\"false\" placeholder=\"Courriel\" value=\"\" type=\"email\" name=\"your-email\" \/><\/span>\n<\/p>\n<p><span class=\"wpcf7-form-control-wrap\" data-name=\"your-subject\"><input size=\"40\" maxlength=\"400\" class=\"wpcf7-form-control wpcf7-text\" aria-invalid=\"false\" placeholder=\"Sujet\" value=\"\" type=\"text\" name=\"your-subject\" \/><\/span>\n<\/p>\n<p><span class=\"wpcf7-form-control-wrap\" data-name=\"your-message\"><textarea cols=\"40\" rows=\"10\" maxlength=\"2000\" class=\"wpcf7-form-control wpcf7-textarea\" aria-invalid=\"false\" placeholder=\"Message\" name=\"your-message\"><\/textarea><\/span>\n<\/p>\n<p><input class=\"wpcf7-form-control wpcf7-submit has-spinner button\" type=\"submit\" value=\"Envoyer un message\" \/>\n<\/p><div class=\"wpcf7-response-output\" aria-hidden=\"true\"><\/div>\n<input type=\"hidden\" name=\"trp-form-language\" value=\"fr\"\/><\/form>\n<\/div>\n<\/div><\/div><\/div><\/div>\n<\/div>","protected":false},"excerpt":{"rendered":"Got a questions about our jewelry and accessories, international shipping, etc? Don't hesitate to email&hellip;","protected":false},"author":1,"featured_media":4752,"parent":0,"menu_order":0,"comment_status":"closed","ping_status":"closed","template":"","meta":{"footnotes":""},"class_list":["post-336","page","type-page","status-publish","has-post-thumbnail","hentry"],"_links":{"self":[{"href":"https:\/\/www.jolyd.com\/fr\/wp-json\/wp\/v2\/pages\/336","targetHints":{"allow":["GET"]}}],"collection":[{"href":"https:\/\/www.jolyd.com\/fr\/wp-json\/wp\/v2\/pages"}],"about":[{"href":"https:\/\/www.jolyd.com\/fr\/wp-json\/wp\/v2\/types\/page"}],"author":[{"embeddable":true,"href":"https:\/\/www.jolyd.com\/fr\/wp-json\/wp\/v2\/users\/1"}],"replies":[{"embeddable":true,"href":"https:\/\/www.jolyd.com\/fr\/wp-json\/wp\/v2\/comments?post=336"}],"version-history":[{"count":18,"href":"https:\/\/www.jolyd.com\/fr\/wp-json\/wp\/v2\/pages\/336\/revisions"}],"predecessor-version":[{"id":4753,"href":"https:\/\/www.jolyd.com\/fr\/wp-json\/wp\/v2\/pages\/336\/revisions\/4753"}],"wp:featuredmedia":[{"embeddable":true,"href":"https:\/\/www.jolyd.com\/fr\/wp-json\/wp\/v2\/media\/4752"}],"wp:attachment":[{"href":"https:\/\/www.jolyd.com\/fr\/wp-json\/wp\/v2\/media?parent=336"}],"curies":[{"name":"wp","href":"https:\/\/api.w.org\/{rel}","templated":true}]}}