{"id":541,"date":"2016-09-16T07:25:07","date_gmt":"2016-09-16T07:25:07","guid":{"rendered":"http:\/\/demo.uix.store\/sober\/?page_id=541"},"modified":"2021-07-22T23:17:53","modified_gmt":"2021-07-22T23:17:53","slug":"accordeon","status":"publish","type":"page","link":"https:\/\/www.jolyd.com\/fr\/elements\/accordion\/","title":{"rendered":"Accord\u00e9on"},"content":{"rendered":"<div class=\"wpb-content-wrapper\"><div class=\"vc_row wpb_row vc_row-fluid\"><div class=\"wpb_column vc_column_container vc_col-sm-12\"><div class=\"vc_column-inner\"><div class=\"wpb_wrapper\"><h2 style=\"font-size: 32px;text-align: left\" class=\"vc_custom_heading vc_custom_1480653024895 text-left\" >Accord\u00e9on<\/h2><div class=\"vc_tta-container\" data-vc-action=\"collapse\"><div class=\"vc_general vc_tta vc_tta-accordion vc_tta-color-grey vc_tta-style-outline vc_tta-shape-square vc_tta-o-shape-group vc_tta-controls-align-default\"><div class=\"vc_tta-panels-container\"><div class=\"vc_tta-panels\"><div class=\"vc_tta-panel\" id=\"1480646943821-59cebdda-dc7e\" data-vc-content=\".vc_tta-panel-body\"><div class=\"vc_tta-panel-heading\"><h4 class=\"vc_tta-panel-title vc_tta-controls-icon-position-right\"><a href=\"#1480646943821-59cebdda-dc7e\" data-vc-accordion data-vc-container=\".vc_tta-container\"><span class=\"vc_tta-title-text\">Sed ut perspiciatis unde omnis iste natus error sit voluptatem accusantium doloremque laudantium<\/span><i class=\"vc_tta-controls-icon vc_tta-controls-icon-plus\"><\/i><\/a><\/h4><\/div><div class=\"vc_tta-panel-body\">\n\t<div class=\"wpb_text_column wpb_content_element\" >\n\t\t<div class=\"wpb_wrapper\">\n\t\t\t<p>Si l'on consid\u00e8re que l'erreur commise par tous les citoyens est une erreur de volupt\u00e9, on peut dire que tout cela n'est pas vrai et qu'il n'y a pas de raison d'expliquer ce qui s'est pass\u00e9. Nemo enim ipsam voluptatem quia voluptas sit aspernatur aut odit aut fugit<\/p>\n\n\t\t<\/div>\n\t<\/div>\n<\/div><\/div><div class=\"vc_tta-panel\" id=\"1480646943840-0fd113eb-e49f\" data-vc-content=\".vc_tta-panel-body\"><div class=\"vc_tta-panel-heading\"><h4 class=\"vc_tta-panel-title vc_tta-controls-icon-position-right\"><a href=\"#1480646943840-0fd113eb-e49f\" data-vc-accordion data-vc-container=\".vc_tta-container\"><span class=\"vc_tta-title-text\">Ut perspiciatis unde omnis iste natus error sit voluptatem accusan tium doloremque laudantium<\/span><i class=\"vc_tta-controls-icon vc_tta-controls-icon-plus\"><\/i><\/a><\/h4><\/div><div class=\"vc_tta-panel-body\">\n\t<div class=\"wpb_text_column wpb_content_element\" >\n\t\t<div class=\"wpb_wrapper\">\n\t\t\t<p>Si l'on consid\u00e8re que l'erreur commise par tous les citoyens est une erreur de volupt\u00e9, on peut dire que tout cela n'est pas vrai et qu'il n'y a pas de raison d'expliquer ce qui s'est pass\u00e9. Nemo enim ipsam voluptatem quia voluptas sit aspernatur aut odit aut fugit<\/p>\n\n\t\t<\/div>\n\t<\/div>\n<\/div><\/div><div class=\"vc_tta-panel vc_active\" id=\"1480647008756-777b1b74-9487\" data-vc-content=\".vc_tta-panel-body\"><div class=\"vc_tta-panel-heading\"><h4 class=\"vc_tta-panel-title vc_tta-controls-icon-position-right\"><a href=\"#1480647008756-777b1b74-9487\" data-vc-accordion data-vc-container=\".vc_tta-container\"><span class=\"vc_tta-title-text\">Neque porro quisquam est, qui dolorem ipsum quia dolor sit amet, consectetur, adipisci velit, sed quia non numquam eius<\/span><i class=\"vc_tta-controls-icon vc_tta-controls-icon-plus\"><\/i><\/a><\/h4><\/div><div class=\"vc_tta-panel-body\">\n\t<div class=\"wpb_text_column wpb_content_element\" >\n\t\t<div class=\"wpb_wrapper\">\n\t\t\t<p>Si l'on consid\u00e8re que l'erreur commise par tous les citoyens est une erreur de volupt\u00e9, on peut dire que tout cela n'est pas vrai et qu'il n'y a pas de raison d'expliquer ce qui s'est pass\u00e9. Nemo enim ipsam voluptatem quia voluptas sit aspernatur aut odit aut fugit<\/p>\n\n\t\t<\/div>\n\t<\/div>\n<\/div><\/div><div class=\"vc_tta-panel\" id=\"1480647052304-67ab9120-80bb\" data-vc-content=\".vc_tta-panel-body\"><div class=\"vc_tta-panel-heading\"><h4 class=\"vc_tta-panel-title vc_tta-controls-icon-position-right\"><a href=\"#1480647052304-67ab9120-80bb\" data-vc-accordion data-vc-container=\".vc_tta-container\"><span class=\"vc_tta-title-text\">Sed ut perspiciatis unde omnis iste natus error sit voluptatem accusantium doloremque laudantium<\/span><i class=\"vc_tta-controls-icon vc_tta-controls-icon-plus\"><\/i><\/a><\/h4><\/div><div class=\"vc_tta-panel-body\">\n\t<div class=\"wpb_text_column wpb_content_element\" >\n\t\t<div class=\"wpb_wrapper\">\n\t\t\t<p>Si l'on consid\u00e8re que l'erreur commise par tous les citoyens est une erreur de volupt\u00e9, on peut dire que tout cela n'est pas vrai et qu'il n'y a pas de raison d'expliquer ce qui s'est pass\u00e9. Nemo enim ipsam voluptatem quia voluptas sit aspernatur aut odit aut fugit<\/p>\n\n\t\t<\/div>\n\t<\/div>\n<\/div><\/div><div class=\"vc_tta-panel\" id=\"1480647061324-ea3d7dad-e446\" data-vc-content=\".vc_tta-panel-body\"><div class=\"vc_tta-panel-heading\"><h4 class=\"vc_tta-panel-title vc_tta-controls-icon-position-right\"><a href=\"#1480647061324-ea3d7dad-e446\" data-vc-accordion data-vc-container=\".vc_tta-container\"><span class=\"vc_tta-title-text\">Ut perspiciatis unde omnis iste natus error sit voluptatem accusan tium doloremque laudantium<\/span><i class=\"vc_tta-controls-icon vc_tta-controls-icon-plus\"><\/i><\/a><\/h4><\/div><div class=\"vc_tta-panel-body\">\n\t<div class=\"wpb_text_column wpb_content_element\" >\n\t\t<div class=\"wpb_wrapper\">\n\t\t\t<p>Si l'on consid\u00e8re que l'erreur commise par tous les citoyens est une erreur de volupt\u00e9, on peut dire que tout cela n'est pas vrai et qu'il n'y a pas de raison d'expliquer ce qui s'est pass\u00e9. Nemo enim ipsam voluptatem quia voluptas sit aspernatur aut odit aut fugit<\/p>\n\n\t\t<\/div>\n\t<\/div>\n<\/div><\/div><\/div><\/div><\/div><\/div><\/div><\/div><\/div><\/div>\n<\/div>","protected":false},"excerpt":{"rendered":"AccordionSed ut perspiciatis unde omnis iste natus error sit voluptatem accusantium doloremque laudantium Sed ut&hellip;","protected":false},"author":1,"featured_media":0,"parent":554,"menu_order":0,"comment_status":"closed","ping_status":"closed","template":"","meta":{"footnotes":""},"class_list":["post-541","page","type-page","status-publish","hentry"],"_links":{"self":[{"href":"https:\/\/www.jolyd.com\/fr\/wp-json\/wp\/v2\/pages\/541","targetHints":{"allow":["GET"]}}],"collection":[{"href":"https:\/\/www.jolyd.com\/fr\/wp-json\/wp\/v2\/pages"}],"about":[{"href":"https:\/\/www.jolyd.com\/fr\/wp-json\/wp\/v2\/types\/page"}],"author":[{"embeddable":true,"href":"https:\/\/www.jolyd.com\/fr\/wp-json\/wp\/v2\/users\/1"}],"replies":[{"embeddable":true,"href":"https:\/\/www.jolyd.com\/fr\/wp-json\/wp\/v2\/comments?post=541"}],"version-history":[{"count":1,"href":"https:\/\/www.jolyd.com\/fr\/wp-json\/wp\/v2\/pages\/541\/revisions"}],"predecessor-version":[{"id":2465,"href":"https:\/\/www.jolyd.com\/fr\/wp-json\/wp\/v2\/pages\/541\/revisions\/2465"}],"up":[{"embeddable":true,"href":"https:\/\/www.jolyd.com\/fr\/wp-json\/wp\/v2\/pages\/554"}],"wp:attachment":[{"href":"https:\/\/www.jolyd.com\/fr\/wp-json\/wp\/v2\/media?parent=541"}],"curies":[{"name":"wp","href":"https:\/\/api.w.org\/{rel}","templated":true}]}}