{"id":6847,"date":"2025-09-13T18:35:36","date_gmt":"2025-09-13T18:35:36","guid":{"rendered":"https:\/\/www.jolyd.com\/vip\/"},"modified":"2025-09-25T14:53:21","modified_gmt":"2025-09-25T14:53:21","slug":"jolyd-vip-partners","status":"publish","type":"page","link":"https:\/\/www.jolyd.com\/fr\/jolyd-vip-partners\/","title":{"rendered":"Partenaires VIP JO&amp;LYD"},"content":{"rendered":"<div class=\"jolyd-vip-public\">\n<section class=\"vip-hero\">\n<h1 data-rm-block-id=\"block-1\">JO&amp;LYD VIP PARTNERS<\/h1>\n<p class=\"vip-sub\" data-rm-block-id=\"block-2\"><strong>Sur invitation uniquement<\/strong><\/p>\n<p data-rm-block-id=\"block-3\"><a class=\"vip-cta\" href=\"\/fr\/mon-compte\/\">Entrer dans le portail VIP \u2192<\/a><\/p>\n<\/section>\n<section class=\"vip-about\">\n<div class=\"vip-col\">\n<h2 data-rm-block-id=\"block-4\">Un cercle priv\u00e9 d'\u00e9l\u00e9gance<\/h2>\n<h2 data-rm-block-id=\"block-5\">Rejoignez le r\u00e9seau exclusif des partenaires VIP de JO&amp;LYD<\/h2>\n<p data-rm-block-id=\"block-6\">En tant que partenaires VIP de JO&amp;LYD, les membres peuvent profiter d'\u00e9v\u00e9nements exclusifs et d'exp\u00e9riences uniques con\u00e7ues sp\u00e9cialement pour eux.<\/p>\n<p data-rm-block-id=\"block-7\">Le JO&amp;LYD VIP Partners Circle est un r\u00e9seau priv\u00e9 de partenaires r\u00e9serv\u00e9 aux artistes, athl\u00e8tes, stylistes et cr\u00e9ateurs qui incarnent l'esprit de la marque JO&amp;LYD. <a href=\"https:\/\/www.jolyd.com\/fr\/\">un luxe tranquille<\/a>. Les membres b\u00e9n\u00e9ficient d'un acc\u00e8s privil\u00e9gi\u00e9 \u00e0 des cr\u00e9ations limit\u00e9es de perles d'eau sal\u00e9e, \u00e0 des avant-premi\u00e8res priv\u00e9es et \u00e0 des collaborations sur mesure.<\/p>\n<p class=\"vip-note\" data-rm-block-id=\"block-8\">L'acc\u00e8s se fait strictement sur invitation. Les candidatures spontan\u00e9es ne sont pas accept\u00e9es.<\/p>\n<p class=\"vip-contact\" data-rm-block-id=\"block-9\">Demandes de renseignements par le biais d'une introduction existante : <a href=\"mailto:partners@jolyd.com\">partners@jolyd.com<\/a><\/p>\n<\/div>\n<\/section>\n<\/div>","protected":false},"excerpt":{"rendered":"<p>JO&#038;LYD VIP PARTNERS By Invitation Only Enter VIP Portal \u2192 A Private Circle of Elegance&hellip;<\/p>","protected":false},"author":1,"featured_media":6869,"parent":0,"menu_order":0,"comment_status":"closed","ping_status":"closed","template":"","meta":{"footnotes":""},"class_list":["post-6847","page","type-page","status-publish","has-post-thumbnail","hentry"],"_links":{"self":[{"href":"https:\/\/www.jolyd.com\/fr\/wp-json\/wp\/v2\/pages\/6847","targetHints":{"allow":["GET"]}}],"collection":[{"href":"https:\/\/www.jolyd.com\/fr\/wp-json\/wp\/v2\/pages"}],"about":[{"href":"https:\/\/www.jolyd.com\/fr\/wp-json\/wp\/v2\/types\/page"}],"author":[{"embeddable":true,"href":"https:\/\/www.jolyd.com\/fr\/wp-json\/wp\/v2\/users\/1"}],"replies":[{"embeddable":true,"href":"https:\/\/www.jolyd.com\/fr\/wp-json\/wp\/v2\/comments?post=6847"}],"version-history":[{"count":5,"href":"https:\/\/www.jolyd.com\/fr\/wp-json\/wp\/v2\/pages\/6847\/revisions"}],"predecessor-version":[{"id":6956,"href":"https:\/\/www.jolyd.com\/fr\/wp-json\/wp\/v2\/pages\/6847\/revisions\/6956"}],"wp:featuredmedia":[{"embeddable":true,"href":"https:\/\/www.jolyd.com\/fr\/wp-json\/wp\/v2\/media\/6869"}],"wp:attachment":[{"href":"https:\/\/www.jolyd.com\/fr\/wp-json\/wp\/v2\/media?parent=6847"}],"curies":[{"name":"wp","href":"https:\/\/api.w.org\/{rel}","templated":true}]}}