{"id":9,"date":"2020-01-09T18:30:14","date_gmt":"2020-01-09T18:30:14","guid":{"rendered":"https:\/\/www.jolyd.com\/wishlist\/"},"modified":"2025-10-07T19:51:45","modified_gmt":"2025-10-07T19:51:45","slug":"liste-de-souhaits","status":"publish","type":"page","link":"https:\/\/www.jolyd.com\/fr\/wishlist\/","title":{"rendered":"Liste de souhaits"},"content":{"rendered":"<div class=\"woocommerce soo-wishlist\">\t\n\n<table class=\"shop_table shop_table_responsive wishlist_table\" cellspacing=\"0\">\n\t<thead>\n\t<tr>\n\t\t\t\t\t<th class=\"product-remove\">&nbsp;<\/th>\n\t\t\t\t<th class=\"product-thumbnail\" colspan=\"2\">Product<\/th>\n\t\t\t\t\t<th class=\"product-price\">Prix<\/th>\n\t\t\t\t\t\t\t<th class=\"product-stock-status\">Stock status<\/th>\n\t\t\t\t\t\t\t<th class=\"product-add-to-cart\">&nbsp;<\/th>\n\t\t\t<\/tr>\n\t<\/thead>\n\n\t\t\t\t\t<tr class=\"product-item\">\n\t\t\t\t\t\t\t<td class=\"item-remove\">\n\t\t\t\t\t<a href=\"https:\/\/www.jolyd.com\/fr\/wishlist\/?remove_from_wishlist=64b3ec1fdfacead70c3a9bd77d824306&#038;_wpnonce=5e2920016a\" class=\"remove\" title=\"Remove this item\" data-product_id=\"4347\"><svg role=\"img\" viewbox=\"0 0 12 12\" width=\"12\" height=\"12\" > <use href=\"#close-delete-small\" xlink:href=\"#close-delete-small\"><\/use> <\/svg><\/a>\t\t\t\t<\/td>\n\t\t\t\t\t\t<td class=\"product-thumbnail\">\n\t\t\t\t<a href=\"https:\/\/www.jolyd.com\/fr\/product\/titanium-heart-bracelet\/\"><img loading=\"lazy\" decoding=\"async\" width=\"600\" height=\"600\" src=\"https:\/\/www.jolyd.com\/wp-content\/uploads\/2022\/01\/Titanium-Heart-Bracelet-1-600x600.jpg\" class=\"attachment-woocommerce_thumbnail size-woocommerce_thumbnail\" alt=\"Bracelet de c\u0153ur en titane\" \/><\/a>\n\t\t\t<\/td>\n\t\t\t<td class=\"product-name\">\n\t\t\t\t<a href=\"https:\/\/www.jolyd.com\/fr\/product\/titanium-heart-bracelet\/\">Bracelet de c\u0153ur en titane<\/a>\n\n\t\t\t\t\t\t\t\t\t<span class=\"product-inline-price\">\n\t\t\t\t\t\tPrice:\n\t\t\t\t\t\t<span class=\"wcpbc-price wcpbc-price-4347\" data-product-id=\"4347\"><span class=\"woocommerce-Price-amount amount\">40.00<span class=\"woocommerce-Price-currencySymbol\">\u20ac<\/span><\/span><\/span>\t\t\t\t\t<\/span>\n\t\t\t\t\n\t\t\t\t\t\t\t\t\t<span class=\"product-inline-stock-status\">\n\t\t\t\t\t\tIn stock\t\t\t\t\t<\/span>\n\t\t\t\t\n\t\t\t\t\t\t\t\t\t<span class=\"product-inline-button\"><a href=\"\/fr\/wp-json\/wp\/v2\/pages\/9?add-to-cart=4347\" data-quantity=\"1\" class=\"button product_type_simple add_to_cart_button ajax_add_to_cart sober-loop-atc-button\" data-product_id=\"4347\" data-product_sku=\"T1000688254\" aria-label=\"Ajouter au panier\u00a0: \u201cTitanium Heart Bracelet\u201d\" rel=\"nofollow\" data-success_message=\"\u00ab\u00a0Titanium Heart Bracelet\u00a0\u00bb a \u00e9t\u00e9 ajout\u00e9 \u00e0 votre panier\" role=\"button\" data-no-translation-aria-label=\"\" data-no-translation-data-success_message=\"\">\n\t\t\t\t<svg role=\"img\" viewbox=\"0 0 20 20\" width=\"20\" height=\"20\" > <use href=\"#basket-addtocart\" xlink:href=\"#basket-addtocart\"><\/use> <\/svg>\n\t\t\t\t<span class=\"screen-reader-text\" data-no-translation=\"\" data-trp-gettext=\"\">Ajouter au panier<\/span>\n\t\t\t<\/a>\t<span id=\"woocommerce_loop_add_to_cart_link_describedby_4347\" class=\"screen-reader-text\">\n\t\t\t<\/span>\n<\/span>\n\t\t\t\t\t\t\t<\/td>\n\n\t\t\t\t\t\t\t<td class=\"product-price\">\n\t\t\t\t\t<span class=\"wcpbc-price wcpbc-price-4347\" data-product-id=\"4347\"><span class=\"woocommerce-Price-amount amount\">40.00<span class=\"woocommerce-Price-currencySymbol\">\u20ac<\/span><\/span><\/span>\t\t\t\t<\/td>\n\t\t\t\n\t\t\t\t\t\t\t<td class=\"product-stock-status\">\n\t\t\t\t\tIn stock\t\t\t\t<\/td>\n\t\t\t\n\t\t\t\t\t\t\t<td class=\"product-add-to-cart\">\n\t\t\t\t\t<a href=\"\/fr\/wp-json\/wp\/v2\/pages\/9?add-to-cart=4347\" data-quantity=\"1\" class=\"button product_type_simple add_to_cart_button ajax_add_to_cart sober-loop-atc-button\" data-product_id=\"4347\" data-product_sku=\"T1000688254\" aria-label=\"Ajouter au panier\u00a0: \u201cTitanium Heart Bracelet\u201d\" rel=\"nofollow\" data-success_message=\"\u00ab\u00a0Titanium Heart Bracelet\u00a0\u00bb a \u00e9t\u00e9 ajout\u00e9 \u00e0 votre panier\" role=\"button\" data-no-translation-aria-label=\"\" data-no-translation-data-success_message=\"\">\n\t\t\t\t<svg role=\"img\" viewbox=\"0 0 20 20\" width=\"20\" height=\"20\" > <use href=\"#basket-addtocart\" xlink:href=\"#basket-addtocart\"><\/use> <\/svg>\n\t\t\t\t<span class=\"screen-reader-text\" data-no-translation=\"\" data-trp-gettext=\"\">Ajouter au panier<\/span>\n\t\t\t<\/a>\t<span id=\"woocommerce_loop_add_to_cart_link_describedby_4347\" class=\"screen-reader-text\">\n\t\t\t<\/span>\n\t\t\t\t<\/td>\n\t\t\t\t\t<\/tr>\n\t<\/table>\n\n\n<\/div>","protected":false},"excerpt":{"rendered":"&nbsp; Product Price Stock status &nbsp; Titanium Heart Bracelet Price: 40.00&euro; In stock Ajouter&hellip;","protected":false},"author":1,"featured_media":2689,"parent":0,"menu_order":0,"comment_status":"closed","ping_status":"closed","template":"","meta":{"footnotes":""},"class_list":["post-9","page","type-page","status-publish","has-post-thumbnail","hentry"],"_links":{"self":[{"href":"https:\/\/www.jolyd.com\/fr\/wp-json\/wp\/v2\/pages\/9","targetHints":{"allow":["GET"]}}],"collection":[{"href":"https:\/\/www.jolyd.com\/fr\/wp-json\/wp\/v2\/pages"}],"about":[{"href":"https:\/\/www.jolyd.com\/fr\/wp-json\/wp\/v2\/types\/page"}],"author":[{"embeddable":true,"href":"https:\/\/www.jolyd.com\/fr\/wp-json\/wp\/v2\/users\/1"}],"replies":[{"embeddable":true,"href":"https:\/\/www.jolyd.com\/fr\/wp-json\/wp\/v2\/comments?post=9"}],"version-history":[{"count":2,"href":"https:\/\/www.jolyd.com\/fr\/wp-json\/wp\/v2\/pages\/9\/revisions"}],"predecessor-version":[{"id":6968,"href":"https:\/\/www.jolyd.com\/fr\/wp-json\/wp\/v2\/pages\/9\/revisions\/6968"}],"wp:featuredmedia":[{"embeddable":true,"href":"https:\/\/www.jolyd.com\/fr\/wp-json\/wp\/v2\/media\/2689"}],"wp:attachment":[{"href":"https:\/\/www.jolyd.com\/fr\/wp-json\/wp\/v2\/media?parent=9"}],"curies":[{"name":"wp","href":"https:\/\/api.w.org\/{rel}","templated":true}]}}