{"id":4110,"date":"2021-07-15T10:53:29","date_gmt":"2021-07-15T10:53:29","guid":{"rendered":"https:\/\/www.jolyd.com\/?post_type=product&#038;p=4110"},"modified":"2025-09-11T20:58:17","modified_gmt":"2025-09-11T20:58:17","slug":"bracelet-en-titane-avec-perles-deau-douce","status":"publish","type":"product","link":"https:\/\/www.jolyd.com\/fr\/product\/titanium-freshwater-pearl-bracelet\/","title":{"rendered":"Bracelet de perles d'eau douce en titane"},"content":{"rendered":"<h2><strong>Introduction : Bracelet de perles d'eau douce en titane<\/strong><\/h2>\n<p>Dans le monde de la joaillerie, il est rare de trouver une harmonie parfaite entre beaut\u00e9 et r\u00e9sistance. Le bracelet de perles d'eau douce en titane marie sans effort l'\u00e9l\u00e9gance des perles d'eau douce et la solidit\u00e9 du titane, cr\u00e9ant ainsi une pi\u00e8ce vraiment exquise qui capte les c\u0153urs et d\u00e9fie le temps.<\/p>\n<p>Dans ce blog, nous nous embarquons pour un voyage captivant \u00e0 la d\u00e9couverte de l'allure, du savoir-faire et des caract\u00e9ristiques uniques de la perle d'eau douce en titane. <a href=\"https:\/\/www.jolyd.com\/fr\/produit\/bracelet-en-perles-naturelles-deau-douce\/\" target=\"_blank\" rel=\"noopener\">Bracelet<\/a>.<\/p>\n<h2><strong>La fusion de la beaut\u00e9 et de la force<\/strong><\/h2>\n<p>Le bracelet de perles d'eau douce en titane t\u00e9moigne de la coexistence harmonieuse de la splendeur de la nature et de l'ing\u00e9niosit\u00e9 humaine. Orn\u00e9s de perles d'eau douce luminescentes, ces bracelets sont m\u00e9ticuleusement fabriqu\u00e9s en titane, un m\u00e9tal durable et hypoallerg\u00e9nique. Le r\u00e9sultat est un m\u00e9lange incomparable d'\u00e9l\u00e9gance chatoyante et de long\u00e9vit\u00e9 robuste.<\/p>\n<h3><strong>L'allure intemporelle des perles d'eau douce<\/strong><\/h3>\n<p><strong>1. Une \u00e9l\u00e9gance durable<\/strong>: Les perles d'eau douce enchantent les amateurs de bijoux depuis des si\u00e8cles gr\u00e2ce \u00e0 leur \u00e9l\u00e9gance intemporelle. Leur \u00e9clat doux et leurs formes organiques ajoutent une touche de beaut\u00e9 \u00e9th\u00e9r\u00e9e, ce qui en fait le choix id\u00e9al pour une parure sophistiqu\u00e9e.<\/p>\n<p><strong>2. Symbolisme de la puret\u00e9<\/strong>: Les perles d'eau douce symbolisent la puret\u00e9 et la sagesse, ce qui en fait des cadeaux significatifs pour les personnes qui leur sont ch\u00e8res, afin de leur transmettre des sentiments d'amour et de reconnaissance.<\/p>\n<h3><strong>La r\u00e9silience du titane<\/strong><\/h3>\n<p><strong>1. Solidit\u00e9 et durabilit\u00e9<\/strong>: Le titane est r\u00e9put\u00e9 pour sa solidit\u00e9 et sa durabilit\u00e9 exceptionnelles. En incorporant le titane dans la conception, le bracelet de perles d'eau douce en titane devient r\u00e9sistant aux rayures, au ternissement et \u00e0 l'usure, ce qui garantit qu'il restera un tr\u00e9sor pr\u00e9cieux pendant de nombreuses ann\u00e9es.<\/p>\n<p><strong>2. Nature hypoallerg\u00e9nique<\/strong>: Le titane est hypoallerg\u00e9nique, ce qui en fait un excellent choix pour les personnes ayant une peau sensible ou des allergies aux m\u00e9taux. Il permet un port confortable sans risque d'irritation.<\/p>\n<h3><strong>Adopter la polyvalence<\/strong><\/h3>\n<p>Le bracelet en titane avec perles d'eau douce transcende les occasions et les saisons, rehaussant avec gr\u00e2ce n'importe quel ensemble gr\u00e2ce \u00e0 son \u00e9l\u00e9gance discr\u00e8te. Qu'il s'agisse d'un \u00e9v\u00e9nement formel ou d'une rencontre d\u00e9contract\u00e9e, ce bracelet rehausse sans effort votre style, refl\u00e9tant vos go\u00fbts sophistiqu\u00e9s.<\/p>\n<h3><strong>Entretien et maintenance<\/strong><\/h3>\n<p>Pour pr\u00e9server la splendeur de votre bracelet de perles d'eau douce en titane, suivez ces quelques conseils d'entretien :<\/p>\n<p><strong>1. Manipulation douce<\/strong>: Traitez votre bracelet avec soin, en \u00e9vitant les chocs et les manipulations brutales afin de prot\u00e9ger les perles et de pr\u00e9server l'\u00e9clat du titane.<\/p>\n<p><strong>2. Nettoyer avec soin<\/strong>: Utilisez un chiffon doux et humide pour essuyer d\u00e9licatement les perles et le titane. \u00c9vitez les nettoyants abrasifs qui pourraient endommager la surface.<\/p>\n<p><strong>3. Stockage appropri\u00e9<\/strong>: Rangez votre bracelet de perles d'eau douce en titane dans une pochette souple ou une bo\u00eete \u00e0 bijoux pour \u00e9viter les rayures et l'enchev\u00eatrement avec d'autres accessoires.<\/p>\n<h2><strong>En conclusion : Bracelet de perles d'eau douce en titane<\/strong><\/h2>\n<p>Le bracelet de perles d'eau douce en titane est une c\u00e9l\u00e9bration de l'\u00e9l\u00e9gance intemporelle et de la durabilit\u00e9. Avec l'allure enchanteresse des perles d'eau douce et la r\u00e9sistance du titane, ce bracelet devient un symbole pr\u00e9cieux de gr\u00e2ce et de force.<\/p>\n<p>Chez Jolyd, nous sommes fiers de proposer des bracelets de perles d'eau douce en titane qui illustrent la fusion parfaite entre la beaut\u00e9 de la nature et le savoir-faire humain.<\/p>\n<p>Laissez-vous s\u00e9duire par les bracelets de perles d'eau douce en titane et laissez l'union captivante de l'\u00e9l\u00e9gance chatoyante et de la force in\u00e9branlable orner votre poignet d'un charme \u00e9ternel qui brillera \u00e0 chaque instant de votre voyage.<\/p>\n<p><strong>Avis de non-responsabilit\u00e9 :<\/strong> Les informations fournies dans ce blog le sont \u00e0 titre informatif uniquement. <a href=\"https:\/\/www.instagram.com\/joandlyd\/\" target=\"_blank\" rel=\"noopener\">Jolyd<\/a> ne pr\u00e9tend pas \u00eatre un expert en gemmologie ou un conseiller m\u00e9dical. Pour un entretien personnalis\u00e9 de vos bijoux, veuillez consulter un bijoutier professionnel.<\/p>","protected":false},"excerpt":{"rendered":"<ul>\n<li>M\u00e9tal : <strong>Acier au titane<\/strong><\/li>\n<li>Taille du bracelet : <strong>15.5cm<\/strong><\/li>\n<li>Couleur : <strong>Plaqu\u00e9 or 14K<\/strong><\/li>\n<li>Pierre : <strong>Perle d'eau douce<\/strong><\/li>\n<\/ul>\n<p>&nbsp;<\/p>","protected":false},"featured_media":4116,"comment_status":"open","ping_status":"closed","template":"","meta":[],"product_brand":[],"product_cat":[1060],"product_tag":[],"class_list":{"0":"post-4110","1":"product","2":"type-product","3":"status-publish","4":"has-post-thumbnail","6":"product_cat-bracelet","8":"first","9":"instock","10":"featured","11":"taxable","12":"shipping-taxable","13":"purchasable","14":"product-type-simple","15":"layout-style-6","16":"col-md-4 col-sm-4 col-xs-6","17":"col-lg-1-5","18":"product-has-gallery","19":"product-style-zoom"},"_links":{"self":[{"href":"https:\/\/www.jolyd.com\/fr\/wp-json\/wp\/v2\/product\/4110","targetHints":{"allow":["GET"]}}],"collection":[{"href":"https:\/\/www.jolyd.com\/fr\/wp-json\/wp\/v2\/product"}],"about":[{"href":"https:\/\/www.jolyd.com\/fr\/wp-json\/wp\/v2\/types\/product"}],"replies":[{"embeddable":true,"href":"https:\/\/www.jolyd.com\/fr\/wp-json\/wp\/v2\/comments?post=4110"}],"wp:featuredmedia":[{"embeddable":true,"href":"https:\/\/www.jolyd.com\/fr\/wp-json\/wp\/v2\/media\/4116"}],"wp:attachment":[{"href":"https:\/\/www.jolyd.com\/fr\/wp-json\/wp\/v2\/media?parent=4110"}],"wp:term":[{"taxonomy":"product_brand","embeddable":true,"href":"https:\/\/www.jolyd.com\/fr\/wp-json\/wp\/v2\/product_brand?post=4110"},{"taxonomy":"product_cat","embeddable":true,"href":"https:\/\/www.jolyd.com\/fr\/wp-json\/wp\/v2\/product_cat?post=4110"},{"taxonomy":"product_tag","embeddable":true,"href":"https:\/\/www.jolyd.com\/fr\/wp-json\/wp\/v2\/product_tag?post=4110"}],"curies":[{"name":"wp","href":"https:\/\/api.w.org\/{rel}","templated":true}]}}