{"id":4145,"date":"2021-07-16T00:47:46","date_gmt":"2021-07-16T00:47:46","guid":{"rendered":"https:\/\/www.jolyd.com\/?post_type=product&#038;p=4145"},"modified":"2025-09-11T20:55:22","modified_gmt":"2025-09-11T20:55:22","slug":"collier-de-perles-deau-douce","status":"publish","type":"product","link":"https:\/\/www.jolyd.com\/fr\/product\/freshwater-pearl-necklace\/","title":{"rendered":"Collier de perles d'eau douce"},"content":{"rendered":"<p>Pr\u00e9sentation de notre exquise <a href=\"https:\/\/www.jolyd.com\/fr\/produit\/collier-de-perles-deau-douce\/\">Collier de perles d'eau douce<\/a>Ce bijou a \u00e9t\u00e9 con\u00e7u \u00e0 partir d'un laiton de la plus haute qualit\u00e9 et d'une luxueuse couleur or 14 carats. La pi\u00e8ce ma\u00eetresse de ce magnifique bijou est une collection de perles d'eau douce lustr\u00e9es, chacune s\u00e9lectionn\u00e9e \u00e0 la main pour sa beaut\u00e9 et son \u00e9clat exceptionnels.<\/p>\n<h4>Collier de perles d'eau douce<\/h4>\n<p>Le collier est dot\u00e9 d'une cha\u00eene d'une longueur de 14 pouces (36 cm-5 cm), ce qui en fait la longueur parfaite pour compl\u00e9ter n'importe quel d\u00e9collet\u00e9. Qu'il soit port\u00e9 comme une pi\u00e8ce d'apparat ou comme un compl\u00e9ment \u00e9l\u00e9gant \u00e0 votre tenue de tous les jours, ce collier ne manquera pas de faire tourner les t\u00eates et de laisser une impression durable. Rehaussez votre <strong>bijoux<\/strong> avec cette pi\u00e8ce intemporelle et sophistiqu\u00e9e.<\/p>\n<p style=\"text-align: left;\"><strong>\u00c0 quelles femmes le collier de perles d'eau douce est-il destin\u00e9 ?<\/strong><\/p>\n<p style=\"text-align: left;\">Si vous consultez cette <b>bijou<\/b>\u00a0cela signifie quelque chose pour nous. Les <a href=\"https:\/\/www.jolyd.com\/fr\/\">Collier de perles de haute qualit\u00e9<\/a> est une pi\u00e8ce essentielle et \u00e9l\u00e9gante de la garde-robe de toute femme bien habill\u00e9e, comme vous. C'est pourquoi je pense que ce collier est fait exclusivement pour vous. Les amoureux de la mode du monde entier vous diront la m\u00eame chose : le collier est le plus beau des colliers. <a href=\"https:\/\/www.instagram.com\/joandlyd\" target=\"_blank\" rel=\"noopener\">bijoux en perles de luxe<\/a> convient aux femmes de tous \u00e2ges.<\/p>\n<p><strong>Instructions d'entretien<\/strong><\/p>\n<p>Lire ici\u00a0<a href=\"https:\/\/www.jolyd.com\/fr\/instructions-dentretien-des-bijoux\/\">Instructions pour l'entretien des bijoux<\/a><\/p>\n<p>&nbsp;<\/p>","protected":false},"excerpt":{"rendered":"<ul>\n<li>Longueur du pendentif : <strong>30cm+8.3cm<\/strong><\/li>\n<li>M\u00e9tal : <strong>Laiton<\/strong><\/li>\n<li>Couleur : <strong>Or 14K<\/strong><\/li>\n<li>Pierres : <strong>Perle d'eau douce<\/strong><\/li>\n<li>Longueur de la cha\u00eene : <strong>14 pouces (36cm-5cm)<\/strong><\/li>\n<\/ul>","protected":false},"featured_media":4146,"comment_status":"open","ping_status":"closed","template":"","meta":[],"product_brand":[],"product_cat":[39],"product_tag":[],"class_list":{"0":"post-4145","1":"product","2":"type-product","3":"status-publish","4":"has-post-thumbnail","6":"product_cat-necklace-pendants-for-women","8":"first","9":"instock","10":"featured","11":"taxable","12":"shipping-taxable","13":"purchasable","14":"product-type-simple","15":"layout-style-6","16":"col-md-4 col-sm-4 col-xs-6","17":"col-lg-1-5","18":"product-has-gallery","19":"product-style-zoom"},"_links":{"self":[{"href":"https:\/\/www.jolyd.com\/fr\/wp-json\/wp\/v2\/product\/4145","targetHints":{"allow":["GET"]}}],"collection":[{"href":"https:\/\/www.jolyd.com\/fr\/wp-json\/wp\/v2\/product"}],"about":[{"href":"https:\/\/www.jolyd.com\/fr\/wp-json\/wp\/v2\/types\/product"}],"replies":[{"embeddable":true,"href":"https:\/\/www.jolyd.com\/fr\/wp-json\/wp\/v2\/comments?post=4145"}],"wp:featuredmedia":[{"embeddable":true,"href":"https:\/\/www.jolyd.com\/fr\/wp-json\/wp\/v2\/media\/4146"}],"wp:attachment":[{"href":"https:\/\/www.jolyd.com\/fr\/wp-json\/wp\/v2\/media?parent=4145"}],"wp:term":[{"taxonomy":"product_brand","embeddable":true,"href":"https:\/\/www.jolyd.com\/fr\/wp-json\/wp\/v2\/product_brand?post=4145"},{"taxonomy":"product_cat","embeddable":true,"href":"https:\/\/www.jolyd.com\/fr\/wp-json\/wp\/v2\/product_cat?post=4145"},{"taxonomy":"product_tag","embeddable":true,"href":"https:\/\/www.jolyd.com\/fr\/wp-json\/wp\/v2\/product_tag?post=4145"}],"curies":[{"name":"wp","href":"https:\/\/api.w.org\/{rel}","templated":true}]}}