{"id":4347,"date":"2022-01-22T11:07:23","date_gmt":"2022-01-22T11:07:23","guid":{"rendered":"https:\/\/www.jolyd.com\/?post_type=product&#038;p=4347"},"modified":"2026-04-01T17:05:38","modified_gmt":"2026-04-01T17:05:38","slug":"bracelet-en-titane-en-forme-de-coeur","status":"publish","type":"product","link":"https:\/\/www.jolyd.com\/fr\/product\/titanium-heart-bracelet\/","title":{"rendered":"Bracelet de c\u0153ur en titane"},"content":{"rendered":"<p>Pr\u00e9sentation de la <a href=\"https:\/\/www.jolyd.com\/fr\/produit\/bracelet-en-titane-en-forme-de-coeur\/\">Bracelet de c\u0153ur en titane<\/a>, <a href=\"https:\/\/www.jolyd.com\/fr\/\">un magnifique bijou<\/a> qui respire l'\u00e9l\u00e9gance et la sophistication. Fabriqu\u00e9 en titane de haute qualit\u00e9, ce bracelet est con\u00e7u pour durer toute une vie. La pi\u00e8ce centrale en forme de c\u0153ur est le point central du bracelet, ajoutant une touche de romantisme et de charme \u00e0 n'importe quelle tenue.<\/p>\n<h4>Bracelet de c\u0153ur en titane<\/h4>\n<p>Le bracelet est r\u00e9glable et s'adapte \u00e0 toutes les tailles de poignet. Son design \u00e9l\u00e9gant et moderne en fait un accessoire polyvalent qui peut \u00eatre port\u00e9 en toute occasion, qu'il s'agisse d'une sortie d\u00e9contract\u00e9e ou d'un \u00e9v\u00e9nement formel. Le bracelet en titane en forme de c\u0153ur est le <a href=\"https:\/\/www.instagram.com\/joandlyd\" target=\"_blank\" rel=\"noopener\">cadeau id\u00e9al<\/a> pour la personne qui vous est ch\u00e8re ou pour vous faire plaisir. Commandez le v\u00f4tre aujourd'hui et ajoutez une touche de luxe \u00e0 votre collection de bijoux. Ce bracelet en titane en forme de c\u0153ur a un aspect massif, mais il est l\u00e9ger puisqu'il est fabriqu\u00e9 en titane. Comme tous les bijoux en titane, ce magnifique bracelet est 100% hypoallerg\u00e9nique. Si vous avez une peau sensible, vous ne r\u00e9agirez pas au titane.<\/p>\n<dl class=\"clearfix\"><\/dl>","protected":false},"excerpt":{"rendered":"<ul>\n<li>Poids 16g<\/li>\n<li>Plaqu\u00e9 or 14K<\/li>\n<li>100% Hypoallerg\u00e9nique<\/li>\n<li>Taille : 15cm+3cm<\/li>\n<\/ul>","protected":false},"featured_media":4881,"comment_status":"open","ping_status":"closed","template":"","meta":[],"product_brand":[],"product_cat":[1060],"product_tag":[],"class_list":{"0":"post-4347","1":"product","2":"type-product","3":"status-publish","4":"has-post-thumbnail","6":"product_cat-bracelet","8":"first","9":"instock","10":"taxable","11":"shipping-taxable","12":"purchasable","13":"product-type-simple","14":"layout-style-6","15":"col-md-4 col-sm-4 col-xs-6","16":"col-lg-1-5","17":"product-style-zoom"},"_links":{"self":[{"href":"https:\/\/www.jolyd.com\/fr\/wp-json\/wp\/v2\/product\/4347","targetHints":{"allow":["GET"]}}],"collection":[{"href":"https:\/\/www.jolyd.com\/fr\/wp-json\/wp\/v2\/product"}],"about":[{"href":"https:\/\/www.jolyd.com\/fr\/wp-json\/wp\/v2\/types\/product"}],"replies":[{"embeddable":true,"href":"https:\/\/www.jolyd.com\/fr\/wp-json\/wp\/v2\/comments?post=4347"}],"wp:featuredmedia":[{"embeddable":true,"href":"https:\/\/www.jolyd.com\/fr\/wp-json\/wp\/v2\/media\/4881"}],"wp:attachment":[{"href":"https:\/\/www.jolyd.com\/fr\/wp-json\/wp\/v2\/media?parent=4347"}],"wp:term":[{"taxonomy":"product_brand","embeddable":true,"href":"https:\/\/www.jolyd.com\/fr\/wp-json\/wp\/v2\/product_brand?post=4347"},{"taxonomy":"product_cat","embeddable":true,"href":"https:\/\/www.jolyd.com\/fr\/wp-json\/wp\/v2\/product_cat?post=4347"},{"taxonomy":"product_tag","embeddable":true,"href":"https:\/\/www.jolyd.com\/fr\/wp-json\/wp\/v2\/product_tag?post=4347"}],"curies":[{"name":"wp","href":"https:\/\/api.w.org\/{rel}","templated":true}]}}