{"id":4357,"date":"2022-01-22T15:45:27","date_gmt":"2022-01-22T15:45:27","guid":{"rendered":"https:\/\/www.jolyd.com\/?post_type=product&#038;p=4357"},"modified":"2025-08-14T19:32:30","modified_gmt":"2025-08-14T19:32:30","slug":"collier-de-perles-deau-douce-en-forme-de-coeur","status":"publish","type":"product","link":"https:\/\/www.jolyd.com\/fr\/product\/freshwater-pearl-heart-necklace\/","title":{"rendered":"Collier de perles d'eau douce en forme de coeur"},"content":{"rendered":"<p>Le pr\u00e9sent <a href=\"https:\/\/www.jolyd.com\/fr\/produit\/collier-de-perles-deau-douce-en-forme-de-coeur\/\">Collier de perles d'eau douce en forme de coeur<\/a> est votre nouveau <a href=\"https:\/\/www.jolyd.com\/fr\/produit\/collier-de-perles-deau-douce-en-forme-de-coeur\/\">adorable bijou<\/a> qui orneront votre d\u00e9collet\u00e9. La combinaison de la cha\u00eene en argent 925 et des perles d'eau douce vous permet d'associer votre collier pr\u00e9f\u00e9r\u00e9 \u00e0 de nombreux styles de tenues.<\/p>\n<p>Ce collier d'une longueur de 16 pouces (40cm-5cm) est fabriqu\u00e9 en or 14k et en argent sterling 925, ce qui lui conf\u00e8re durabilit\u00e9 et long\u00e9vit\u00e9. Le collier est orn\u00e9 de perles d'eau douce de 5 mm de diam\u00e8tre et de qualit\u00e9 AAA, r\u00e9put\u00e9es pour leur brillance et leur surface impeccable.<\/p>\n<h3>Collier de perles d'eau douce en forme de coeur<\/h3>\n<p>La pi\u00e8ce ma\u00eetresse de ce collier est une perle d'eau douce en forme de c\u0153ur qui ajoute une touche de romantisme et de charme \u00e0 l'ensemble. Ce collier est parfait pour toutes les occasions, qu'il s'agisse d'un \u00e9v\u00e9nement formel ou d'une sortie d\u00e9contract\u00e9e. Rehaussez votre collection de bijoux avec le collier \u00e0 perles d'eau douce en forme de c\u0153ur et faites l'exp\u00e9rience de l'\u00e9l\u00e9gance et de l'\u00e9l\u00e9gance de ce collier. <a href=\"https:\/\/www.instagram.com\/joandlyd\" target=\"_blank\" rel=\"noopener\">la beaut\u00e9 intemporelle des perles d'eau douce<\/a>.<\/p>","protected":false},"excerpt":{"rendered":"<ul>\n<li>16 pouces (40cm-5cm)<\/li>\n<li>Or 14k<\/li>\n<li>Argent 925<\/li>\n<li>Perles d'eau douce de 5 mm<\/li>\n<li>Perles de qualit\u00e9 AAA<\/li>\n<\/ul>","protected":false},"featured_media":4358,"comment_status":"open","ping_status":"closed","template":"","meta":[],"product_brand":[],"product_cat":[39],"product_tag":[],"class_list":{"0":"post-4357","1":"product","2":"type-product","3":"status-publish","4":"has-post-thumbnail","6":"product_cat-necklace-pendants-for-women","8":"first","9":"outofstock","10":"taxable","11":"shipping-taxable","12":"purchasable","13":"product-type-simple","14":"layout-style-6","15":"col-md-4 col-sm-4 col-xs-6","16":"col-lg-1-5","17":"product-has-gallery","18":"product-style-zoom"},"_links":{"self":[{"href":"https:\/\/www.jolyd.com\/fr\/wp-json\/wp\/v2\/product\/4357","targetHints":{"allow":["GET"]}}],"collection":[{"href":"https:\/\/www.jolyd.com\/fr\/wp-json\/wp\/v2\/product"}],"about":[{"href":"https:\/\/www.jolyd.com\/fr\/wp-json\/wp\/v2\/types\/product"}],"replies":[{"embeddable":true,"href":"https:\/\/www.jolyd.com\/fr\/wp-json\/wp\/v2\/comments?post=4357"}],"wp:featuredmedia":[{"embeddable":true,"href":"https:\/\/www.jolyd.com\/fr\/wp-json\/wp\/v2\/media\/4358"}],"wp:attachment":[{"href":"https:\/\/www.jolyd.com\/fr\/wp-json\/wp\/v2\/media?parent=4357"}],"wp:term":[{"taxonomy":"product_brand","embeddable":true,"href":"https:\/\/www.jolyd.com\/fr\/wp-json\/wp\/v2\/product_brand?post=4357"},{"taxonomy":"product_cat","embeddable":true,"href":"https:\/\/www.jolyd.com\/fr\/wp-json\/wp\/v2\/product_cat?post=4357"},{"taxonomy":"product_tag","embeddable":true,"href":"https:\/\/www.jolyd.com\/fr\/wp-json\/wp\/v2\/product_tag?post=4357"}],"curies":[{"name":"wp","href":"https:\/\/api.w.org\/{rel}","templated":true}]}}