{"id":4363,"date":"2022-01-22T17:03:22","date_gmt":"2022-01-22T17:03:22","guid":{"rendered":"https:\/\/www.jolyd.com\/?post_type=product&#038;p=4363"},"modified":"2025-08-12T17:24:38","modified_gmt":"2025-08-12T17:24:38","slug":"collier-lariat-en-perles-deau-douce","status":"publish","type":"product","link":"https:\/\/www.jolyd.com\/fr\/product\/freshwater-pearl-lariat-necklace\/","title":{"rendered":"Collier Lariat en perles d'eau douce"},"content":{"rendered":"<p>Pr\u00e9sentation de l'exquise Freshwater <a href=\"https:\/\/www.jolyd.com\/fr\/produit\/collier-lariat-en-perles-deau-douce\/\">Collier Lariat en perles<\/a>Ce collier est un superbe bijou qui respire l'\u00e9l\u00e9gance et la sophistication. Ce collier est fabriqu\u00e9 en <a href=\"https:\/\/www.jolyd.com\/fr\/\">perles d'eau douce de haute qualit\u00e9<\/a>Ces perles sont r\u00e9put\u00e9es pour leur brillance et leur beaut\u00e9 naturelle. Les perles sont enfil\u00e9es en un d\u00e9licat lariat, cr\u00e9ant un look gracieux et intemporel, parfait pour toutes les occasions.<\/p>\n<p>Le collier est dot\u00e9 d'un fermoir simple mais \u00e9l\u00e9gant qui permet d'en ajuster facilement la longueur, ce qui le rend polyvalent et adapt\u00e9 \u00e0 un large \u00e9ventail de d\u00e9collet\u00e9s. Il est donc polyvalent et convient \u00e0 diff\u00e9rents types de d\u00e9collet\u00e9s. <strong>perles<\/strong> sont soigneusement s\u00e9lectionn\u00e9s et dispos\u00e9s de mani\u00e8re \u00e0 garantir une taille et une forme uniformes, ce qui permet d'obtenir une finition impeccable et polie.<\/p>\n<h4>Collier Lariat en perles d'eau douce<\/h4>\n<p>Le pr\u00e9sent <a href=\"https:\/\/www.jolyd.com\/fr\/\">Perle d'eau douce<\/a> Le collier Lariat est un <a href=\"https:\/\/www.instagram.com\/joandlyd\" target=\"_blank\" rel=\"noopener\">accessoire indispensable<\/a> pour toute personne soucieuse de la mode et appr\u00e9ciant la beaut\u00e9 des bijoux classiques et intemporels. Il est parfait pour ajouter une touche de sophistication \u00e0 n'importe quelle tenue, qu'il s'agisse d'un \u00e9v\u00e9nement formel ou d'une journ\u00e9e d\u00e9contract\u00e9e. Ce collier est \u00e9galement un cadeau id\u00e9al pour un \u00eatre cher, car il sera certainement ch\u00e9ri pendant des ann\u00e9es.<\/p>\n<p>Investissez d\u00e8s aujourd'hui dans le collier Lariat en perles d'eau douce et d\u00e9couvrez la beaut\u00e9 et l'\u00e9l\u00e9gance de ce bijou exquis.<\/p>","protected":false},"excerpt":{"rendered":"<ul>\n<li>20 pouces (50cm-5cm)<\/li>\n<li>Laiton 14k Or<\/li>\n<li>Perle d'eau douce de 6 mm<\/li>\n<\/ul>","protected":false},"featured_media":6626,"comment_status":"open","ping_status":"closed","template":"","meta":[],"product_brand":[],"product_cat":[39],"product_tag":[],"class_list":{"0":"post-4363","1":"product","2":"type-product","3":"status-publish","4":"has-post-thumbnail","6":"product_cat-necklace-pendants-for-women","8":"first","9":"outofstock","10":"sale","11":"featured","12":"taxable","13":"shipping-taxable","14":"purchasable","15":"product-type-simple","16":"layout-style-6","17":"col-md-4 col-sm-4 col-xs-6","18":"col-lg-1-5","19":"product-has-gallery","20":"product-style-zoom"},"_links":{"self":[{"href":"https:\/\/www.jolyd.com\/fr\/wp-json\/wp\/v2\/product\/4363","targetHints":{"allow":["GET"]}}],"collection":[{"href":"https:\/\/www.jolyd.com\/fr\/wp-json\/wp\/v2\/product"}],"about":[{"href":"https:\/\/www.jolyd.com\/fr\/wp-json\/wp\/v2\/types\/product"}],"replies":[{"embeddable":true,"href":"https:\/\/www.jolyd.com\/fr\/wp-json\/wp\/v2\/comments?post=4363"}],"wp:featuredmedia":[{"embeddable":true,"href":"https:\/\/www.jolyd.com\/fr\/wp-json\/wp\/v2\/media\/6626"}],"wp:attachment":[{"href":"https:\/\/www.jolyd.com\/fr\/wp-json\/wp\/v2\/media?parent=4363"}],"wp:term":[{"taxonomy":"product_brand","embeddable":true,"href":"https:\/\/www.jolyd.com\/fr\/wp-json\/wp\/v2\/product_brand?post=4363"},{"taxonomy":"product_cat","embeddable":true,"href":"https:\/\/www.jolyd.com\/fr\/wp-json\/wp\/v2\/product_cat?post=4363"},{"taxonomy":"product_tag","embeddable":true,"href":"https:\/\/www.jolyd.com\/fr\/wp-json\/wp\/v2\/product_tag?post=4363"}],"curies":[{"name":"wp","href":"https:\/\/api.w.org\/{rel}","templated":true}]}}