{"id":4846,"date":"2022-11-28T19:51:02","date_gmt":"2022-11-28T19:51:02","guid":{"rendered":"https:\/\/www.jolyd.com\/?post_type=product&#038;p=4846"},"modified":"2025-09-11T20:51:17","modified_gmt":"2025-09-11T20:51:17","slug":"collier-ovale-en-argent-925","status":"publish","type":"product","link":"https:\/\/www.jolyd.com\/fr\/product\/925-sterling-silver-oval-necklace\/","title":{"rendered":"Collier ovale en argent 925"},"content":{"rendered":"<p>Voici notre exquis collier ovale en argent 925, un v\u00e9ritable chef-d'\u0153uvre qui captive les admirateurs et rehausse votre style. Ce collier <a href=\"https:\/\/www.jolyd.com\/fr\/produit\/collier-ovale-en-argent-925\/\">collier magnifique<\/a> pr\u00e9sente une collection m\u00e9ticuleuse d'objets <a href=\"https:\/\/www.jolyd.com\/fr\/produit\/collier-ovale-en-argent-925\/\">pendentif artisanal<\/a> avec de d\u00e9licats motifs de fleurs, de feuilles et d'hippocampes agr\u00e9ment\u00e9s de coquillages lumineux et de perles d'eau douce. Chaque pi\u00e8ce est soigneusement fabriqu\u00e9e avec le souci du d\u00e9tail, ce qui donne un accessoire d'une beaut\u00e9 \u00e0 couper le souffle, qui respire l'\u00e9l\u00e9gance et la sophistication. La cha\u00eene en argent 925, d'une longueur de 45 cm, compl\u00e8te parfaitement le pendentif et assure un port confortable qui met en valeur votre d\u00e9collet\u00e9. Fabriqu\u00e9 avec de l'argent sterling de la plus haute qualit\u00e9, ce collier est une \u0153uvre d'art intemporelle et un symbole de beaut\u00e9 durable.<\/p>\n<h4><strong>Collier ovale en argent 925<\/strong><\/h4>\n<p>Fabriqu\u00e9 \u00e0 la main avec passion et pr\u00e9cision, ce collier est con\u00e7u pour celles qui appr\u00e9cient vraiment l'art et le savoir-faire de la haute joaillerie. Que vous assistiez \u00e0 un \u00e9v\u00e9nement formel ou que vous apportiez une touche de glamour \u00e0 votre tenue de tous les jours, ce collier est un choix remarquable qui rehausse sans effort n'importe quelle tenue. Laissez-vous s\u00e9duire par le luxe de ce collier unique, fabriqu\u00e9 avec un souci du d\u00e9tail in\u00e9gal\u00e9 et orn\u00e9 d'une perle d'eau douce, cr\u00e9ant ainsi un point focal envo\u00fbtant. Rehaussez votre collection de bijoux avec ce chef-d'\u0153uvre fait \u00e0 la main, con\u00e7u pour apporter beaut\u00e9, sophistication et une touche de charme naturel dans votre vie. D\u00e9couvrez l'attrait des vrais bijoux avec nos bijoux en argent 925. <a href=\"https:\/\/www.instagram.com\/p\/CoPVxmVsAnV\/?img_index=1\" target=\"_blank\" rel=\"noopener\">Collier ovale<\/a> - une pi\u00e8ce d'apparat qui respire la gr\u00e2ce, l'\u00e9l\u00e9gance et la beaut\u00e9 intemporelle.<\/p>","protected":false},"excerpt":{"rendered":"<p id=\"ProductDetailTitle\" class=\"text-left\">Pendentif ovale en argent 925 pr\u00e9sentant une fleur, une feuille et un hippocampe d\u00e9cor\u00e9 de coquillages et de perles d'eau douce. La cha\u00eene est en argent sterling et mesure 45 cm. Des bijoux faits \u00e0 la main pour vous qui savez appr\u00e9cier les vrais bijoux.<\/p>\n<p>Caract\u00e9ristiques du collier :<\/p>\n<ul>\n<li>Fait \u00e0 la main<\/li>\n<li>Argent 925<\/li>\n<li>D\u00e9cor\u00e9 avec : Perle d'eau douce et coquillage<\/li>\n<li>Largeur : 46 mm<\/li>\n<li>Hauteur : 76 mm.<\/li>\n<\/ul>","protected":false},"featured_media":6539,"comment_status":"open","ping_status":"closed","template":"","meta":[],"product_brand":[],"product_cat":[39],"product_tag":[491,492],"class_list":{"0":"post-4846","1":"product","2":"type-product","3":"status-publish","4":"has-post-thumbnail","6":"product_cat-necklace-pendants-for-women","7":"product_tag-handmade","8":"product_tag-silver","10":"first","11":"instock","12":"taxable","13":"shipping-taxable","14":"purchasable","15":"product-type-simple","16":"layout-style-6","17":"col-md-4 col-sm-4 col-xs-6","18":"col-lg-1-5","19":"product-has-gallery","20":"product-style-zoom"},"_links":{"self":[{"href":"https:\/\/www.jolyd.com\/fr\/wp-json\/wp\/v2\/product\/4846","targetHints":{"allow":["GET"]}}],"collection":[{"href":"https:\/\/www.jolyd.com\/fr\/wp-json\/wp\/v2\/product"}],"about":[{"href":"https:\/\/www.jolyd.com\/fr\/wp-json\/wp\/v2\/types\/product"}],"replies":[{"embeddable":true,"href":"https:\/\/www.jolyd.com\/fr\/wp-json\/wp\/v2\/comments?post=4846"}],"wp:featuredmedia":[{"embeddable":true,"href":"https:\/\/www.jolyd.com\/fr\/wp-json\/wp\/v2\/media\/6539"}],"wp:attachment":[{"href":"https:\/\/www.jolyd.com\/fr\/wp-json\/wp\/v2\/media?parent=4846"}],"wp:term":[{"taxonomy":"product_brand","embeddable":true,"href":"https:\/\/www.jolyd.com\/fr\/wp-json\/wp\/v2\/product_brand?post=4846"},{"taxonomy":"product_cat","embeddable":true,"href":"https:\/\/www.jolyd.com\/fr\/wp-json\/wp\/v2\/product_cat?post=4846"},{"taxonomy":"product_tag","embeddable":true,"href":"https:\/\/www.jolyd.com\/fr\/wp-json\/wp\/v2\/product_tag?post=4846"}],"curies":[{"name":"wp","href":"https:\/\/api.w.org\/{rel}","templated":true}]}}