{"id":4866,"date":"2023-01-09T18:37:48","date_gmt":"2023-01-09T18:37:48","guid":{"rendered":"https:\/\/www.jolyd.com\/?post_type=product&#038;p=4866"},"modified":"2025-09-01T20:21:04","modified_gmt":"2025-09-01T20:21:04","slug":"collier-de-nacre","status":"publish","type":"product","link":"https:\/\/www.jolyd.com\/fr\/product\/mother-of-pearls-necklace\/","title":{"rendered":"Collier de nacre"},"content":{"rendered":"<p data-start=\"154\" data-end=\"772\">Notre raccourci pour avoir l'air intentionnellement styl\u00e9 en quelques secondes. Les <strong data-start=\"216\" data-end=\"245\">Collier de nacre<\/strong> est un m\u00e9lange lumineux de nacre, de perles d'eau douce et de verre de cristal, serti le long d'un souple bracelet. <strong data-start=\"350\" data-end=\"367\">fil m\u00e9tallique<\/strong> qui se d\u00e9place avec vous et capte la lumi\u00e8re douce \u00e0 chaque pas. L'extra-g\u00e9n\u00e9reux <strong data-start=\"454\" data-end=\"472\">152,4 cm (60\u2033)<\/strong> la longueur est le secret - portez-la longue et maigre, <strong data-start=\"517\" data-end=\"549\">le doubler pour obtenir des couches instantan\u00e9es<\/strong>ou <strong data-start=\"554\" data-end=\"583\">le nouer au niveau de la clavicule<\/strong> pour cela <em data-start=\"593\" data-end=\"609\">J'ai pr\u00e9vu cela<\/em> (sans aucun effort). Il est l\u00e9ger comme une plume, flatteur et con\u00e7u pour \u00eatre port\u00e9 \u00e0 plusieurs reprises, de la course au caf\u00e9 au d\u00eener aux chandelles. D\u00e9couvrez la beaut\u00e9 d'un collier en nacre qui s'adapte \u00e0 toutes les occasions.<\/p>\n<p>D\u00e9couvrez la beaut\u00e9 d'un collier en nacre qui s'adapte \u00e0 toutes les occasions.<\/p>\n<p data-start=\"774\" data-end=\"809\"><strong>Pourquoi il transforme les navigateurs en acheteurs<\/strong><\/p>\n<ul data-start=\"810\" data-end=\"1322\">\n<li data-start=\"810\" data-end=\"915\">\n<p data-start=\"812\" data-end=\"915\"><strong data-start=\"812\" data-end=\"831\">Vernis instantan\u00e9 :<\/strong> un seul fermoir = plusieurs looks ; pas d'enchev\u00eatrement, pas de devinette - juste un luxe tranquille \u00e0 la demande.<\/p>\n<\/li>\n<li data-start=\"916\" data-end=\"1073\">\n<p data-start=\"918\" data-end=\"1073\"><strong data-start=\"918\" data-end=\"944\">\u00c9clat du visage :<\/strong> La nacre naturelle et les facettes de cristal raffin\u00e9es font rebondir la lumi\u00e8re vers le haut pour une finition adapt\u00e9e \u00e0 l'appareil photo.<\/p>\n<\/li>\n<li data-start=\"1074\" data-end=\"1217\">\n<p data-start=\"1076\" data-end=\"1217\"><strong data-start=\"1076\" data-end=\"1107\">Polyvalence \u00e0 l'\u00e9preuve de la garde-robe :<\/strong> rehausse les tee-shirts, adoucit les tailleurs et se marie \u00e0 merveille avec les tricots et les slips, ce qui en fait un v\u00eatement parfait pour le jour, la nuit et le week-end.<\/p>\n<p>Le collier polyvalent en nacre est id\u00e9al pour rehausser n'importe quelle tenue.<\/li>\n<li data-start=\"1218\" data-end=\"1322\">\n<p data-start=\"1220\" data-end=\"1322\"><strong data-start=\"1220\" data-end=\"1236\">Voyage facile :<\/strong> s'emballe \u00e0 plat, se coiffe de trois fa\u00e7ons - enroulement, double, n\u0153ud - de sorte qu'une seule pi\u00e8ce fait le travail de trois.<\/p>\n<\/li>\n<\/ul>\n<p data-start=\"1324\" data-end=\"1554\"><strong data-start=\"1324\" data-end=\"1346\">Mat\u00e9riaux et sp\u00e9cifications :<\/strong> <strong data-start=\"1347\" data-end=\"1364\">Fil m\u00e9tallique<\/strong> perl\u00e9e ; perl\u00e9e avec <strong data-start=\"1385\" data-end=\"1404\">nacre<\/strong>, <strong data-start=\"1406\" data-end=\"1426\">perle d'eau douce<\/strong>et <strong data-start=\"1432\" data-end=\"1449\">verre de cristal<\/strong>; <strong data-start=\"1451\" data-end=\"1471\">longueur : 152,4 cm<\/strong>.<\/p>\n<p data-start=\"1556\" data-end=\"1744\"><strong data-start=\"1556\" data-end=\"1579\">Livraison dans le monde entier :<\/strong> Ajouter au panier \u00e0 partir de n'importe quel endroit - Offres Jo&amp;lyd <strong data-start=\"1620\" data-end=\"1647\">Exp\u00e9dition gratuite dans le monde entier<\/strong>Votre nouveau collier pr\u00e9f\u00e9r\u00e9 vous suit o\u00f9 que vous soyez.<\/p>\n<p>Achetez en toute confiance en sachant que le collier en nacre sera livr\u00e9 dans le monde entier.<\/p>\n<p data-start=\"1746\" data-end=\"1763\"><strong>Comment le coiffer<\/strong><\/p>\n<ul data-start=\"1764\" data-end=\"2055\">\n<li data-start=\"1764\" data-end=\"1861\">\n<p data-start=\"1766\" data-end=\"1861\"><strong data-start=\"1766\" data-end=\"1787\">Minimal et moderne :<\/strong> Portez-la longuement sur un tee-shirt blanc et un blazer pour un style scandinave \u00e9pur\u00e9.<\/p>\n<\/li>\n<li data-start=\"1862\" data-end=\"1948\">\n<p data-start=\"1864\" data-end=\"1948\"><strong data-start=\"1864\" data-end=\"1880\">Amoureux des couches :<\/strong> Doublez-la et associez-la \u00e0 une cha\u00eene fine pour ajouter de la texture sans l'encombrer.<\/p>\n<\/li>\n<li data-start=\"1949\" data-end=\"2055\">\n<p data-start=\"1951\" data-end=\"2055\"><strong data-start=\"1951\" data-end=\"1968\">Edition du soir :<\/strong> Nouez-le bas sur de la soie ou du satin ; ajoutez des cerceaux discrets et laissez l'\u00e9clat parler.<\/p>\n<p>Un superbe collier en nacre peut transformer instantan\u00e9ment votre look de soir\u00e9e.<\/li>\n<\/ul>\n<p data-start=\"2057\" data-end=\"2254\"><strong>Des cadeaux qui font mouche<\/strong><br data-start=\"2075\" data-end=\"2078\" \/>La nacre symbolise l'harmonie, tandis que les perles \u00e9voquent la confiance et la gr\u00e2ce. C'est un choix significatif pour les anniversaires, les demoiselles d'honneur, les promotions - ou un cadeau bien m\u00e9rit\u00e9. <em data-start=\"2230\" data-end=\"2246\">se faire plaisir<\/em> moment.<\/p>\n<p>Offrez un collier en nacre pour apporter une touche d'attention \u00e0 toute c\u00e9l\u00e9bration.<\/p>","protected":false},"excerpt":{"rendered":"<ul>\n<li>M\u00e9tal : Fil m\u00e9tallique<\/li>\n<li>Perles : nacre, perles d'eau douce, cristal de verre<\/li>\n<li>Longueur du collier : 152,4 cm<br \/>\n<nav><\/nav>\n<\/li>\n<\/ul>","protected":false},"featured_media":6653,"comment_status":"open","ping_status":"closed","template":"","meta":[],"product_brand":[],"product_cat":[39],"product_tag":[],"class_list":{"0":"post-4866","1":"product","2":"type-product","3":"status-publish","4":"has-post-thumbnail","6":"product_cat-necklace-pendants-for-women","8":"first","9":"instock","10":"taxable","11":"shipping-taxable","12":"purchasable","13":"product-type-simple","14":"layout-style-6","15":"col-md-4 col-sm-4 col-xs-6","16":"col-lg-1-5","17":"product-has-gallery","18":"product-style-zoom"},"_links":{"self":[{"href":"https:\/\/www.jolyd.com\/fr\/wp-json\/wp\/v2\/product\/4866","targetHints":{"allow":["GET"]}}],"collection":[{"href":"https:\/\/www.jolyd.com\/fr\/wp-json\/wp\/v2\/product"}],"about":[{"href":"https:\/\/www.jolyd.com\/fr\/wp-json\/wp\/v2\/types\/product"}],"replies":[{"embeddable":true,"href":"https:\/\/www.jolyd.com\/fr\/wp-json\/wp\/v2\/comments?post=4866"}],"wp:featuredmedia":[{"embeddable":true,"href":"https:\/\/www.jolyd.com\/fr\/wp-json\/wp\/v2\/media\/6653"}],"wp:attachment":[{"href":"https:\/\/www.jolyd.com\/fr\/wp-json\/wp\/v2\/media?parent=4866"}],"wp:term":[{"taxonomy":"product_brand","embeddable":true,"href":"https:\/\/www.jolyd.com\/fr\/wp-json\/wp\/v2\/product_brand?post=4866"},{"taxonomy":"product_cat","embeddable":true,"href":"https:\/\/www.jolyd.com\/fr\/wp-json\/wp\/v2\/product_cat?post=4866"},{"taxonomy":"product_tag","embeddable":true,"href":"https:\/\/www.jolyd.com\/fr\/wp-json\/wp\/v2\/product_tag?post=4866"}],"curies":[{"name":"wp","href":"https:\/\/api.w.org\/{rel}","templated":true}]}}