{"id":4871,"date":"2023-01-09T19:29:05","date_gmt":"2023-01-09T19:29:05","guid":{"rendered":"https:\/\/www.jolyd.com\/?post_type=product&#038;p=4871"},"modified":"2025-09-11T20:49:48","modified_gmt":"2025-09-11T20:49:48","slug":"bracelet-de-desir","status":"publish","type":"product","link":"https:\/\/www.jolyd.com\/fr\/product\/desire-bracelet\/","title":{"rendered":"Bracelet de d\u00e9sir"},"content":{"rendered":"<p>Le <strong><a href=\"https:\/\/www.jolyd.com\/fr\/produit\/bracelet-de-desir\/\">Bracelet de d\u00e9sir<\/a><\/strong> de 7K, un superbe bijou qui incarne l'\u00e9l\u00e9gance et la sophistication. Fabriqu\u00e9 en argent sterling 925, ce bracelet est un v\u00e9ritable t\u00e9moignage de l'exquise qualit\u00e9 de l'artisanat. Orn\u00e9 d'une perle d'eau douce lustr\u00e9e, d'une iolite cr\u00e9\u00e9e en laboratoire et de pierres pr\u00e9cieuses en onyx, il d\u00e9gage une beaut\u00e9 intemporelle. Le bracelet Desire est plaqu\u00e9 d'or jaune 18 carats de 0,3 micron, ce qui ajoute une touche d'opulence \u00e0 son design d\u00e9j\u00e0 captivant. Le plaquage en or ne se contente pas de rehausser l'allure g\u00e9n\u00e9rale du bracelet, il lui assure \u00e9galement une durabilit\u00e9 et une brillance durable.<\/p>\n<h3 class=\"product_title entry-title\">Bracelet de d\u00e9sir<\/h3>\n<p>Que vous assistiez \u00e0 un \u00e9v\u00e9nement officiel ou que vous souhaitiez simplement <a href=\"https:\/\/www.instagram.com\/joandlyd\" target=\"_blank\" rel=\"noopener\">rehausser votre style de tous les jours<\/a>Le bracelet de d\u00e9sir est le <a href=\"https:\/\/www.jolyd.com\/fr\/\">un accessoire parfait<\/a>. Sa coupe parfaite et son port confortable en font un v\u00e9ritable plaisir \u00e0 porter. Avec son design polyvalent, il s'associe sans effort \u00e0 n'importe quelle tenue, ajoutant une touche de raffinement \u00e0 votre look. Laissez-vous s\u00e9duire par le bracelet Desire, un v\u00e9ritable chef-d'\u0153uvre qui capture l'essence de l'\u00e9l\u00e9gance et du luxe. Rehaussez votre style et faites-vous remarquer avec ce bijou exquis de 7K.<\/p>","protected":false},"excerpt":{"rendered":"<ul>\n<li>M\u00e9tal : argent 925<\/li>\n<li>Orn\u00e9 de : Perle d'eau douce, Iolite cr\u00e9\u00e9e par le laboratoire<\/li>\n<li>Pierres pr\u00e9cieuses : Iolite, Onyx<\/li>\n<li>Type de r\u00e9glage : R\u00e9glage du cadre<\/li>\n<li>Placage : Or jaune 18K de 0,3 micron, E-Coat<\/li>\n<li>Largeur du sommet : 11 mm.<\/li>\n<li>Longueur du bracelet : 20cm<\/li>\n<\/ul>","protected":false},"featured_media":4872,"comment_status":"open","ping_status":"closed","template":"","meta":[],"product_brand":[],"product_cat":[1060],"product_tag":[],"class_list":{"0":"post-4871","1":"product","2":"type-product","3":"status-publish","4":"has-post-thumbnail","6":"product_cat-bracelet","8":"first","9":"instock","10":"taxable","11":"shipping-taxable","12":"purchasable","13":"product-type-simple","14":"layout-style-6","15":"col-md-4 col-sm-4 col-xs-6","16":"col-lg-1-5","17":"product-has-gallery","18":"product-style-zoom"},"_links":{"self":[{"href":"https:\/\/www.jolyd.com\/fr\/wp-json\/wp\/v2\/product\/4871","targetHints":{"allow":["GET"]}}],"collection":[{"href":"https:\/\/www.jolyd.com\/fr\/wp-json\/wp\/v2\/product"}],"about":[{"href":"https:\/\/www.jolyd.com\/fr\/wp-json\/wp\/v2\/types\/product"}],"replies":[{"embeddable":true,"href":"https:\/\/www.jolyd.com\/fr\/wp-json\/wp\/v2\/comments?post=4871"}],"wp:featuredmedia":[{"embeddable":true,"href":"https:\/\/www.jolyd.com\/fr\/wp-json\/wp\/v2\/media\/4872"}],"wp:attachment":[{"href":"https:\/\/www.jolyd.com\/fr\/wp-json\/wp\/v2\/media?parent=4871"}],"wp:term":[{"taxonomy":"product_brand","embeddable":true,"href":"https:\/\/www.jolyd.com\/fr\/wp-json\/wp\/v2\/product_brand?post=4871"},{"taxonomy":"product_cat","embeddable":true,"href":"https:\/\/www.jolyd.com\/fr\/wp-json\/wp\/v2\/product_cat?post=4871"},{"taxonomy":"product_tag","embeddable":true,"href":"https:\/\/www.jolyd.com\/fr\/wp-json\/wp\/v2\/product_tag?post=4871"}],"curies":[{"name":"wp","href":"https:\/\/api.w.org\/{rel}","templated":true}]}}