{"id":4889,"date":"2023-01-10T21:40:42","date_gmt":"2023-01-10T21:40:42","guid":{"rendered":"https:\/\/www.jolyd.com\/?post_type=product&#038;p=4889"},"modified":"2025-09-11T20:47:26","modified_gmt":"2025-09-11T20:47:26","slug":"boucles-doreilles-perles-a-crochet-en-argent-925","status":"publish","type":"product","link":"https:\/\/www.jolyd.com\/fr\/product\/925-sterling-silver-hook-pearl-earrings\/","title":{"rendered":"Boucles d'oreilles perles \u00e0 crochet en argent 925"},"content":{"rendered":"<p>Notre exquise collection 925 <a href=\"https:\/\/www.jolyd.com\/fr\/produit\/boucles-doreilles-perles-a-crochet-en-argent-925\/\">Boucles d'oreilles en argent sterling avec perles \u00e0 crochet<\/a>Ces boucles d'oreilles sont la quintessence de l'\u00e9l\u00e9gance et de la sophistication. Fabriqu\u00e9es avec la plus grande pr\u00e9cision, ces boucles d'oreilles sont dot\u00e9es d'un \u00e9l\u00e9gant crochet en argent 925 qui ajoute une touche de beaut\u00e9 intemporelle \u00e0 votre tenue vestimentaire. Chaque paire est orn\u00e9e de perles d'eau douce lustr\u00e9es, m\u00e9ticuleusement s\u00e9lectionn\u00e9es \u00e0 la main pour leur qualit\u00e9 exceptionnelle et leur \u00e9clat naturel. Le m\u00e9tal en argent 925 garantit une durabilit\u00e9 et une brillance luxueuse, tandis que la monture en bond retient solidement les perles en place.<\/p>\n<h5>Boucles d'oreilles perles \u00e0 crochet en argent 925<\/h5>\n<p>Les boucles d'oreilles sont plaqu\u00e9es d'argent pur, ce qui rehausse leur allure et leur conf\u00e8re une touche d'\u00e9l\u00e9gance. <a href=\"https:\/\/www.instagram.com\/joandlyd\" target=\"_blank\" rel=\"noopener\">glamour<\/a>. Le poin\u00e7on de 925 garantit l'authenticit\u00e9 et la qualit\u00e9 de l'argent utilis\u00e9. D'une largeur de 7,5 \u00e0 8 mm et d'une hauteur de 38 mm, ces boucles d'oreilles offrent une pr\u00e9sence captivante sans \u00eatre trop imposante. Les perles d'eau douce, de couleur p\u00eache, sont pleines de gr\u00e2ce et de charme, ce qui en fait un choix polyvalent qui s'accorde avec une grande vari\u00e9t\u00e9 de tenues et d'occasions. Laissez-vous s\u00e9duire par la beaut\u00e9 intemporelle de nos crochets en argent 925. <a href=\"https:\/\/www.jolyd.com\/fr\/\">Boucles d'oreilles en perles<\/a> et vous ferez preuve d'\u00e9l\u00e9gance partout o\u00f9 vous irez. Ces boucles d'oreilles sont le compl\u00e9ment id\u00e9al de votre collection de bijoux ou un cadeau attentionn\u00e9 pour quelqu'un de sp\u00e9cial.<\/p>","protected":false},"excerpt":{"rendered":"<p>Boucles d'oreilles \u00e0 crochet en argent 925, orn\u00e9es de perles d'eau douce<\/p>\n<ul>\n<li>M\u00e9tal : argent 925<\/li>\n<li>D\u00e9cor\u00e9 avec : Perle d'eau douce<\/li>\n<li>Type de r\u00e9glage : Bond<\/li>\n<li>Plaquage : Argent pur<\/li>\n<li>Poin\u00e7on : 925<\/li>\n<li>Type de boucle d'oreille : Crochet<\/li>\n<li>Largeur : 7,5 - 8 mm.<\/li>\n<li>Hauteur : 38 mm.<\/li>\n<li>Perle Couleur : P\u00eache<\/li>\n<\/ul>","protected":false},"featured_media":4890,"comment_status":"open","ping_status":"closed","template":"","meta":[],"product_brand":[],"product_cat":[40],"product_tag":[],"class_list":{"0":"post-4889","1":"product","2":"type-product","3":"status-publish","4":"has-post-thumbnail","6":"product_cat-earrings","8":"first","9":"instock","10":"taxable","11":"shipping-taxable","12":"purchasable","13":"product-type-simple","14":"layout-style-6","15":"col-md-4 col-sm-4 col-xs-6","16":"col-lg-1-5","17":"product-has-gallery","18":"product-style-zoom"},"_links":{"self":[{"href":"https:\/\/www.jolyd.com\/fr\/wp-json\/wp\/v2\/product\/4889","targetHints":{"allow":["GET"]}}],"collection":[{"href":"https:\/\/www.jolyd.com\/fr\/wp-json\/wp\/v2\/product"}],"about":[{"href":"https:\/\/www.jolyd.com\/fr\/wp-json\/wp\/v2\/types\/product"}],"replies":[{"embeddable":true,"href":"https:\/\/www.jolyd.com\/fr\/wp-json\/wp\/v2\/comments?post=4889"}],"wp:featuredmedia":[{"embeddable":true,"href":"https:\/\/www.jolyd.com\/fr\/wp-json\/wp\/v2\/media\/4890"}],"wp:attachment":[{"href":"https:\/\/www.jolyd.com\/fr\/wp-json\/wp\/v2\/media?parent=4889"}],"wp:term":[{"taxonomy":"product_brand","embeddable":true,"href":"https:\/\/www.jolyd.com\/fr\/wp-json\/wp\/v2\/product_brand?post=4889"},{"taxonomy":"product_cat","embeddable":true,"href":"https:\/\/www.jolyd.com\/fr\/wp-json\/wp\/v2\/product_cat?post=4889"},{"taxonomy":"product_tag","embeddable":true,"href":"https:\/\/www.jolyd.com\/fr\/wp-json\/wp\/v2\/product_tag?post=4889"}],"curies":[{"name":"wp","href":"https:\/\/api.w.org\/{rel}","templated":true}]}}