{"id":4911,"date":"2023-01-15T16:01:52","date_gmt":"2023-01-15T16:01:52","guid":{"rendered":"https:\/\/www.jolyd.com\/?post_type=product&#038;p=4911"},"modified":"2025-09-11T20:42:34","modified_gmt":"2025-09-11T20:42:34","slug":"collier-de-perles-deau-douce-2","status":"publish","type":"product","link":"https:\/\/www.jolyd.com\/fr\/product\/beaded-necklace-with-fresh-water-pearls\/","title":{"rendered":"Collier de perles d'eau douce"},"content":{"rendered":"<h2><strong>Introduction \u00e0 propos du collier de perles d'eau douce<\/strong><\/h2>\n<p>Dans le domaine des bijoux \u00e9l\u00e9gants, peu de pi\u00e8ces exsudent l'allure d'un sautoir perl\u00e9 de perles d'eau douce. Cet accessoire intemporel capture sans effort l'essence de la sophistication et de la gr\u00e2ce. Fabriqu\u00e9 avec des perles d'eau douce lustr\u00e9es, ce collier cascade gracieusement, ajoutant un air de raffinement \u00e0 n'importe quelle tenue. Dans ce court blog, nous allons explorer la beaut\u00e9 captivante de cette pi\u00e8ce classique, sa versatilit\u00e9 et le charme durable de ce collier. <a href=\"https:\/\/www.jolyd.com\/fr\/produit\/4-layer-freshwater-pearl-bracelet\/\" target=\"_blank\" rel=\"noopener\">perles d'eau douce<\/a> qui en font un tr\u00e9sor pr\u00e9cieux dans toute collection de bijoux.<\/p>\n<ol>\n<li>\n<h3><strong>Perles d'eau douce lustr\u00e9es :<\/strong><\/h3>\n<\/li>\n<\/ol>\n<hr \/>\n<p>Au c\u0153ur de ce sautoir se trouve le charme exquis des perles d'eau douce. Chaque perle poss\u00e8de un \u00e9clat unique et pr\u00e9sente un jeu de lumi\u00e8re et de reflets envo\u00fbtant. Connues pour leur puret\u00e9 et leur gr\u00e2ce, les perles d'eau douce symbolisent la beaut\u00e9 et l'\u00e9l\u00e9gance intemporelles. Leur allure naturelle s'accorde \u00e0 tous les teints, ce qui en fait un choix polyvalent pour toutes les occasions.<\/p>\n<ol start=\"2\">\n<li>\n<h3><strong>Une symphonie de polyvalence :<\/strong><\/h3>\n<\/li>\n<\/ol>\n<hr \/>\n<p>La beaut\u00e9 d'un sautoir perl\u00e9 de perles d'eau douce r\u00e9side dans sa polyvalence. Qu'il s'agisse de s'habiller pour un \u00e9v\u00e9nement formel ou d'ajouter une touche d'\u00e9l\u00e9gance \u00e0 votre tenue de tous les jours, ce collier s'adapte gracieusement \u00e0 diff\u00e9rents styles. Drap\u00e9e comme un seul long fil, enroul\u00e9e pour un look superpos\u00e9, ou m\u00eame nou\u00e9e pour une touche chic, les options sont infinies, vous permettant d'exprimer votre individualit\u00e9 sans effort.<\/p>\n<ol start=\"3\">\n<li>\n<h3><strong>Parfait pour toutes les occasions :<\/strong><\/h3>\n<\/li>\n<\/ol>\n<hr \/>\n<p>Ce collier exquis est l'accessoire id\u00e9al pour tous les \u00e9v\u00e9nements. Associez-le \u00e0 une \u00e9l\u00e9gante robe de soir\u00e9e pour un look captivant lors d'un mariage ou d'un d\u00eener de gala. Il s'associe \u00e0 des robes d\u00e9contract\u00e9es pour apporter une touche de sophistication lors de brunchs ou de garden parties. Sa capacit\u00e9 \u00e0 rehausser n'importe quelle tenue en fait un compagnon appr\u00e9ci\u00e9 pour les \u00e9v\u00e9nements formels et les rencontres d\u00e9contract\u00e9es.<\/p>\n<h2><strong>Conclusion : Sautoir perl\u00e9 de perles d'eau douce<\/strong><\/h2>\n<p>En conclusion, un collier de perles d'eau douce est une c\u00e9l\u00e9bration de la beaut\u00e9 intemporelle et de l'\u00e9l\u00e9gance raffin\u00e9e. Ses perles d'eau douce lustr\u00e9es, son design polyvalent et sa sophistication sans effort en font un accessoire indispensable pour toutes les femmes.<a href=\"https:\/\/www.instagram.com\/joandlyd\/\" target=\"_blank\" rel=\"noopener\"> collection de bijoux<\/a>. Laissez-vous s\u00e9duire par la gr\u00e2ce de cet accessoire captivant et laissez-le accentuer votre style gr\u00e2ce \u00e0 son charme inn\u00e9. Que vous c\u00e9l\u00e9briez une occasion sp\u00e9ciale ou que vous recherchiez simplement une touche d'\u00e9l\u00e9gance dans votre tenue quotidienne, le long collier perl\u00e9 de perles d'eau douce promet d'ajouter une touche d'enchantement \u00e0 votre ensemble, vous faisant briller d'une allure intemporelle.<\/p>","protected":false},"excerpt":{"rendered":"<ul>\n<li>Mat\u00e9riau : Fil m\u00e9tallique<\/li>\n<li>Perles : perles d'eau douce<\/li>\n<li>Largeur : Perle d'eau douce : 9 - 10 mm.<\/li>\n<li>Longueur du collier : 97\u00bd cm :<br \/>\n<nav><\/nav>\n<\/li>\n<\/ul>","protected":false},"featured_media":6651,"comment_status":"open","ping_status":"closed","template":"","meta":[],"product_brand":[],"product_cat":[39],"product_tag":[],"class_list":{"0":"post-4911","1":"product","2":"type-product","3":"status-publish","4":"has-post-thumbnail","6":"product_cat-necklace-pendants-for-women","8":"first","9":"instock","10":"taxable","11":"shipping-taxable","12":"purchasable","13":"product-type-simple","14":"layout-style-6","15":"col-md-4 col-sm-4 col-xs-6","16":"col-lg-1-5","17":"product-has-gallery","18":"product-style-zoom"},"_links":{"self":[{"href":"https:\/\/www.jolyd.com\/fr\/wp-json\/wp\/v2\/product\/4911","targetHints":{"allow":["GET"]}}],"collection":[{"href":"https:\/\/www.jolyd.com\/fr\/wp-json\/wp\/v2\/product"}],"about":[{"href":"https:\/\/www.jolyd.com\/fr\/wp-json\/wp\/v2\/types\/product"}],"replies":[{"embeddable":true,"href":"https:\/\/www.jolyd.com\/fr\/wp-json\/wp\/v2\/comments?post=4911"}],"wp:featuredmedia":[{"embeddable":true,"href":"https:\/\/www.jolyd.com\/fr\/wp-json\/wp\/v2\/media\/6651"}],"wp:attachment":[{"href":"https:\/\/www.jolyd.com\/fr\/wp-json\/wp\/v2\/media?parent=4911"}],"wp:term":[{"taxonomy":"product_brand","embeddable":true,"href":"https:\/\/www.jolyd.com\/fr\/wp-json\/wp\/v2\/product_brand?post=4911"},{"taxonomy":"product_cat","embeddable":true,"href":"https:\/\/www.jolyd.com\/fr\/wp-json\/wp\/v2\/product_cat?post=4911"},{"taxonomy":"product_tag","embeddable":true,"href":"https:\/\/www.jolyd.com\/fr\/wp-json\/wp\/v2\/product_tag?post=4911"}],"curies":[{"name":"wp","href":"https:\/\/api.w.org\/{rel}","templated":true}]}}