{"id":4915,"date":"2023-01-15T16:37:25","date_gmt":"2023-01-15T16:37:25","guid":{"rendered":"https:\/\/www.jolyd.com\/?post_type=product&#038;p=4915"},"modified":"2025-09-11T20:39:00","modified_gmt":"2025-09-11T20:39:00","slug":"collier-en-verre-de-cristal-blanc-et-perles-deau-douce","status":"publish","type":"product","link":"https:\/\/www.jolyd.com\/fr\/product\/white-crystal-glass-and-freshwater-pearls-necklace\/","title":{"rendered":"Collier en cristal blanc et perles d'eau douce"},"content":{"rendered":"<p>Dans le domaine des bijoux exquis, certaines pi\u00e8ces se distinguent par leur allure intemporelle, captivant les c\u0153urs par leur beaut\u00e9. Parmi ces tr\u00e9sors se trouve le <a href=\"https:\/\/www.jolyd.com\/fr\/produit\/crystal-glass-and-freshwater-pearls-necklace-2\/\" target=\"_blank\" rel=\"noopener\">Collier en cristal blanc et perles d'eau douce<\/a> - un m\u00e9lange envo\u00fbtant de sophistication et de charme.<\/p>\n<p>D\u00e9licate symphonie de perles de cristal blanches et de perles d'eau douce lustr\u00e9es, ce collier rayonne d'une allure \u00e9th\u00e9r\u00e9e. Les perles de cristal scintillent comme des \u00e9toiles, refl\u00e9tant la lumi\u00e8re \u00e0 chaque mouvement. Leur transparence ajoute une touche de magie, rehaussant sans effort n'importe quelle tenue.<\/p>\n<h2>Collier en cristal blanc et perles d'eau douce<\/h2>\n<figure id=\"attachment_4917\" aria-describedby=\"caption-attachment-4917\" style=\"width: 240px\" class=\"wp-caption aligncenter\"><img loading=\"lazy\" decoding=\"async\" class=\"size-medium wp-image-4917\" src=\"https:\/\/www.jolyd.com\/wp-content\/uploads\/2023\/01\/Freshwater-Pearls-Necklace-240x300.jpg\" alt=\"Collier de perles d&#039;eau douce\" width=\"240\" height=\"300\" srcset=\"https:\/\/www.jolyd.com\/wp-content\/uploads\/2023\/01\/Freshwater-Pearls-Necklace-240x300.jpg 240w, https:\/\/www.jolyd.com\/wp-content\/uploads\/2023\/01\/Freshwater-Pearls-Necklace-80x100.jpg 80w, https:\/\/www.jolyd.com\/wp-content\/uploads\/2023\/01\/Freshwater-Pearls-Necklace-937x1171.jpg 937w, https:\/\/www.jolyd.com\/wp-content\/uploads\/2023\/01\/Freshwater-Pearls-Necklace-819x1024.jpg 819w, https:\/\/www.jolyd.com\/wp-content\/uploads\/2023\/01\/Freshwater-Pearls-Necklace-768x960.jpg 768w, https:\/\/www.jolyd.com\/wp-content\/uploads\/2023\/01\/Freshwater-Pearls-Necklace-1229x1536.jpg 1229w, https:\/\/www.jolyd.com\/wp-content\/uploads\/2023\/01\/Freshwater-Pearls-Necklace.jpg 1280w\" sizes=\"auto, (max-width: 240px) 100vw, 240px\" \/><figcaption id=\"caption-attachment-4917\" class=\"wp-caption-text\">Collier de perles d'eau douce<\/figcaption><\/figure>\n<p>Associ\u00e9es gracieusement aux perles de verre, les perles d'eau douce d\u00e9gagent une aura de puret\u00e9 et de gr\u00e2ce. Leur \u00e9clat naturel compl\u00e8te les perles de verre, cr\u00e9ant une harmonie enchanteresse qui \u00e9voque l'\u00e9l\u00e9gance intemporelle.<\/p>\n<p>La polyvalence de ce collier en fait un v\u00e9ritable bijou pour votre collection. Que vous assistiez \u00e0 un \u00e9v\u00e9nement glamour ou que vous souhaitiez simplement ajouter une touche de raffinement \u00e0 votre look de tous les jours, ce collier est le choix id\u00e9al.<\/p>\n<p>Imaginez qu'il soit associ\u00e9 \u00e0 une robe noire classique pour une soir\u00e9e, ou qu'il orne une chemise blanche impeccable pour une touche de sophistication sans effort. Les possibilit\u00e9s sont infinies et chaque fois que vous le porterez, vous t\u00e9moignerez de votre style unique.<\/p>\n<p>Gr\u00e2ce \u00e0 sa beaut\u00e9 durable et \u00e0 son savoir-faire exceptionnel, le collier en verre de cristal blanc et perles d'eau douce peut devenir un objet de famille - un souvenir pr\u00e9cieux transmis de g\u00e9n\u00e9ration en g\u00e9n\u00e9ration.<\/p>\n<p>Adoptez l'allure de cet accessoire intemporel et laissez-le refl\u00e9ter votre gr\u00e2ce et votre \u00e9l\u00e9gance inn\u00e9es. Faites-vous remarquer, cr\u00e9ez des souvenirs et laissez le monde s'\u00e9merveiller de la magie qui s'op\u00e8re lorsque vous portez le bracelet White Crystal Glass et le bracelet de la collection de la collection de la collection de la collection de la collection de l'ann\u00e9e. <a href=\"https:\/\/www.instagram.com\/joandlyd\/\" target=\"_blank\" rel=\"noopener\">Collier de perles d'eau douce<\/a>.<\/p>","protected":false},"excerpt":{"rendered":"<p>Collier en zinc et fil m\u00e9tallique, perl\u00e9 de verre de cristal et de perles d'eau douce<\/p>\n<ul>\n<li>M\u00e9tal : Zinc<\/li>\n<li>Mat\u00e9riau : M\u00e9tallique : Fil<\/li>\n<li>Perles : cristal de verre, perles d'eau douce<\/li>\n<li>Longueur du collier : 82\u00bd - 90 cm<\/li>\n<\/ul>\n<p>&nbsp;<\/p>\n<nav><\/nav>","protected":false},"featured_media":6649,"comment_status":"open","ping_status":"closed","template":"","meta":[],"product_brand":[],"product_cat":[39],"product_tag":[],"class_list":{"0":"post-4915","1":"product","2":"type-product","3":"status-publish","4":"has-post-thumbnail","6":"product_cat-necklace-pendants-for-women","8":"first","9":"instock","10":"featured","11":"taxable","12":"shipping-taxable","13":"purchasable","14":"product-type-simple","15":"layout-style-6","16":"col-md-4 col-sm-4 col-xs-6","17":"col-lg-1-5","18":"product-has-gallery","19":"product-style-zoom"},"_links":{"self":[{"href":"https:\/\/www.jolyd.com\/fr\/wp-json\/wp\/v2\/product\/4915","targetHints":{"allow":["GET"]}}],"collection":[{"href":"https:\/\/www.jolyd.com\/fr\/wp-json\/wp\/v2\/product"}],"about":[{"href":"https:\/\/www.jolyd.com\/fr\/wp-json\/wp\/v2\/types\/product"}],"replies":[{"embeddable":true,"href":"https:\/\/www.jolyd.com\/fr\/wp-json\/wp\/v2\/comments?post=4915"}],"wp:featuredmedia":[{"embeddable":true,"href":"https:\/\/www.jolyd.com\/fr\/wp-json\/wp\/v2\/media\/6649"}],"wp:attachment":[{"href":"https:\/\/www.jolyd.com\/fr\/wp-json\/wp\/v2\/media?parent=4915"}],"wp:term":[{"taxonomy":"product_brand","embeddable":true,"href":"https:\/\/www.jolyd.com\/fr\/wp-json\/wp\/v2\/product_brand?post=4915"},{"taxonomy":"product_cat","embeddable":true,"href":"https:\/\/www.jolyd.com\/fr\/wp-json\/wp\/v2\/product_cat?post=4915"},{"taxonomy":"product_tag","embeddable":true,"href":"https:\/\/www.jolyd.com\/fr\/wp-json\/wp\/v2\/product_tag?post=4915"}],"curies":[{"name":"wp","href":"https:\/\/api.w.org\/{rel}","templated":true}]}}