{"id":4925,"date":"2023-01-15T18:47:12","date_gmt":"2023-01-15T18:47:12","guid":{"rendered":"https:\/\/www.jolyd.com\/?post_type=product&#038;p=4925"},"modified":"2025-09-01T16:25:27","modified_gmt":"2025-09-01T16:25:27","slug":"boucles-doreilles-en-argent-925-ornees-de-perles-deau-douce","status":"publish","type":"product","link":"https:\/\/www.jolyd.com\/fr\/product\/925-sterling-silver-earrings-decorated-with-fresh-water-pearls\/","title":{"rendered":"Boucles d'oreilles en argent 925 orn\u00e9es de perles d'eau douce"},"content":{"rendered":"<p data-start=\"172\" data-end=\"677\">Lorsque vous voulez que votre look soit intentionnel, sans effort, optez pour ces produits. <strong data-start=\"247\" data-end=\"316\">Boucles d'oreilles en argent 925 orn\u00e9es de perles d'eau douce<\/strong>. Leur silhouette \u00e9pur\u00e9e et allong\u00e9e repose parfaitement sur l'oreille, captant la lumi\u00e8re douce lorsque vous vous d\u00e9placez et illuminant subtilement votre visage (et toutes les photos). Fabriqu\u00e9es en argent sterling poli avec des perles soigneusement s\u00e9lectionn\u00e9es, elles sont intemporelles aujourd'hui et dans les ann\u00e9es \u00e0 venir, ce qui est rare, <em data-start=\"587\" data-end=\"603\">usure r\u00e9p\u00e9t\u00e9e<\/em> des boucles d'oreilles que vous garderez pr\u00e8s du miroir. Ces magnifiques <strong data-start=\"247\" data-end=\"316\">Boucles d'oreilles en argent 925 orn\u00e9es de perles d'eau douce<\/strong> sont le compl\u00e9ment id\u00e9al de toute collection de bijoux.<\/p>\n<p data-start=\"679\" data-end=\"715\">Pourquoi ils transforment les internautes en acheteurs<\/p>\n<ul data-start=\"716\" data-end=\"1149\">\n<li data-start=\"716\" data-end=\"797\">\n<p data-start=\"718\" data-end=\"797\"><strong data-start=\"718\" data-end=\"737\">Vernis instantan\u00e9 :<\/strong> un seul fermoir et votre tenue passe de \"fine\" \u00e0 \"fine\". <em data-start=\"784\" data-end=\"794\">termin\u00e9<\/em>.<\/p>\n<\/li>\n<li data-start=\"798\" data-end=\"929\">\n<p data-start=\"800\" data-end=\"929\"><strong data-start=\"800\" data-end=\"828\">L'\u00e9clat du visage :<\/strong> l'\u00e9clat naturel des perles d'eau douce attire le regard vers le haut pour un effet \u00e9l\u00e9gant et adapt\u00e9 \u00e0 l'appareil photo.<\/p>\n<\/li>\n<li data-start=\"930\" data-end=\"1031\">\n<p data-start=\"932\" data-end=\"1031\"><strong data-start=\"932\" data-end=\"955\">Le confort que vous remarquez :<\/strong> des proportions l\u00e9g\u00e8res con\u00e7ues pour \u00eatre port\u00e9es tout au long de la journ\u00e9e<em data-start=\"1006\" data-end=\"1028\">r\u00e9unions \u00e0 martinis<\/em>.<\/p>\n<\/li>\n<li data-start=\"1032\" data-end=\"1149\">\n<p data-start=\"1034\" data-end=\"1149\"><strong data-start=\"1034\" data-end=\"1053\">A l'\u00e9preuve des armoires :<\/strong> aussi \u00e0 l'aise avec des tee-shirts blancs, des slips en soie, des tricots et des v\u00eatements de tailleur, appr\u00e9ciez-les partout.<\/p>\n<p>\u00c9levez votre style sans effort gr\u00e2ce \u00e0 ces <strong>Boucles d'oreilles en argent 925 orn\u00e9es de perles d'eau douce<\/strong>qui sont suffisamment polyvalents pour s'adapter \u00e0 toutes les occasions.<\/li>\n<\/ul>\n<p data-start=\"1151\" data-end=\"1402\"><strong data-start=\"1151\" data-end=\"1172\">Mat\u00e9riaux et sp\u00e9cifications<\/strong><br data-start=\"1172\" data-end=\"1175\" \/>M\u00e9tal : <strong data-start=\"1182\" data-end=\"1205\">Argent 925<\/strong> - Par\u00e9 de : <strong data-start=\"1222\" data-end=\"1246\">Perle d'eau douce AAA<\/strong> - Finition : argent sterling poli - <strong data-start=\"1284\" data-end=\"1299\">Largeur : 6 mm<\/strong> - <strong data-start=\"1302\" data-end=\"1319\">Hauteur : 18 mm<\/strong> -<\/p>\n<p data-start=\"1404\" data-end=\"1643\"><strong data-start=\"1404\" data-end=\"1435\">Livraison mondiale, vous allez adorer<\/strong><br data-start=\"1435\" data-end=\"1438\" \/>Nous exp\u00e9dions <strong data-start=\"1446\" data-end=\"1459\">dans le monde entier<\/strong>-avec <strong data-start=\"1465\" data-end=\"1492\">Exp\u00e9dition gratuite dans le monde entier<\/strong> sur l'ensemble de notre site, afin qu'ils deviennent vos accessoires de tous les jours, o\u00f9 que vous soyez. Ajoutez au panier en toute confiance.<\/p>\n<p>D\u00e9couvrez l'\u00e9l\u00e9gance de <strong>Boucles d'oreilles en argent 925 orn\u00e9es de perles d'eau douce<\/strong> qui apporte un charme intemporel \u00e0 vos tenues de tous les jours.<\/p>\n<p data-start=\"1645\" data-end=\"1662\"><em><strong>Comment le coiffer<\/strong><\/em><\/p>\n<ul data-start=\"1663\" data-end=\"1940\">\n<li data-start=\"1663\" data-end=\"1758\">\n<p data-start=\"1665\" data-end=\"1758\">Restez minimaliste avec une queue de cheval lisse et une chemise blanche impeccable pour une ambiance calme et luxueuse.<\/p>\n<\/li>\n<li data-start=\"1759\" data-end=\"1844\">\n<p data-start=\"1761\" data-end=\"1844\">Associez-les \u00e0 une cha\u00eene en argent fin ou \u00e0 un collier de perles pour un ensemble coh\u00e9rent et moderne.<\/p>\n<\/li>\n<li data-start=\"1845\" data-end=\"1940\">\n<p data-start=\"1847\" data-end=\"1940\">Pour les \u00e9v\u00e9nements, ramenez vos cheveux vers l'arri\u00e8re et laissez la chute lin\u00e9aire encadrer vos traits.<\/p>\n<p>Affichez votre sophistication avec <strong>Boucles d'oreilles en argent 925 orn\u00e9es de perles d'eau douce<\/strong>-Un choix \u00e9l\u00e9gant pour les occasions raffin\u00e9es.<\/li>\n<\/ul>\n<p data-start=\"1942\" data-end=\"2120\"><strong>Un cadeau qui a du sens<\/strong><br data-start=\"1965\" data-end=\"1968\" \/>Les perles symbolisent la clart\u00e9 et la confiance - un sentiment parfait pour les anniversaires, les remises de dipl\u00f4mes, les promotions, les demoiselles d'honneur, ou pour une f\u00eate de famille. <i>un petit plaisir pour soi<\/i>.<\/p>\n<p data-start=\"2122\" data-end=\"2278\"><strong data-start=\"2122\" data-end=\"2141\">Faites-les v\u00f4tres<\/strong><br data-start=\"2141\" data-end=\"2144\" \/>Cliquez sur <strong data-start=\"2150\" data-end=\"2165\">Ajouter au panier<\/strong> et ressentez le pouvoir de stimulation de l'humeur d'un d\u00e9tail qui rehausse toutes les tenues, qu'il s'agisse d'un bureau, d'un d\u00eener ou de tout ce qui se trouve entre les deux.<\/p>\n<p>Ne manquez pas l'occasion de poss\u00e9der ces <strong>Boucles d'oreilles en argent 925 orn\u00e9es de perles d'eau douce<\/strong> qui \u00e9l\u00e8vent votre style \u00e0 de nouveaux sommets.<\/p>","protected":false},"excerpt":{"rendered":"<ul>\n<li>M\u00e9tal : argent 925<\/li>\n<li>D\u00e9cor\u00e9 avec : Perle d'eau douce AAA<\/li>\n<li>Placage : Argent 925<\/li>\n<li>Largeur : 6 mm<\/li>\n<li>Hauteur : 18 mm<\/li>\n<\/ul>","protected":false},"featured_media":4926,"comment_status":"open","ping_status":"closed","template":"","meta":[],"product_brand":[],"product_cat":[40],"product_tag":[],"class_list":{"0":"post-4925","1":"product","2":"type-product","3":"status-publish","4":"has-post-thumbnail","6":"product_cat-earrings","8":"first","9":"instock","10":"taxable","11":"shipping-taxable","12":"purchasable","13":"product-type-simple","14":"layout-style-6","15":"col-md-4 col-sm-4 col-xs-6","16":"col-lg-1-5","17":"product-has-gallery","18":"product-style-zoom"},"_links":{"self":[{"href":"https:\/\/www.jolyd.com\/fr\/wp-json\/wp\/v2\/product\/4925","targetHints":{"allow":["GET"]}}],"collection":[{"href":"https:\/\/www.jolyd.com\/fr\/wp-json\/wp\/v2\/product"}],"about":[{"href":"https:\/\/www.jolyd.com\/fr\/wp-json\/wp\/v2\/types\/product"}],"replies":[{"embeddable":true,"href":"https:\/\/www.jolyd.com\/fr\/wp-json\/wp\/v2\/comments?post=4925"}],"wp:featuredmedia":[{"embeddable":true,"href":"https:\/\/www.jolyd.com\/fr\/wp-json\/wp\/v2\/media\/4926"}],"wp:attachment":[{"href":"https:\/\/www.jolyd.com\/fr\/wp-json\/wp\/v2\/media?parent=4925"}],"wp:term":[{"taxonomy":"product_brand","embeddable":true,"href":"https:\/\/www.jolyd.com\/fr\/wp-json\/wp\/v2\/product_brand?post=4925"},{"taxonomy":"product_cat","embeddable":true,"href":"https:\/\/www.jolyd.com\/fr\/wp-json\/wp\/v2\/product_cat?post=4925"},{"taxonomy":"product_tag","embeddable":true,"href":"https:\/\/www.jolyd.com\/fr\/wp-json\/wp\/v2\/product_tag?post=4925"}],"curies":[{"name":"wp","href":"https:\/\/api.w.org\/{rel}","templated":true}]}}