{"id":4934,"date":"2023-01-15T20:01:48","date_gmt":"2023-01-15T20:01:48","guid":{"rendered":"https:\/\/www.jolyd.com\/?post_type=product&#038;p=4934"},"modified":"2025-09-11T20:37:08","modified_gmt":"2025-09-11T20:37:08","slug":"colliers-en-coton-perle","status":"publish","type":"product","link":"https:\/\/www.jolyd.com\/fr\/product\/cotton-necklaces-beaded\/","title":{"rendered":"Colliers en coton perl\u00e9"},"content":{"rendered":"<p>Les colliers en coton orn\u00e9s d'un \u00e9ventail de perles \u00e9tonnantes sont devenus la derni\u00e8re tendance de la mode, qui allie harmonieusement style et confort. Ces accessoires polyvalents ajoutent une touche enchanteresse \u00e0 n'importe quelle tenue, qu'elle soit d\u00e9contract\u00e9e ou habill\u00e9e. Plongeons dans l'univers des colliers en coton et d\u00e9couvrons pourquoi ils ont conquis le c\u0153ur des passionn\u00e9s de mode du monde entier.<\/p>\n<h2>Colliers en coton perl\u00e9<\/h2>\n<p><img loading=\"lazy\" decoding=\"async\" class=\"size-medium wp-image-4935\" src=\"https:\/\/www.jolyd.com\/wp-content\/uploads\/2023\/01\/Cotton-Necklaces-Beaded-240x300.jpg\" alt=\"Colliers en coton perl\u00e9\" width=\"240\" height=\"300\" srcset=\"https:\/\/www.jolyd.com\/wp-content\/uploads\/2023\/01\/Cotton-Necklaces-Beaded-240x300.jpg 240w, https:\/\/www.jolyd.com\/wp-content\/uploads\/2023\/01\/Cotton-Necklaces-Beaded-80x100.jpg 80w, https:\/\/www.jolyd.com\/wp-content\/uploads\/2023\/01\/Cotton-Necklaces-Beaded-937x1171.jpg 937w, https:\/\/www.jolyd.com\/wp-content\/uploads\/2023\/01\/Cotton-Necklaces-Beaded-819x1024.jpg 819w, https:\/\/www.jolyd.com\/wp-content\/uploads\/2023\/01\/Cotton-Necklaces-Beaded-768x960.jpg 768w, https:\/\/www.jolyd.com\/wp-content\/uploads\/2023\/01\/Cotton-Necklaces-Beaded-1229x1536.jpg 1229w, https:\/\/www.jolyd.com\/wp-content\/uploads\/2023\/01\/Cotton-Necklaces-Beaded.jpg 1280w\" sizes=\"auto, (max-width: 240px) 100vw, 240px\" \/><\/p>\n<h3>Un choix naturel et \u00e9cologique :<\/h3>\n<p>Le coton est une mati\u00e8re durable et \u00e9cologique, ce qui en fait un excellent choix pour les fashionistas conscientes. En optant pour des colliers en coton avec des mat\u00e9riaux naturels, vous rehaussez non seulement votre style, mais vous contribuez \u00e9galement \u00e0 une plan\u00e8te plus verte.<\/p>\n<h3>Diverses conceptions de perles :<\/h3>\n<p>Les colliers de coton perl\u00e9s avec une large gamme de perles offrent un d\u00e9licieux assortiment de motifs. Des d\u00e9licates perles de verre aux perles en bois, il y en a pour tous les go\u00fbts. Les diff\u00e9rentes perles cr\u00e9ent des motifs et des textures uniques qui ajoutent de la profondeur \u00e0 l'ensemble du collier.<\/p>\n<h3>Une \u00e9l\u00e9gance sans faille :<\/h3>\n<p>Que vous vous habilliez pour une occasion sp\u00e9ciale ou que vous passiez une journ\u00e9e d\u00e9contract\u00e9e, le coton est la solution id\u00e9ale. <a href=\"https:\/\/www.jolyd.com\/fr\/produit\/collier-de-lune-multi-brins\/\" target=\"_blank\" rel=\"noopener\">colliers<\/a> rehaussent votre style en toute simplicit\u00e9. Leur l\u00e9g\u00e8ret\u00e9 vous permet de les porter toute la journ\u00e9e sans vous sentir alourdie, tandis que leur charme perl\u00e9 ajoute une touche de sophistication \u00e0 votre look.<\/p>\n<h3>Personnalisation et adaptation :<\/h3>\n<p>L'un des meilleurs atouts des colliers en coton perl\u00e9 est leur caract\u00e8re personnalisable. Vous pouvez m\u00e9langer et assortir diff\u00e9rentes perles, couleurs et longueurs pour cr\u00e9er un collier qui compl\u00e8te parfaitement votre style et votre personnalit\u00e9. Laissez libre cours \u00e0 votre cr\u00e9ativit\u00e9 et cr\u00e9ez un collier qui vous ressemble.<\/p>\n<h3>Bohemian Chic :<\/h3>\n<p>Pour les adeptes de la mode boh\u00e8me, les colliers en coton perl\u00e9 sont un accessoire indispensable. Associez-les \u00e0 des robes fluides, des chemisiers amples ou des jeans pour un look boho-chic qui respire la libert\u00e9 d'esprit.<\/p>\n<h3>Un cadeau du c\u0153ur :<\/h3>\n<p>Les colliers en coton perl\u00e9 constituent \u00e9galement des cadeaux attentionn\u00e9s et sinc\u00e8res. Qu'il s'agisse de l'anniversaire d'un ami ou d'une marque d'appr\u00e9ciation pour un \u00eatre cher, ces colliers apportent une touche personnelle qui montre que vous vous souciez d'eux.<\/p>\n<h2>Conclusion :<\/h2>\n<p>Les colliers en coton perl\u00e9 se sont impos\u00e9s comme un accessoire \u00e0 la pointe de la mode qui incarne l'\u00e9l\u00e9gance et la durabilit\u00e9. Leur charme r\u00e9side dans la combinaison de mat\u00e9riaux respectueux de l'environnement et de perles complexes qui rehaussent n'importe quelle tenue d'une touche d'individualit\u00e9. Embrassez la beaut\u00e9 des<a href=\"https:\/\/www.instagram.com\/joandlyd\/\" target=\"_blank\" rel=\"noopener\"> colliers en perles<\/a>Vous tomberez sous le charme de cette tendance intemporelle.<\/p>","protected":false},"excerpt":{"rendered":"<ul>\n<li>Mati\u00e8re : Coton<\/li>\n<li>Perles : Perle d'eau douce teint\u00e9e<\/li>\n<li>Largeur : 11-13 mm<\/li>\n<li>Longueur du collier : 87\u00bd cm<br \/>\n<nav><\/nav>\n<\/li>\n<\/ul>","protected":false},"featured_media":6648,"comment_status":"open","ping_status":"closed","template":"","meta":[],"product_brand":[],"product_cat":[39],"product_tag":[],"class_list":{"0":"post-4934","1":"product","2":"type-product","3":"status-publish","4":"has-post-thumbnail","6":"product_cat-necklace-pendants-for-women","8":"first","9":"instock","10":"taxable","11":"shipping-taxable","12":"purchasable","13":"product-type-simple","14":"layout-style-6","15":"col-md-4 col-sm-4 col-xs-6","16":"col-lg-1-5","17":"product-has-gallery","18":"product-style-zoom"},"_links":{"self":[{"href":"https:\/\/www.jolyd.com\/fr\/wp-json\/wp\/v2\/product\/4934","targetHints":{"allow":["GET"]}}],"collection":[{"href":"https:\/\/www.jolyd.com\/fr\/wp-json\/wp\/v2\/product"}],"about":[{"href":"https:\/\/www.jolyd.com\/fr\/wp-json\/wp\/v2\/types\/product"}],"replies":[{"embeddable":true,"href":"https:\/\/www.jolyd.com\/fr\/wp-json\/wp\/v2\/comments?post=4934"}],"wp:featuredmedia":[{"embeddable":true,"href":"https:\/\/www.jolyd.com\/fr\/wp-json\/wp\/v2\/media\/6648"}],"wp:attachment":[{"href":"https:\/\/www.jolyd.com\/fr\/wp-json\/wp\/v2\/media?parent=4934"}],"wp:term":[{"taxonomy":"product_brand","embeddable":true,"href":"https:\/\/www.jolyd.com\/fr\/wp-json\/wp\/v2\/product_brand?post=4934"},{"taxonomy":"product_cat","embeddable":true,"href":"https:\/\/www.jolyd.com\/fr\/wp-json\/wp\/v2\/product_cat?post=4934"},{"taxonomy":"product_tag","embeddable":true,"href":"https:\/\/www.jolyd.com\/fr\/wp-json\/wp\/v2\/product_tag?post=4934"}],"curies":[{"name":"wp","href":"https:\/\/api.w.org\/{rel}","templated":true}]}}