{"id":4969,"date":"2023-01-28T17:10:53","date_gmt":"2023-01-28T17:10:53","guid":{"rendered":"https:\/\/www.jolyd.com\/?post_type=product&#038;p=4969"},"modified":"2025-09-01T16:10:39","modified_gmt":"2025-09-01T16:10:39","slug":"boucles-doreilles-en-forme-de-cercle","status":"publish","type":"product","link":"https:\/\/www.jolyd.com\/fr\/product\/circle-push-back-earrings\/","title":{"rendered":"Boucles d'oreilles en forme de cercle"},"content":{"rendered":"<p data-start=\"153\" data-end=\"705\">Des lignes architecturales, une brillance sans effort. Les <strong data-start=\"196\" data-end=\"225\">Boucles d'oreilles en forme de cercle<\/strong> L'\u00e9quilibre entre une barre d'argent \u00e9l\u00e9gante et un cercle ouvert gracieux, termin\u00e9 par un simple <strong data-start=\"305\" data-end=\"325\">perle d'eau douce<\/strong> qui capte la lumi\u00e8re douce \u00e0 chaque mouvement. Sa forme allong\u00e9e cr\u00e9e un effet flatteur, encadrant le visage, moderne et raffin\u00e9. Parfait pour \u00eatre associ\u00e9 \u00e0 un tee-shirt blanc, \u00e9l\u00e9gant avec une robe \u00e0 bretelles et raffin\u00e9 avec un blazer. Fabriqu\u00e9 en <strong data-start=\"547\" data-end=\"576\">argent massif 925<\/strong> avec un syst\u00e8me s\u00e9curis\u00e9 <strong data-start=\"591\" data-end=\"604\">repousser<\/strong> Ces boucles d'oreilles sont con\u00e7ues pour \u00eatre confortables tout au long de la journ\u00e9e et pour \u00eatre port\u00e9es plusieurs fois.<\/p>\n<p data-start=\"707\" data-end=\"743\">Pourquoi ils transforment les internautes en acheteurs<\/p>\n<ul data-start=\"744\" data-end=\"1365\">\n<li data-start=\"744\" data-end=\"942\">\n<p data-start=\"746\" data-end=\"942\"><strong data-start=\"746\" data-end=\"772\">Silhouette flatteuse :<\/strong> une longueur de chute raffin\u00e9e de 75 mm attire le regard vers le haut et allonge le d\u00e9collet\u00e9 ; la largeur de 9 mm permet de conserver un profil \u00e9l\u00e9gant, jamais encombrant.<\/p>\n<\/li>\n<li data-start=\"943\" data-end=\"1089\">\n<p data-start=\"945\" data-end=\"1089\"><strong data-start=\"945\" data-end=\"965\">Facilit\u00e9 d'utilisation dans le monde r\u00e9el :<\/strong> classique <strong data-start=\"974\" data-end=\"987\">repousser<\/strong> se sentent en s\u00e9curit\u00e9 et sans souci du matin au soir.<\/p>\n<\/li>\n<li data-start=\"1090\" data-end=\"1249\">\n<p data-start=\"1092\" data-end=\"1249\"><strong data-start=\"1092\" data-end=\"1115\">Int\u00e9grit\u00e9 des mat\u00e9riaux :<\/strong> <strong data-start=\"1116\" data-end=\"1139\">Argent 925<\/strong> + <strong data-start=\"1142\" data-end=\"1162\">perle d'eau douce<\/strong> pour une qualit\u00e9 intemporelle que vous pouvez porter toute l'ann\u00e9e.<\/p>\n<\/li>\n<li data-start=\"1250\" data-end=\"1365\">\n<p data-start=\"1252\" data-end=\"1365\"><strong data-start=\"1252\" data-end=\"1277\">Polyvalence du code vestimentaire :<\/strong> Suffisamment subtil pour \u00eatre port\u00e9 tous les jours ; suffisamment percutant pour les mariages, les \u00e9v\u00e9nements professionnels et les soir\u00e9es en amoureux.<\/p>\n<\/li>\n<\/ul>\n<p data-start=\"1367\" data-end=\"1632\"><strong data-start=\"1367\" data-end=\"1388\">Mat\u00e9riaux et sp\u00e9cifications<\/strong><br data-start=\"1388\" data-end=\"1391\" \/>M\u00e9tal : <strong data-start=\"1398\" data-end=\"1421\">Argent 925<\/strong> - Pierre : <strong data-start=\"1431\" data-end=\"1451\">perle d'eau douce<\/strong> - Type de boucle d'oreille : <strong data-start=\"1468\" data-end=\"1481\">repousser<\/strong> - <strong data-start=\"1484\" data-end=\"1501\">Hauteur : 75 mm<\/strong> - <strong data-start=\"1504\" data-end=\"1519\">Largeur : 9 mm<\/strong>.<\/p>\n<p data-start=\"1367\" data-end=\"1632\"><strong data-start=\"1634\" data-end=\"1669\">Une livraison dans le monde entier que vous allez adorer :<\/strong> JO&amp;LYD exp\u00e9die ses produits dans le monde entier, avec <strong data-start=\"1698\" data-end=\"1725\">Exp\u00e9dition gratuite dans le monde entier<\/strong> mis en avant sur notre site et dans les r\u00e9seaux sociaux - ajoutez au panier en toute confiance, o\u00f9 que vous soyez.<\/p>\n<p data-start=\"1847\" data-end=\"2142\"><strong data-start=\"1847\" data-end=\"1866\">Comment le coiffer<\/strong><br data-start=\"1866\" data-end=\"1869\" \/>Laissez la g\u00e9om\u00e9trie \u00e9pur\u00e9e ancrer une maille \u00e0 col ras du cou ou un caraco en soie. Superposez une fine cha\u00eene en argent pour une brillance subtile, ou associez un collier \u00e0 barrettes de perles pour faire \u00e9cho \u00e0 la goutte lumineuse. Pour le soir, ramenez vos cheveux en arri\u00e8re et laissez la longue ligne parler d'elle-m\u00eame - un minimum d'effort, un maximum d'effet.<\/p>\n<p data-start=\"2144\" data-end=\"2307\"><strong data-start=\"2144\" data-end=\"2163\">Faites-les v\u00f4tres<\/strong><br data-start=\"2163\" data-end=\"2166\" \/>Cliquez sur <strong data-start=\"2172\" data-end=\"2187\">Ajouter au panier<\/strong> et ressentez la confiance tranquille que procure un d\u00e9tail parfaitement \u00e9tudi\u00e9, qui rehausse votre look sans effort.<\/p>","protected":false},"excerpt":{"rendered":"<p>Boucles d'oreilles en argent 925 avec barres et cercles orn\u00e9s de perles d'eau douce<\/p>\n<ul>\n<li>M\u00e9tal : argent 925<\/li>\n<li>D\u00e9cor\u00e9 avec : Perle d'eau douce<\/li>\n<li>Type de boucle d'oreille : Boucles d'oreilles : Boucles d'oreilles \u00e0 pression<\/li>\n<li>Largeur : 9 mm.<\/li>\n<li>Hauteur : 75 mm.<\/li>\n<\/ul>","protected":false},"featured_media":6630,"comment_status":"open","ping_status":"closed","template":"","meta":[],"product_brand":[],"product_cat":[40],"product_tag":[],"class_list":{"0":"post-4969","1":"product","2":"type-product","3":"status-publish","4":"has-post-thumbnail","6":"product_cat-earrings","8":"first","9":"instock","10":"taxable","11":"shipping-taxable","12":"purchasable","13":"product-type-simple","14":"layout-style-6","15":"col-md-4 col-sm-4 col-xs-6","16":"col-lg-1-5","17":"product-has-gallery","18":"product-style-zoom"},"_links":{"self":[{"href":"https:\/\/www.jolyd.com\/fr\/wp-json\/wp\/v2\/product\/4969","targetHints":{"allow":["GET"]}}],"collection":[{"href":"https:\/\/www.jolyd.com\/fr\/wp-json\/wp\/v2\/product"}],"about":[{"href":"https:\/\/www.jolyd.com\/fr\/wp-json\/wp\/v2\/types\/product"}],"replies":[{"embeddable":true,"href":"https:\/\/www.jolyd.com\/fr\/wp-json\/wp\/v2\/comments?post=4969"}],"wp:featuredmedia":[{"embeddable":true,"href":"https:\/\/www.jolyd.com\/fr\/wp-json\/wp\/v2\/media\/6630"}],"wp:attachment":[{"href":"https:\/\/www.jolyd.com\/fr\/wp-json\/wp\/v2\/media?parent=4969"}],"wp:term":[{"taxonomy":"product_brand","embeddable":true,"href":"https:\/\/www.jolyd.com\/fr\/wp-json\/wp\/v2\/product_brand?post=4969"},{"taxonomy":"product_cat","embeddable":true,"href":"https:\/\/www.jolyd.com\/fr\/wp-json\/wp\/v2\/product_cat?post=4969"},{"taxonomy":"product_tag","embeddable":true,"href":"https:\/\/www.jolyd.com\/fr\/wp-json\/wp\/v2\/product_tag?post=4969"}],"curies":[{"name":"wp","href":"https:\/\/api.w.org\/{rel}","templated":true}]}}