{"id":4993,"date":"2023-01-28T20:15:24","date_gmt":"2023-01-28T20:15:24","guid":{"rendered":"https:\/\/www.jolyd.com\/?post_type=product&#038;p=4993"},"modified":"2025-09-11T20:33:37","modified_gmt":"2025-09-11T20:33:37","slug":"boucles-doreilles-couronne-de-perles","status":"publish","type":"product","link":"https:\/\/www.jolyd.com\/fr\/product\/crown-pearl-earrings\/","title":{"rendered":"Boucles d'oreilles en perles de la Couronne"},"content":{"rendered":"<p>Laissez-vous s\u00e9duire par l'\u00e9l\u00e9gance royale de la <a href=\"https:\/\/www.jolyd.com\/fr\/produit\/boucles-doreilles-couronne-de-perles\/\"><strong>Boucles d'oreilles en perles de la Couronne<\/strong><\/a> de JO&amp;LYD. Ces boucles d'oreilles exquises sont fabriqu\u00e9es avec le plus grand soin. <a href=\"https:\/\/www.jolyd.com\/fr\/\"><strong>argent sterling 925 de la plus haute qualit\u00e9<\/strong><\/a>Le bracelet est en acier inoxydable, ce qui lui conf\u00e8re une grande durabilit\u00e9 et un \u00e9clat luxueux. Le design de la couronne ajoute une touche de sophistication, tandis que les embellissements en diamant simul\u00e9 CZ et en perles d'eau douce cr\u00e9ent un contraste \u00e9tonnant. D'une largeur de 12 mm et d'une hauteur de 16 mm, ces boucles d'oreilles ont la taille id\u00e9ale pour se faire remarquer sans prendre trop d'importance.<\/p>\n<h4><strong>Boucles d'oreilles en perles de la Couronne<\/strong><\/h4>\n<p>Qu'il s'agisse de s'habiller pour une occasion sp\u00e9ciale ou d'ajouter une touche d'originalit\u00e9 \u00e0 un style de vie. <a href=\"https:\/\/www.jolyd.com\/fr\/\">une touche d'\u00e9l\u00e9gance<\/a> Ces boucles d'oreilles sont polyvalentes et d'un chic sans effort. Chaque paire de Crown <a href=\"https:\/\/www.instagram.com\/joandlyd\" target=\"_blank\" rel=\"noopener\">Boucles d'oreilles en perles<\/a> Les boucles d'oreilles en acier inoxydable sont m\u00e9ticuleusement fabriqu\u00e9es avec le souci du d\u00e9tail, garantissant une finition impeccable qui r\u00e9sistera \u00e0 l'\u00e9preuve du temps. Rehaussez votre style et respirez la confiance avec ces superbes boucles d'oreilles qui ne manqueront pas de faire tourner les t\u00eates partout o\u00f9 vous irez.<\/p>","protected":false},"excerpt":{"rendered":"<p>Boucles d'oreilles couronne en argent 925<\/p>\n<ul>\n<li>D\u00e9corations : diamant simul\u00e9 en CZ, perle d'eau douce<\/li>\n<li>M\u00e9tal : argent 925<\/li>\n<li>Largeur : 12 mm<\/li>\n<li>Hauteur : 16 mm<\/li>\n<\/ul>","protected":false},"featured_media":6628,"comment_status":"open","ping_status":"closed","template":"","meta":[],"product_brand":[],"product_cat":[40],"product_tag":[],"class_list":{"0":"post-4993","1":"product","2":"type-product","3":"status-publish","4":"has-post-thumbnail","6":"product_cat-earrings","8":"first","9":"instock","10":"taxable","11":"shipping-taxable","12":"purchasable","13":"product-type-simple","14":"layout-style-6","15":"col-md-4 col-sm-4 col-xs-6","16":"col-lg-1-5","17":"product-has-gallery","18":"product-style-zoom"},"_links":{"self":[{"href":"https:\/\/www.jolyd.com\/fr\/wp-json\/wp\/v2\/product\/4993","targetHints":{"allow":["GET"]}}],"collection":[{"href":"https:\/\/www.jolyd.com\/fr\/wp-json\/wp\/v2\/product"}],"about":[{"href":"https:\/\/www.jolyd.com\/fr\/wp-json\/wp\/v2\/types\/product"}],"replies":[{"embeddable":true,"href":"https:\/\/www.jolyd.com\/fr\/wp-json\/wp\/v2\/comments?post=4993"}],"wp:featuredmedia":[{"embeddable":true,"href":"https:\/\/www.jolyd.com\/fr\/wp-json\/wp\/v2\/media\/6628"}],"wp:attachment":[{"href":"https:\/\/www.jolyd.com\/fr\/wp-json\/wp\/v2\/media?parent=4993"}],"wp:term":[{"taxonomy":"product_brand","embeddable":true,"href":"https:\/\/www.jolyd.com\/fr\/wp-json\/wp\/v2\/product_brand?post=4993"},{"taxonomy":"product_cat","embeddable":true,"href":"https:\/\/www.jolyd.com\/fr\/wp-json\/wp\/v2\/product_cat?post=4993"},{"taxonomy":"product_tag","embeddable":true,"href":"https:\/\/www.jolyd.com\/fr\/wp-json\/wp\/v2\/product_tag?post=4993"}],"curies":[{"name":"wp","href":"https:\/\/api.w.org\/{rel}","templated":true}]}}