{"id":5540,"date":"2023-03-19T16:39:20","date_gmt":"2023-03-19T16:39:20","guid":{"rendered":"https:\/\/www.jolyd.com\/?post_type=product&#038;p=5540"},"modified":"2025-09-01T15:33:02","modified_gmt":"2025-09-01T15:33:02","slug":"bague-saphirs-jaunes","status":"publish","type":"product","link":"https:\/\/www.jolyd.com\/fr\/product\/yellow-sapphires-ring\/","title":{"rendered":"Bague en saphir jaune"},"content":{"rendered":"<p data-start=\"147\" data-end=\"718\">Voici la bague qui rehausse tous les looks. La bague <strong data-start=\"188\" data-end=\"213\">Bague en saphir jaune<\/strong> m\u00e9lange lumineux <strong data-start=\"230\" data-end=\"251\">perles d'eau douce<\/strong> avec des <strong data-start=\"265\" data-end=\"285\">saphirs jaunes<\/strong> pour un \u00e9clat qui se veut poli, pas tapageur. Fabriqu\u00e9 en <strong data-start=\"338\" data-end=\"361\">Argent 925<\/strong> et finis avec des <strong data-start=\"385\" data-end=\"413\">Or jaune 22K \u00e0 3 microns<\/strong> et <strong data-start=\"418\" data-end=\"443\">plaquage rhodium blanc<\/strong>Ce mod\u00e8le est un m\u00e9lange rare d'\u00e9l\u00e9gance et d'aisance que vous porterez \u00e0 plusieurs reprises. Les <strong data-start=\"513\" data-end=\"532\">bande r\u00e9glable<\/strong> assure un ajustement s\u00fbr et confortable aujourd'hui et dans les ann\u00e9es \u00e0 venir, tandis que les montures s\u00fbres et discr\u00e8tes gardent les pierres lisses et sans accrocs pour le port quotidien.<\/p>\n<p>Con\u00e7ue pour l'\u00e9l\u00e9gance, la <strong>Bague en saphir jaune<\/strong> est un accessoire indispensable qui rehausse n'importe quelle tenue.<\/p>\n<p data-start=\"720\" data-end=\"755\">Pourquoi il gagne des c\u0153urs (et des tenues) :<\/p>\n<ul data-start=\"756\" data-end=\"1358\">\n<li data-start=\"756\" data-end=\"917\">\n<p data-start=\"758\" data-end=\"917\"><strong data-start=\"758\" data-end=\"785\">Couleur \u00e9claircissante pour le visage :<\/strong> Le ton saphir ensoleill\u00e9 et le lustre perl\u00e9 doux illuminent subtilement vos mains sur les photos et dans la vie de tous les jours.<\/p>\n<p>Le pr\u00e9sent <strong>Bague en saphir jaune<\/strong> s'harmonise parfaitement avec les looks d\u00e9contract\u00e9s et formels, ce qui le rend polyvalent pour toutes les occasions.<\/li>\n<li data-start=\"918\" data-end=\"1064\">\n<p data-start=\"920\" data-end=\"1064\"><strong data-start=\"920\" data-end=\"942\">Confiance dans l'ad\u00e9quation :<\/strong> les <strong data-start=\"947\" data-end=\"961\">r\u00e9glable<\/strong> La conception \u00e9limine les devinettes en mati\u00e8re de taille : changez de doigt, empilez, r\u00e9p\u00e9tez.<\/p>\n<\/li>\n<li data-start=\"1065\" data-end=\"1225\">\n<p data-start=\"1067\" data-end=\"1225\"><strong data-start=\"1067\" data-end=\"1089\">Le luxe dans le monde r\u00e9el :<\/strong> <strong data-start=\"1090\" data-end=\"1102\">fait \u00e0 la main<\/strong>, avec environ <strong data-start=\"1123\" data-end=\"1134\">10 jours<\/strong> de production, car les pi\u00e8ces consid\u00e9r\u00e9es en valent la peine.<\/p>\n<p>Avec son design unique, le <strong>Bague en saphir jaune<\/strong> se distingue comme une pi\u00e8ce de luxe du monde r\u00e9el.<\/li>\n<li data-start=\"1226\" data-end=\"1358\">\n<p data-start=\"1228\" data-end=\"1358\"><strong data-start=\"1228\" data-end=\"1256\">Preuve sociale et \u00e9lan :<\/strong> \u00e9tiquet\u00e9 <b>\"Chaud\" et \"en stock<\/b>-Les acheteurs l'appr\u00e9cient d\u00e9j\u00e0.<\/p>\n<\/li>\n<\/ul>\n<p data-start=\"1360\" data-end=\"1621\"><strong data-start=\"1360\" data-end=\"1382\">Mat\u00e9riaux et sp\u00e9cifications :<\/strong> Argent 925 ; perles d'eau douce ; saphirs jaunes ; placage : <strong data-start=\"1450\" data-end=\"1494\">Or jaune 22K + rhodium blanc 3 microns<\/strong>; <strong data-start=\"1496\" data-end=\"1510\">r\u00e9glable<\/strong> groupe ; <strong data-start=\"1517\" data-end=\"1529\">fait \u00e0 la main<\/strong> (production de \u224810 jours). Prix actuel : <strong data-start=\"1567\" data-end=\"1582\">1 800,00 kr<\/strong>.<\/p>\n<p data-start=\"1623\" data-end=\"1783\"><strong data-start=\"1623\" data-end=\"1648\">Exp\u00e9dition que vous aimerez :<\/strong> JO&amp;LYD propose <strong data-start=\"1663\" data-end=\"1690\">exp\u00e9dition gratuite dans le monde entier<\/strong>Vous pouvez donc ajouter des articles \u00e0 votre panier en toute confiance, quel que soit l'endroit o\u00f9 vous vous trouvez.<\/p>\n<p data-start=\"1785\" data-end=\"1963\"><strong data-start=\"1785\" data-end=\"1798\">Le style est l\u00e0 :<\/strong> Laissez les saphirs chauds se d\u00e9tacher sur une manucure nude ; associez-les \u00e0 un fin bracelet en or pour faire \u00e9cho \u00e0 l'\u00e9clat du 22 carats, ou restez minimaliste et laissez les perles faire la magie de la mise au point douce.<\/p>\n<p data-start=\"1965\" data-end=\"2128\"><strong data-start=\"1965\" data-end=\"1983\">Faites-le v\u00f4tre :<\/strong> Cliquez sur <strong data-start=\"1990\" data-end=\"2005\">Ajouter au panier<\/strong> et ressentez l'effet de levier instantan\u00e9 qu'une bague bien con\u00e7ue apporte \u00e0 vos courses de caf\u00e9, \u00e0 vos r\u00e9unions avec les clients et \u00e0 vos rendez-vous galants.<\/p>\n<p>L'artisanat exquis de la <strong>Bague en saphir jaune<\/strong> vous garantit que vous ch\u00e9rirez cette pi\u00e8ce pendant des ann\u00e9es.<\/p>","protected":false},"excerpt":{"rendered":"<p class=\"wt-text-body-01 wt-line-height-tight wt-break-word wt-mt-xs-1\" data-buy-box-listing-title=\"true\">Bague r\u00e9glable en argent 925, avec des perles d'eau douce et des saphirs jaunes, plaqu\u00e9s en or jaune 22K de 3 microns et en rhodium blanc.<\/p>\n<p data-buy-box-listing-title=\"true\"><strong>La bague est fabriqu\u00e9e \u00e0 la main et le d\u00e9lai de production est d'environ 10 jours.<\/strong><\/p>","protected":false},"featured_media":6620,"comment_status":"open","ping_status":"closed","template":"","meta":[],"product_brand":[],"product_cat":[41],"product_tag":[],"class_list":{"0":"post-5540","1":"product","2":"type-product","3":"status-publish","4":"has-post-thumbnail","6":"product_cat-rings","8":"first","9":"instock","10":"featured","11":"sold-individually","12":"taxable","13":"shipping-taxable","14":"purchasable","15":"product-type-simple","16":"layout-style-6","17":"col-md-4 col-sm-4 col-xs-6","18":"col-lg-1-5","19":"product-has-gallery","20":"product-style-zoom"},"_links":{"self":[{"href":"https:\/\/www.jolyd.com\/fr\/wp-json\/wp\/v2\/product\/5540","targetHints":{"allow":["GET"]}}],"collection":[{"href":"https:\/\/www.jolyd.com\/fr\/wp-json\/wp\/v2\/product"}],"about":[{"href":"https:\/\/www.jolyd.com\/fr\/wp-json\/wp\/v2\/types\/product"}],"replies":[{"embeddable":true,"href":"https:\/\/www.jolyd.com\/fr\/wp-json\/wp\/v2\/comments?post=5540"}],"wp:featuredmedia":[{"embeddable":true,"href":"https:\/\/www.jolyd.com\/fr\/wp-json\/wp\/v2\/media\/6620"}],"wp:attachment":[{"href":"https:\/\/www.jolyd.com\/fr\/wp-json\/wp\/v2\/media?parent=5540"}],"wp:term":[{"taxonomy":"product_brand","embeddable":true,"href":"https:\/\/www.jolyd.com\/fr\/wp-json\/wp\/v2\/product_brand?post=5540"},{"taxonomy":"product_cat","embeddable":true,"href":"https:\/\/www.jolyd.com\/fr\/wp-json\/wp\/v2\/product_cat?post=5540"},{"taxonomy":"product_tag","embeddable":true,"href":"https:\/\/www.jolyd.com\/fr\/wp-json\/wp\/v2\/product_tag?post=5540"}],"curies":[{"name":"wp","href":"https:\/\/api.w.org\/{rel}","templated":true}]}}