{"id":5543,"date":"2023-03-19T17:08:24","date_gmt":"2023-03-19T17:08:24","guid":{"rendered":"https:\/\/www.jolyd.com\/?post_type=product&#038;p=5543"},"modified":"2025-09-01T19:12:35","modified_gmt":"2025-09-01T19:12:35","slug":"bague-en-peridot","status":"publish","type":"product","link":"https:\/\/www.jolyd.com\/fr\/product\/peridot-ring\/","title":{"rendered":"Bague en p\u00e9ridot"},"content":{"rendered":"<p data-start=\"137\" data-end=\"716\">Une couleur qui change l'humeur. Les <strong data-start=\"177\" data-end=\"202\">Bague saphir p\u00e9ridot<\/strong> m\u00e9lange l'\u00e9clat vif et vert pomme de la <strong data-start=\"241\" data-end=\"252\">p\u00e9ridot<\/strong> avec l'incroyable profondeur des <strong data-start=\"276\" data-end=\"293\">saphir bleu<\/strong>accentu\u00e9e par la s\u00e9r\u00e9nit\u00e9 de la <strong data-start=\"314\" data-end=\"326\">pr\u00e9hnite<\/strong>-Un trio qui flatte tous les tons de peau et rend les tenues neutres instantan\u00e9ment intentionnelles. Fabriqu\u00e9 \u00e0 la main en <strong data-start=\"434\" data-end=\"457\">Argent 925<\/strong> et luxueusement <strong data-start=\"474\" data-end=\"514\">plaqu\u00e9 or jaune 22K 3 microns<\/strong>La collection de chaussures de sport est un m\u00e9lange rare de sophistication et d'aisance que vous utiliserez encore et encore. (Actuellement marqu\u00e9 <strong data-start=\"613\" data-end=\"625\">\u00e9puis\u00e9<\/strong>-Ajouter \u00e0 la liste de souhaits pour \u00eatre le premier dans la file d'attente lorsqu'il sera de retour.)<\/p>\n<p data-start=\"718\" data-end=\"753\">Pourquoi il transforme les navigateurs en acheteurs<\/p>\n<ul data-start=\"754\" data-end=\"1487\">\n<li data-start=\"754\" data-end=\"881\">\n<p data-start=\"756\" data-end=\"881\"><strong data-start=\"756\" data-end=\"788\">Une psychologie des couleurs qui fonctionne :<\/strong> Le p\u00e9ridot vert \u00e9nergisant associ\u00e9 au saphir bleu apaisant = une palette \u00e9quilibr\u00e9e qui donne confiance.<\/p>\n<\/li>\n<li data-start=\"882\" data-end=\"984\">\n<p data-start=\"884\" data-end=\"984\"><strong data-start=\"884\" data-end=\"904\">D\u00e9claration silencieuse :<\/strong> Un design \u00e9pur\u00e9 et sobre qui se r\u00e9v\u00e8le \u00e0 l'image et dans la vie r\u00e9elle sans cri.<\/p>\n<\/li>\n<li data-start=\"985\" data-end=\"1154\">\n<p data-start=\"987\" data-end=\"1154\"><strong data-start=\"987\" data-end=\"1013\">Durabilit\u00e9 dans le monde r\u00e9el :<\/strong> r\u00e9alis\u00e9 en <strong data-start=\"1022\" data-end=\"1036\">Argent 925<\/strong> avec prime <strong data-start=\"1050\" data-end=\"1070\">Plaquage or 22K<\/strong> pour une finition riche con\u00e7ue pour une utilisation r\u00e9p\u00e9t\u00e9e.<\/p>\n<\/li>\n<li data-start=\"1155\" data-end=\"1309\">\n<p data-start=\"1157\" data-end=\"1309\"><strong data-start=\"1157\" data-end=\"1179\">Style polyvalent :<\/strong> \u00e9l\u00e9gant en solo, frappant empil\u00e9 avec des bracelets fins en or ou en argent ; habille le denim, affine le tailleur et adoucit les tenues de soir\u00e9e.<\/p>\n<\/li>\n<li data-start=\"1310\" data-end=\"1487\">\n<p data-start=\"1312\" data-end=\"1487\"><strong data-start=\"1312\" data-end=\"1335\">Cadeaux significatifs : le saphir symbolise la loyaut\u00e9 et la sagesse, <\/strong>tandis que le p\u00e9ridot est li\u00e9 au renouveau et \u00e0 la bonne \u00e9nergie - parfait pour les anniversaires, les \u00e9v\u00e9nements marquants et \" les f\u00eates de fin d'ann\u00e9e \".<em>tu le m\u00e9rites<\/em>moments \".<\/p>\n<\/li>\n<\/ul>\n<p data-start=\"1489\" data-end=\"1765\"><strong>Mat\u00e9riaux et sp\u00e9cifications<\/strong><br data-start=\"1506\" data-end=\"1509\" \/><strong data-start=\"1509\" data-end=\"1523\">Pierres pr\u00e9cieuses :<\/strong> saphir bleu, p\u00e9ridot, pr\u00e9hnite - <strong data-start=\"1559\" data-end=\"1569\">M\u00e9tal :<\/strong> Argent 925 - <strong data-start=\"1592\" data-end=\"1603\">Finition :<\/strong> Plaquage or jaune 22K de 3 microns.<\/p>\n<p data-start=\"1767\" data-end=\"1784\"><strong>Comment le coiffer<\/strong><\/p>\n<ul data-start=\"1785\" data-end=\"2076\">\n<li data-start=\"1785\" data-end=\"1851\">\n<p data-start=\"1787\" data-end=\"1851\">Laissez les verts et les bleus se d\u00e9tacher sur une manucure nude ou laiteuse.<\/p>\n<\/li>\n<li data-start=\"1852\" data-end=\"1973\">\n<p data-start=\"1854\" data-end=\"1973\">Cr\u00e9ez un ensemble moderne avec un fin bracelet en or (pour faire \u00e9cho \u00e0 l'\u00e9clat du 22K) ou un fin bracelet en argent (pour jouer sur les tons froids).<\/p>\n<\/li>\n<li data-start=\"1974\" data-end=\"2076\">\n<p data-start=\"1976\" data-end=\"2076\">Associez-les \u00e0 des clous d'oreilles en p\u00e9ridot ou en saphir pour un ensemble coh\u00e9rent et raffin\u00e9 - du bureau au d\u00eener, de la semaine au week-end.<\/p>\n<\/li>\n<\/ul>\n<p data-start=\"2078\" data-end=\"2253\">Copier dans le panier (quand il est de retour)<br data-start=\"2107\" data-end=\"2110\" \/>Robinet <b>Ajouter \u00e0 la liste de souhaits\" et nous vous informerons.<\/b>\u00a0d\u00e8s son retour. Les pi\u00e8ces qui inspirent les compliments ont tendance \u00e0 dispara\u00eetre rapidement - ne manquez pas votre taille.<\/p>","protected":false},"excerpt":{"rendered":"<p>Bague en argent 925, orn\u00e9e de saphir bleu, p\u00e9ridot et prehnite, plaqu\u00e9e or jaune 22K 3 microns<\/p>","protected":false},"featured_media":6627,"comment_status":"open","ping_status":"closed","template":"","meta":[],"product_brand":[],"product_cat":[41],"product_tag":[491,492],"class_list":{"0":"post-5543","1":"product","2":"type-product","3":"status-publish","4":"has-post-thumbnail","6":"product_cat-rings","7":"product_tag-handmade","8":"product_tag-silver","10":"first","11":"outofstock","12":"taxable","13":"shipping-taxable","14":"purchasable","15":"product-type-simple","16":"layout-style-6","17":"col-md-4 col-sm-4 col-xs-6","18":"col-lg-1-5","19":"product-has-gallery","20":"product-style-zoom"},"_links":{"self":[{"href":"https:\/\/www.jolyd.com\/fr\/wp-json\/wp\/v2\/product\/5543","targetHints":{"allow":["GET"]}}],"collection":[{"href":"https:\/\/www.jolyd.com\/fr\/wp-json\/wp\/v2\/product"}],"about":[{"href":"https:\/\/www.jolyd.com\/fr\/wp-json\/wp\/v2\/types\/product"}],"replies":[{"embeddable":true,"href":"https:\/\/www.jolyd.com\/fr\/wp-json\/wp\/v2\/comments?post=5543"}],"wp:featuredmedia":[{"embeddable":true,"href":"https:\/\/www.jolyd.com\/fr\/wp-json\/wp\/v2\/media\/6627"}],"wp:attachment":[{"href":"https:\/\/www.jolyd.com\/fr\/wp-json\/wp\/v2\/media?parent=5543"}],"wp:term":[{"taxonomy":"product_brand","embeddable":true,"href":"https:\/\/www.jolyd.com\/fr\/wp-json\/wp\/v2\/product_brand?post=5543"},{"taxonomy":"product_cat","embeddable":true,"href":"https:\/\/www.jolyd.com\/fr\/wp-json\/wp\/v2\/product_cat?post=5543"},{"taxonomy":"product_tag","embeddable":true,"href":"https:\/\/www.jolyd.com\/fr\/wp-json\/wp\/v2\/product_tag?post=5543"}],"curies":[{"name":"wp","href":"https:\/\/api.w.org\/{rel}","templated":true}]}}