{"id":5549,"date":"2023-03-20T17:58:44","date_gmt":"2023-03-20T17:58:44","guid":{"rendered":"https:\/\/www.jolyd.com\/?post_type=product&#038;p=5549"},"modified":"2025-09-01T17:01:41","modified_gmt":"2025-09-01T17:01:41","slug":"boucles-doreilles-a-crochets-en-perles-deau-douce","status":"publish","type":"product","link":"https:\/\/www.jolyd.com\/fr\/product\/freshwater-pearl-hook-earrings\/","title":{"rendered":"Boucles d'oreilles \u00e0 crochets en perles d'eau douce"},"content":{"rendered":"<p data-start=\"156\" data-end=\"601\">Le genre de boucles d'oreilles qui donnent \u00e0 un tee-shirt blanc une allure styl\u00e9e et \u00e0 une robe de soir\u00e9e une touche de finition. Nos boucles d'oreilles <strong data-start=\"251\" data-end=\"285\">Boucles d'oreilles \u00e0 crochets en perles d'eau douce<\/strong> captent la lumi\u00e8re douce \u00e0 chaque fois que vous tournez la t\u00eate, ajoutant une lueur flatteuse qui se lit polie, et non criarde. Leur silhouette \u00e9pur\u00e9e et allong\u00e9e est con\u00e7ue pour un confort tout au long de la journ\u00e9e, vous permettant de passer sans probl\u00e8me du caf\u00e9 au cocktail sans la moindre h\u00e9sitation. Si vous aimez les pi\u00e8ces qui travaillent dur pour votre garde-robe, cette paire de <strong>Boucles d'oreilles \u00e0 crochets en perles d'eau douce<\/strong> est votre nouveau MVP.<\/p>\n<p data-start=\"603\" data-end=\"636\">Pourquoi ils gagnent les c\u0153urs (et les tenues)<\/p>\n<ul data-start=\"637\" data-end=\"1105\">\n<li data-start=\"637\" data-end=\"727\">\n<p data-start=\"639\" data-end=\"727\"><strong data-start=\"639\" data-end=\"658\">Vernis instantan\u00e9 :<\/strong> Un seul fermoir et votre look devient intentionnel - une journ\u00e9e de grande coiffure est facultative.<\/p>\n<p>En ce qui concerne les accessoires, <strong>Boucles d'oreilles \u00e0 crochets en perles d'eau douce<\/strong> sont un choix intemporel qui compl\u00e8te n'importe quelle tenue.<\/li>\n<li data-start=\"728\" data-end=\"860\">\n<p data-start=\"730\" data-end=\"860\"><strong data-start=\"730\" data-end=\"758\">L'\u00e9clat du visage :<\/strong> Les perles d'eau douce authentiques refl\u00e8tent une lumi\u00e8re douce, adapt\u00e9e \u00e0 l'appareil photo, pour les appels Zoom, les selfies et les \u00e9clairages \u00e0 la bougie.<\/p>\n<\/li>\n<li data-start=\"861\" data-end=\"980\">\n<p data-start=\"863\" data-end=\"980\"><strong data-start=\"863\" data-end=\"890\">Confiance en la l\u00e9g\u00e8ret\u00e9 :<\/strong> le design \u00e9pur\u00e9 du crochet est confortable et n'entre pas en concurrence avec les imprim\u00e9s ou les d\u00e9collet\u00e9s.<\/p>\n<p>La polyvalence des <strong>Boucles d'oreilles \u00e0 crochets en perles d'eau douce<\/strong> les rend adapt\u00e9s \u00e0 toutes les occasions, qu'il s'agisse de rencontres d\u00e9contract\u00e9es ou d'\u00e9v\u00e9nements formels.<\/li>\n<li data-start=\"981\" data-end=\"1105\">\n<p data-start=\"983\" data-end=\"1105\"><strong data-start=\"983\" data-end=\"1011\">A porter partout :<\/strong> parfait avec des chemises impeccables, des slips en soie, des tricots et des blazers - de la semaine au week-end, du bureau au d\u00eener.<\/p>\n<\/li>\n<\/ul>\n<p data-start=\"1107\" data-end=\"1377\"><strong data-start=\"1107\" data-end=\"1129\">Mat\u00e9riaux et sp\u00e9cifications :<\/strong> <strong data-start=\"1130\" data-end=\"1153\">Argent 925<\/strong> crochets avec <strong data-start=\"1169\" data-end=\"1190\">perles d'eau douce<\/strong>. Environ. <strong data-start=\"1200\" data-end=\"1216\">Hauteur 40 mm<\/strong> et <strong data-start=\"1221\" data-end=\"1237\">largeur 8,5 mm<\/strong>-Une goutte gracieuse qui se remarque tout en \u00e9tant facile \u00e0 porter.<\/p>\n<p data-start=\"1574\" data-end=\"1781\"><strong data-start=\"1574\" data-end=\"1597\">Livraison dans le monde entier :<\/strong> Nous exp\u00e9dions partout - avec <strong data-start=\"1622\" data-end=\"1649\">Exp\u00e9dition gratuite dans le monde entier<\/strong> sur notre site et sur les r\u00e9seaux sociaux, afin qu'elles deviennent vos boucles d'oreilles pr\u00e9f\u00e9r\u00e9es, o\u00f9 que vous soyez.<\/p>\n<p data-start=\"1783\" data-end=\"1800\"><strong>Comment le coiffer<\/strong><\/p>\n<ul data-start=\"1801\" data-end=\"2085\">\n<li data-start=\"1801\" data-end=\"1892\">\n<p data-start=\"1803\" data-end=\"1892\">Restez minimaliste avec une queue de cheval lisse et une chemise blanche pour un effet tranquille et luxueux.<\/p>\n<p>Ces magnifiques <strong>Boucles d'oreilles \u00e0 crochets en perles d'eau douce<\/strong> peut \u00e9galement \u00eatre associ\u00e9 \u00e0 un blazer chic pour un look professionnel.<\/li>\n<li data-start=\"1893\" data-end=\"1988\">\n<p data-start=\"1895\" data-end=\"1988\">Superposez une cha\u00eene en argent fin ou un collier de perles pour un ensemble coh\u00e9rent et moderne.<\/p>\n<\/li>\n<li data-start=\"1989\" data-end=\"2085\">\n<p data-start=\"1991\" data-end=\"2085\">Pour les \u00e9v\u00e9nements, ramenez vos cheveux vers l'arri\u00e8re et laissez l'\u00e9l\u00e9gante chute encadrer vos traits.<\/p>\n<\/li>\n<\/ul>\n<p data-start=\"2087\" data-end=\"2342\"><em><strong>Les perles symbolisent la clart\u00e9 et la confiance.<\/strong><\/em>e-parfait pour les anniversaires, les demoiselles d'honneur, les remises de dipl\u00f4mes, les promotions, et <i>des moments m\u00e9morables pour se faire plaisir<\/i>.<\/p>\n<p data-start=\"2344\" data-end=\"2481\"><strong data-start=\"2344\" data-end=\"2364\">Faites-les v\u00f4tres :<\/strong> Ajoutez au panier et d\u00e9couvrez comment un simple d\u00e9tail bien choisi peut rehausser votre humeur et votre tenue \u00e0 chaque fois que vous sortez.<\/p>\n<p>Ne manquez pas l'occasion de poss\u00e9der ces objets exquis. <strong>Boucles d'oreilles \u00e0 crochets en perles d'eau douce<\/strong> qui ajoutent une touche d'\u00e9l\u00e9gance \u00e0 n'importe quelle tenue.<\/p>","protected":false},"excerpt":{"rendered":"<ul>\n<li>Largeur : 8,5 mm<\/li>\n<li>Hauteur : 40 mm.<\/li>\n<li>Argent 925<\/li>\n<li>Perles d'eau douce<\/li>\n<\/ul>","protected":false},"featured_media":6633,"comment_status":"open","ping_status":"closed","template":"","meta":[],"product_brand":[],"product_cat":[40],"product_tag":[],"class_list":{"0":"post-5549","1":"product","2":"type-product","3":"status-publish","4":"has-post-thumbnail","6":"product_cat-earrings","8":"first","9":"instock","10":"taxable","11":"shipping-taxable","12":"purchasable","13":"product-type-simple","14":"layout-style-6","15":"col-md-4 col-sm-4 col-xs-6","16":"col-lg-1-5","17":"product-has-gallery","18":"product-style-zoom"},"_links":{"self":[{"href":"https:\/\/www.jolyd.com\/fr\/wp-json\/wp\/v2\/product\/5549","targetHints":{"allow":["GET"]}}],"collection":[{"href":"https:\/\/www.jolyd.com\/fr\/wp-json\/wp\/v2\/product"}],"about":[{"href":"https:\/\/www.jolyd.com\/fr\/wp-json\/wp\/v2\/types\/product"}],"replies":[{"embeddable":true,"href":"https:\/\/www.jolyd.com\/fr\/wp-json\/wp\/v2\/comments?post=5549"}],"wp:featuredmedia":[{"embeddable":true,"href":"https:\/\/www.jolyd.com\/fr\/wp-json\/wp\/v2\/media\/6633"}],"wp:attachment":[{"href":"https:\/\/www.jolyd.com\/fr\/wp-json\/wp\/v2\/media?parent=5549"}],"wp:term":[{"taxonomy":"product_brand","embeddable":true,"href":"https:\/\/www.jolyd.com\/fr\/wp-json\/wp\/v2\/product_brand?post=5549"},{"taxonomy":"product_cat","embeddable":true,"href":"https:\/\/www.jolyd.com\/fr\/wp-json\/wp\/v2\/product_cat?post=5549"},{"taxonomy":"product_tag","embeddable":true,"href":"https:\/\/www.jolyd.com\/fr\/wp-json\/wp\/v2\/product_tag?post=5549"}],"curies":[{"name":"wp","href":"https:\/\/api.w.org\/{rel}","templated":true}]}}