{"id":5552,"date":"2023-03-20T20:14:41","date_gmt":"2023-03-20T20:14:41","guid":{"rendered":"https:\/\/www.jolyd.com\/?post_type=product&#038;p=5552"},"modified":"2026-03-11T20:44:23","modified_gmt":"2026-03-11T20:44:23","slug":"boucles-doreilles-a-enfiler","status":"publish","type":"product","link":"https:\/\/www.jolyd.com\/fr\/product\/threader-earrings\/","title":{"rendered":"Boucles d'oreilles en argent sterling"},"content":{"rendered":"<p>Voici notre exquise collection en argent 925 Sterling <a href=\"https:\/\/www.jolyd.com\/fr\/produit\/boucles-doreilles-a-enfiler\/\"><strong>Boucle d'oreille \u00e0 enfiler<\/strong><\/a>avec des perles d'eau douce. Ces perles <a href=\"https:\/\/www.instagram.com\/joandlyd\/\" target=\"_blank\" rel=\"noopener\">boucles d'oreilles \u00e9l\u00e9gantes<\/a> sont l'incarnation de la sophistication et du style. Fabriqu\u00e9es avec soin, ces boucles d'oreilles sont dot\u00e9es d'un enfileur d\u00e9licat qui glisse sans effort \u00e0 travers le lobe de l'oreille, cr\u00e9ant ainsi un effet pendentif \u00e9poustouflant. Fabriqu\u00e9es en argent 925 de haute qualit\u00e9, ces boucles d'oreilles sont non seulement belles, mais aussi durables, ce qui garantit qu'elles dureront des ann\u00e9es. Les boucles d'oreilles sont en argent 925 de haute qualit\u00e9. <a href=\"https:\/\/www.jolyd.com\/fr\/\">perles d'eau douce<\/a> ajoutent une touche de beaut\u00e9 naturelle et d'\u00e9l\u00e9gance \u00e0 ces <strong>des boucles d'oreilles \u00e9tonnantes<\/strong>Ils sont donc l'accessoire id\u00e9al pour toutes les occasions.<\/p>\n<h4><strong>Boucles d'oreilles \u00e0 enfiler<\/strong><\/h4>\n<p>Que vous vous habilliez pour un \u00e9v\u00e9nement sp\u00e9cial ou que vous souhaitiez simplement ajouter une touche de luxe \u00e0 votre look de tous les jours, ces boucles d'oreilles Threader sont le choix id\u00e9al. Leur design intemporel s'accorde avec toutes les tenues, qu'elles soient d\u00e9contract\u00e9es ou habill\u00e9es, et ajoute une touche de sophistication \u00e0 votre ensemble. Am\u00e9liorez votre <a href=\"https:\/\/www.jolyd.com\/fr\/\"><strong>collection de bijoux<\/strong><\/a> avec ces exquises boucles d'oreilles \u00e0 enfiler, et faites une <a href=\"https:\/\/www.jolyd.com\/fr\/\"><strong>un cadeau id\u00e9al pour les bijoux<\/strong><\/a> pour vous-m\u00eame ou pour un \u00eatre cher. Embrassez la beaut\u00e9 et l'\u00e9l\u00e9gance de ces boucles d'oreilles en argent 925 avec des perles d'eau douce et faites une d\u00e9claration de mode audacieuse o\u00f9 que vous alliez.<\/p>","protected":false},"excerpt":{"rendered":"<ul>\n<li>Largeur : 7 mm<\/li>\n<li>Hauteur : 5cm<\/li>\n<li>Argent 925<\/li>\n<li>Perle d'eau douce<\/li>\n<\/ul>","protected":false},"featured_media":6616,"comment_status":"open","ping_status":"closed","template":"","meta":[],"product_brand":[],"product_cat":[40],"product_tag":[],"class_list":{"0":"post-5552","1":"product","2":"type-product","3":"status-publish","4":"has-post-thumbnail","6":"product_cat-earrings","8":"first","9":"instock","10":"taxable","11":"shipping-taxable","12":"purchasable","13":"product-type-simple","14":"layout-style-6","15":"col-md-4 col-sm-4 col-xs-6","16":"col-lg-1-5","17":"product-has-gallery","18":"product-style-zoom"},"_links":{"self":[{"href":"https:\/\/www.jolyd.com\/fr\/wp-json\/wp\/v2\/product\/5552","targetHints":{"allow":["GET"]}}],"collection":[{"href":"https:\/\/www.jolyd.com\/fr\/wp-json\/wp\/v2\/product"}],"about":[{"href":"https:\/\/www.jolyd.com\/fr\/wp-json\/wp\/v2\/types\/product"}],"replies":[{"embeddable":true,"href":"https:\/\/www.jolyd.com\/fr\/wp-json\/wp\/v2\/comments?post=5552"}],"wp:featuredmedia":[{"embeddable":true,"href":"https:\/\/www.jolyd.com\/fr\/wp-json\/wp\/v2\/media\/6616"}],"wp:attachment":[{"href":"https:\/\/www.jolyd.com\/fr\/wp-json\/wp\/v2\/media?parent=5552"}],"wp:term":[{"taxonomy":"product_brand","embeddable":true,"href":"https:\/\/www.jolyd.com\/fr\/wp-json\/wp\/v2\/product_brand?post=5552"},{"taxonomy":"product_cat","embeddable":true,"href":"https:\/\/www.jolyd.com\/fr\/wp-json\/wp\/v2\/product_cat?post=5552"},{"taxonomy":"product_tag","embeddable":true,"href":"https:\/\/www.jolyd.com\/fr\/wp-json\/wp\/v2\/product_tag?post=5552"}],"curies":[{"name":"wp","href":"https:\/\/api.w.org\/{rel}","templated":true}]}}