{"id":6288,"date":"2024-04-13T14:32:09","date_gmt":"2024-04-13T14:32:09","guid":{"rendered":"https:\/\/www.jolyd.com\/?post_type=product&#038;p=6288"},"modified":"2025-08-31T01:05:58","modified_gmt":"2025-08-31T01:05:58","slug":"anneau-reglable-jolyd","status":"publish","type":"product","link":"https:\/\/www.jolyd.com\/fr\/product\/jolyd-adjustable-ring\/","title":{"rendered":"JO&amp;LYD Bague r\u00e9glable"},"content":{"rendered":"<p data-start=\"151\" data-end=\"681\" data-rm-block-id=\"block-1\">D\u00e9couvrez la bague qui s'adapte \u00e0 vous. L'anneau <strong data-start=\"189\" data-end=\"215\">JO&amp;LYD Bague r\u00e9glable<\/strong> m\u00e9lange lumineux <strong data-start=\"232\" data-end=\"253\">perles d'eau douce<\/strong> avec <strong data-start=\"259\" data-end=\"282\">Argent 925<\/strong>Le b\u00e2timent, richement d\u00e9cor\u00e9, se compose d'un <strong data-start=\"303\" data-end=\"331\">Or jaune 22K \u00e0 3 microns<\/strong> et <strong data-start=\"336\" data-end=\"354\">ruth\u00e9nium gris<\/strong> pour un \u00e9clat moderne et bicolore. Les <strong data-start=\"388\" data-end=\"407\">bande r\u00e9glable<\/strong> signifie un ajustement confortable et s\u00fbr - aujourd'hui, demain et dans les ann\u00e9es \u00e0 venir - afin que vous puissiez changer de doigt ou empiler sans avoir \u00e0 vous poser de questions sur la taille. Poin\u00e7onn\u00e9 <strong data-start=\"555\" data-end=\"562\">925<\/strong> pour l'authenticit\u00e9, il s'agit d'une pi\u00e8ce \u00e9l\u00e9gante et sculpturale qui se sent aussi bien qu'elle est belle.<\/p>\n<p data-start=\"683\" data-end=\"718\" data-rm-block-id=\"block-2\">Pourquoi il gagne des c\u0153urs (et des tenues) :<\/p>\n<ul data-start=\"719\" data-end=\"1278\">\n<li data-start=\"719\" data-end=\"863\">\n<p data-start=\"721\" data-end=\"863\" data-rm-block-id=\"block-3\"><strong data-start=\"721\" data-end=\"749\">L'\u00e9clat du visage :<\/strong> Les perles d'eau douce authentiques captent la lumi\u00e8re douce pour vous donner un \u00e9clat magnifique.<\/p>\n<\/li>\n<li data-start=\"864\" data-end=\"1020\">\n<p data-start=\"866\" data-end=\"1020\" data-rm-block-id=\"block-4\"><strong data-start=\"866\" data-end=\"891\">Polyvalence bicolore :<\/strong> L'or chaud 22K rencontre le ruth\u00e9nium froid - se marie sans effort avec les bijoux en or et en argent.<\/p>\n<\/li>\n<li data-start=\"1021\" data-end=\"1154\">\n<p data-start=\"1023\" data-end=\"1154\" data-rm-block-id=\"block-5\"><strong data-start=\"1023\" data-end=\"1045\">Confiance dans l'ad\u00e9quation :<\/strong> la conception ajustable \u00e9limine l'angoisse de la taille et invite \u00e0 un port quotidien.<\/p>\n<\/li>\n<li data-start=\"1155\" data-end=\"1278\">\n<p data-start=\"1157\" data-end=\"1278\" data-rm-block-id=\"block-6\"><strong data-start=\"1157\" data-end=\"1175\">Le choix de la tendance :<\/strong> r\u00e9pertori\u00e9 comme <strong data-start=\"1186\" data-end=\"1193\">Chaud<\/strong> sur le site - parce que l'intemporel peut \u00eatre en demande.<\/p>\n<\/li>\n<\/ul>\n<p data-start=\"1280\" data-end=\"1511\" data-rm-block-id=\"block-7\"><strong data-start=\"1280\" data-end=\"1302\">Mat\u00e9riaux et sp\u00e9cifications :<\/strong> Argent 925 ; perles d'eau douce ; <strong data-start=\"1343\" data-end=\"1397\">Placage : Or jaune 22K 3 microns + ruth\u00e9nium gris<\/strong>; <strong data-start=\"1399\" data-end=\"1417\">poin\u00e7onn\u00e9 925<\/strong>; <strong data-start=\"1419\" data-end=\"1441\">largeur sup\u00e9rieure ~7\/8 in.<\/strong> Prix actuel : <strong data-start=\"1457\" data-end=\"1472\">1 500,00 kr<\/strong>.<\/p>\n<p data-start=\"1513\" data-end=\"1655\" data-rm-block-id=\"block-8\"><strong data-start=\"1513\" data-end=\"1533\">Livraison mondiale :<\/strong> JO&amp;LYD propose <strong data-start=\"1548\" data-end=\"1575\">exp\u00e9dition gratuite dans le monde entier<\/strong>-votre nouvelle bague pr\u00e9f\u00e9r\u00e9e, o\u00f9 que vous soyez.<\/p>\n<p data-start=\"1657\" data-end=\"1866\" data-rm-block-id=\"block-9\"><strong data-start=\"1657\" data-end=\"1670\">Le style est l\u00e0 :<\/strong> Laissez les perles occuper le devant de la sc\u00e8ne avec une manucure nude, ou associez-les \u00e0 un fin bracelet en or pour faire \u00e9cho \u00e0 la chaude finition 22 carats. Pour le soir, ajoutez de d\u00e9licats clous d'oreilles en perles pour cr\u00e9er un ensemble coh\u00e9rent et lumineux.<\/p>\n<p data-start=\"1868\" data-end=\"2019\" data-rm-block-id=\"block-10\"><strong data-start=\"1868\" data-end=\"1886\">Faites-le v\u00f4tre :<\/strong> Ajoutez l'anneau ajustable \u00e0 votre panier et sentez l'\u00e9l\u00e9vation instantan\u00e9e qu'un accessoire bien pens\u00e9 apporte - \u00e0 chaque caf\u00e9, clavier et claquement de verre.<\/p>","protected":false},"excerpt":{"rendered":"<ul>\n<li>M\u00e9tal : argent 925<\/li>\n<li>D\u00e9cor\u00e9 avec : Perles d'eau douce<\/li>\n<li>Placage : Or jaune 22K 3 microns, Ruth\u00e9nium gris<\/li>\n<li>Poin\u00e7on : 925<\/li>\n<li>\n<div class=\"product-title-box\">\n<div id=\"ShowProductDisplay\">\n<p>Largeur de la partie sup\u00e9rieure :\u00a0<sup>7<\/sup>\u2044<sub>8<\/sub>\u00a0pouces<\/p>\n<\/div>\n<\/div>\n<div class=\"product2column\"><\/div>\n<\/li>\n<\/ul>\n<div class=\"CheckOption\"><\/div>\n<p>&nbsp;<\/p>","protected":false},"featured_media":6492,"comment_status":"open","ping_status":"closed","template":"","meta":[],"product_brand":[],"product_cat":[41],"product_tag":[491,492],"class_list":{"0":"post-6288","1":"product","2":"type-product","3":"status-publish","4":"has-post-thumbnail","6":"product_cat-rings","7":"product_tag-handmade","8":"product_tag-silver","10":"first","11":"instock","12":"featured","13":"taxable","14":"shipping-taxable","15":"purchasable","16":"product-type-simple","17":"layout-style-6","18":"col-md-4 col-sm-4 col-xs-6","19":"col-lg-1-5","20":"product-has-gallery","21":"product-style-zoom"},"_links":{"self":[{"href":"https:\/\/www.jolyd.com\/fr\/wp-json\/wp\/v2\/product\/6288","targetHints":{"allow":["GET"]}}],"collection":[{"href":"https:\/\/www.jolyd.com\/fr\/wp-json\/wp\/v2\/product"}],"about":[{"href":"https:\/\/www.jolyd.com\/fr\/wp-json\/wp\/v2\/types\/product"}],"replies":[{"embeddable":true,"href":"https:\/\/www.jolyd.com\/fr\/wp-json\/wp\/v2\/comments?post=6288"}],"wp:featuredmedia":[{"embeddable":true,"href":"https:\/\/www.jolyd.com\/fr\/wp-json\/wp\/v2\/media\/6492"}],"wp:attachment":[{"href":"https:\/\/www.jolyd.com\/fr\/wp-json\/wp\/v2\/media?parent=6288"}],"wp:term":[{"taxonomy":"product_brand","embeddable":true,"href":"https:\/\/www.jolyd.com\/fr\/wp-json\/wp\/v2\/product_brand?post=6288"},{"taxonomy":"product_cat","embeddable":true,"href":"https:\/\/www.jolyd.com\/fr\/wp-json\/wp\/v2\/product_cat?post=6288"},{"taxonomy":"product_tag","embeddable":true,"href":"https:\/\/www.jolyd.com\/fr\/wp-json\/wp\/v2\/product_tag?post=6288"}],"curies":[{"name":"wp","href":"https:\/\/api.w.org\/{rel}","templated":true}]}}