{"id":6300,"date":"2024-04-13T17:24:31","date_gmt":"2024-04-13T17:24:31","guid":{"rendered":"https:\/\/www.jolyd.com\/?post_type=product&#038;p=6300"},"modified":"2025-08-31T00:55:38","modified_gmt":"2025-08-31T00:55:38","slug":"bague-en-saphir-bleu","status":"publish","type":"product","link":"https:\/\/www.jolyd.com\/fr\/product\/blue-sapphire-ring\/","title":{"rendered":"Bague en saphir bleu"},"content":{"rendered":"<p data-start=\"134\" data-end=\"511\" data-rm-block-id=\"block-1\">Pourriez-vous rencontrer la bague qui fait le stylisme pour vous ? La bague <strong data-start=\"183\" data-end=\"205\">Bague en saphir bleu<\/strong> offre une finition instantan\u00e9e, que vous portiez une chemise blanche impeccable ou votre tricot pr\u00e9f\u00e9r\u00e9 pour le week-end. Le bleu profond et vif capte la lumi\u00e8re, illumine vos mains et ajoute une touche de couleur raffin\u00e9e qui se veut \u00e9l\u00e9gante et non criarde. C'est le genre de pi\u00e8ce que vous regarderez toute la journ\u00e9e et penserez, <em data-start=\"502\" data-end=\"510\">Oui, c'est vrai<\/em>.<\/p>\n<p data-start=\"513\" data-end=\"546\" data-rm-block-id=\"block-2\">Pourquoi il gagne des c\u0153urs (et des tenues) :<\/p>\n<ul data-start=\"547\" data-end=\"1146\">\n<li data-start=\"547\" data-end=\"653\">\n<p data-start=\"549\" data-end=\"653\" data-rm-block-id=\"block-3\"><strong data-start=\"549\" data-end=\"571\">Un impact sans effort :<\/strong> une silhouette \u00e9l\u00e9gante et orn\u00e9e de pierres pr\u00e9cieuses = un maximum de raffinement sans trop de r\u00e9flexion.<\/p>\n<\/li>\n<li data-start=\"654\" data-end=\"775\">\n<p data-start=\"656\" data-end=\"775\" data-rm-block-id=\"block-4\"><strong data-start=\"656\" data-end=\"680\">Teinte flatteuse pour le visage :<\/strong> Le saphir bleu rafra\u00eechit et clarifie visuellement - il s'adapte \u00e0 tous les tons de peau et \u00e0 toutes les couleurs d'ongles.<\/p>\n<\/li>\n<li data-start=\"776\" data-end=\"913\">\n<p data-start=\"778\" data-end=\"913\" data-rm-block-id=\"block-5\"><strong data-start=\"778\" data-end=\"805\">Du quotidien \u00e0 l'\u00e9v\u00e9nement :<\/strong> Suffisamment subtil pour \u00eatre port\u00e9 au quotidien ; suffisamment voyant pour un d\u00eener, un mariage ou une c\u00e9l\u00e9bration importante.<\/p>\n<\/li>\n<li data-start=\"914\" data-end=\"1051\">\n<p data-start=\"916\" data-end=\"1051\" data-rm-block-id=\"block-6\"><strong data-start=\"916\" data-end=\"940\">Un choix qui a du sens :<\/strong> Le saphir est la pierre de naissance du mois de septembre et un symbole de loyaut\u00e9, de sagesse et de calme - id\u00e9al pour offrir (ou garder).<\/p>\n<\/li>\n<li data-start=\"1052\" data-end=\"1146\">\n<p data-start=\"1054\" data-end=\"1146\" data-rm-block-id=\"block-7\"><strong data-start=\"1054\" data-end=\"1073\">Adapt\u00e9e aux couches :<\/strong> s'empile proprement avec des bracelets minces pour une combinaison moderne et personnelle.<\/p>\n<\/li>\n<\/ul>\n<p data-start=\"1265\" data-end=\"1467\" data-rm-block-id=\"block-8\"><strong data-start=\"1265\" data-end=\"1278\">Le style est l\u00e0 :<\/strong> Associez-les \u00e0 une manucure nude et \u00e0 un bracelet en or fin ou en argent pour un luxe tranquille. Vous avez envie d'audace ? Associez-le \u00e0 une bague textur\u00e9e ou \u00e0 un anneau d'\u00e9ternit\u00e9 fin, et laissez le saphir occuper le devant de la sc\u00e8ne.<\/p>\n<p data-start=\"1469\" data-end=\"1690\" data-rm-block-id=\"block-9\"><strong data-start=\"1469\" data-end=\"1491\">Le don en toute simplicit\u00e9 :<\/strong> Id\u00e9al pour les anniversaires (bonjour septembre !), les demoiselles d'honneur ou un nouvel emploi. Ajoutez un petit mot sur ce qu'elle est en train de r\u00e9aliser - les pi\u00e8ces li\u00e9es \u00e0 des \u00e9tapes importantes sont davantage port\u00e9es et aim\u00e9es plus longtemps.<\/p>\n<p data-start=\"1692\" data-end=\"1865\" data-rm-block-id=\"block-10\"><strong data-start=\"1692\" data-end=\"1710\">Faites-le v\u00f4tre :<\/strong> Ajouter le <a href=\"https:\/\/www.jolyd.com\/fr\/produit\/bague-en-saphir-bleu\/\">Bague en saphir bleu<\/a> au panier et ressentez l'effet de levier instantan\u00e9 que procure un accessoire bien pens\u00e9, chaque fois que vous prenez votre caf\u00e9, votre clavier ou votre pochette.<\/p>","protected":false},"excerpt":{"rendered":"<ul>\n<li>M\u00e9tal : argent 925<\/li>\n<li>Pierres pr\u00e9cieuses : Saphir bleu, \u00c9meraude, Tanzanite<\/li>\n<li>Placage : Or jaune 22K 3 microns, Rhodium blanc<\/li>\n<li>Poin\u00e7on : 925<\/li>\n<li>Fait \u00e0 la main<\/li>\n<li>Taille : 7 (USA)<\/li>\n<\/ul>","protected":false},"featured_media":6490,"comment_status":"open","ping_status":"closed","template":"","meta":[],"product_brand":[],"product_cat":[41],"product_tag":[491,492],"class_list":{"0":"post-6300","1":"product","2":"type-product","3":"status-publish","4":"has-post-thumbnail","6":"product_cat-rings","7":"product_tag-handmade","8":"product_tag-silver","10":"first","11":"instock","12":"featured","13":"taxable","14":"shipping-taxable","15":"purchasable","16":"product-type-simple","17":"new","18":"layout-style-6","19":"col-md-4 col-sm-4 col-xs-6","20":"col-lg-1-5","21":"product-has-gallery","22":"product-style-zoom"},"_links":{"self":[{"href":"https:\/\/www.jolyd.com\/fr\/wp-json\/wp\/v2\/product\/6300","targetHints":{"allow":["GET"]}}],"collection":[{"href":"https:\/\/www.jolyd.com\/fr\/wp-json\/wp\/v2\/product"}],"about":[{"href":"https:\/\/www.jolyd.com\/fr\/wp-json\/wp\/v2\/types\/product"}],"replies":[{"embeddable":true,"href":"https:\/\/www.jolyd.com\/fr\/wp-json\/wp\/v2\/comments?post=6300"}],"wp:featuredmedia":[{"embeddable":true,"href":"https:\/\/www.jolyd.com\/fr\/wp-json\/wp\/v2\/media\/6490"}],"wp:attachment":[{"href":"https:\/\/www.jolyd.com\/fr\/wp-json\/wp\/v2\/media?parent=6300"}],"wp:term":[{"taxonomy":"product_brand","embeddable":true,"href":"https:\/\/www.jolyd.com\/fr\/wp-json\/wp\/v2\/product_brand?post=6300"},{"taxonomy":"product_cat","embeddable":true,"href":"https:\/\/www.jolyd.com\/fr\/wp-json\/wp\/v2\/product_cat?post=6300"},{"taxonomy":"product_tag","embeddable":true,"href":"https:\/\/www.jolyd.com\/fr\/wp-json\/wp\/v2\/product_tag?post=6300"}],"curies":[{"name":"wp","href":"https:\/\/api.w.org\/{rel}","templated":true}]}}