{"id":6331,"date":"2024-04-21T17:53:17","date_gmt":"2024-04-21T17:53:17","guid":{"rendered":"https:\/\/www.jolyd.com\/?post_type=product&#038;p=6331"},"modified":"2025-08-31T00:31:53","modified_gmt":"2025-08-31T00:31:53","slug":"collier-de-perles-damour-de-haute-qualite","status":"publish","type":"product","link":"https:\/\/www.jolyd.com\/fr\/product\/high-quality-love-pearl-necklace\/","title":{"rendered":"Collier de perles d'amour"},"content":{"rendered":"<p data-start=\"138\" data-end=\"654\" data-rm-block-id=\"block-1\">J'aime le fait que l'on puisse le porter tous les jours. Les <strong data-start=\"176\" data-end=\"199\">Collier de perles d'amour<\/strong> est le genre de pi\u00e8ce qui transforme discr\u00e8tement une tenue, rehaussant un simple tee-shirt, adoucissant un blazer sur mesure et apportant un romantisme lumineux aux tenues de soir\u00e9e. Les perles d'eau douce enfil\u00e9es \u00e0 la main captent la lumi\u00e8re avec un \u00e9clat flatteur qui illumine le visage, tandis que la silhouette de style collier, inspir\u00e9e de l'amour, se porte merveilleusement bien seule ou associ\u00e9e \u00e0 une cha\u00eene fine. Il est intemporel, f\u00e9minin et moderne sans effort - la d\u00e9finition de \"vous le porterez encore et encore\". En outre, le <strong>Collier de perles baroques<\/strong> rehausse l'\u00e9l\u00e9gance g\u00e9n\u00e9rale de tout ensemble.<\/p>\n<p data-start=\"656\" data-end=\"675\" data-rm-block-id=\"block-2\">Pourquoi il gagne des c\u0153urs :<\/p>\n<ul data-start=\"676\" data-end=\"1115\">\n<li data-start=\"676\" data-end=\"780\">\n<p data-start=\"678\" data-end=\"780\" data-rm-block-id=\"block-3\"><strong data-start=\"678\" data-end=\"697\">Vernis instantan\u00e9 :<\/strong> Enfilez-la et votre look se veut intentionnel et \u00e9l\u00e9gant - pas besoin de r\u00e9fl\u00e9chir longuement.<\/p>\n<\/li>\n<li data-start=\"781\" data-end=\"904\">\n<p data-start=\"783\" data-end=\"904\" data-rm-block-id=\"block-4\"><strong data-start=\"783\" data-end=\"805\">\u00c9clat flatteur :<\/strong> Les perles naturelles d'eau douce refl\u00e8tent une lumi\u00e8re douce vers le visage pour un effet \"vous \u00eates magnifique\".<\/p>\n<\/li>\n<li data-start=\"905\" data-end=\"1014\">\n<p data-start=\"907\" data-end=\"1014\" data-rm-block-id=\"block-5\"><strong data-start=\"907\" data-end=\"936\">Du brunch \u00e0 la cravate noire :<\/strong> suffisamment polyvalent pour \u00eatre port\u00e9 au quotidien, lors d'\u00e9v\u00e9nements sp\u00e9ciaux et pour tout ce qui se trouve entre les deux.<\/p>\n<\/li>\n<li data-start=\"1015\" data-end=\"1115\">\n<p data-start=\"1017\" data-end=\"1115\" data-rm-block-id=\"block-6\"><strong data-start=\"1017\" data-end=\"1032\">Pr\u00eat \u00e0 \u00eatre offert :<\/strong> un choix significatif pour les anniversaires, les demoiselles d'honneur, et \"juste parce que\".<\/p>\n<\/li>\n<\/ul>\n<p data-start=\"1117\" data-end=\"1302\" data-rm-block-id=\"block-7\"><strong data-start=\"1117\" data-end=\"1139\">Mat\u00e9riaux et sp\u00e9cifications :<\/strong> Eau douce <strong data-start=\"1151\" data-end=\"1162\">baroque<\/strong> perles (env. <strong data-start=\"1179\" data-end=\"1189\">7-8 mm<\/strong>) avec un col inspir\u00e9 de l'amour ; con\u00e7u pour \u00eatre port\u00e9 confortablement tout au long de la journ\u00e9e<\/p>\n<p data-start=\"1485\" data-end=\"1636\" data-rm-block-id=\"block-8\"><strong data-start=\"1485\" data-end=\"1498\">Le style est l\u00e0 :<\/strong> Laissez-le se draper sur un tricot \u00e0 col ras du cou, superposez-le \u00e0 une cha\u00eene d\u00e9licate pour plus de texture, ou associez-le \u00e0 des clous de perles pour un look coh\u00e9rent et classique moderne.<\/p>\n<p data-start=\"1638\" data-end=\"1795\" data-rm-block-id=\"block-9\"><strong data-start=\"1638\" data-end=\"1656\">Faites-le v\u00f4tre :<\/strong> Ajoutez le collier de perles de l'amour \u00e0 votre panier et entrez d\u00e8s aujourd'hui dans cette \u00e9nergie tranquille et confiante. (Nous livrons dans le monde entier.)<\/p>\n<p data-start=\"1117\" data-end=\"1302\" data-rm-block-id=\"block-10\">","protected":false},"excerpt":{"rendered":"<ul>\n<li>Perle d'eau douce<\/li>\n<li>16 pouces<\/li>\n<li>Cha\u00eene :  Alliage<\/li>\n<li>\n<div class=\"left\" data-spm-anchor-id=\"a2700.details.0.i42.71aa7f44UizOQS\">Diam\u00e8tre de la perle : 7-8mm<\/div>\n<\/li>\n<li>Plaqu\u00e9 or<\/li>\n<\/ul>","protected":false},"featured_media":6487,"comment_status":"open","ping_status":"closed","template":"","meta":[],"product_brand":[],"product_cat":[39],"product_tag":[491,492],"class_list":{"0":"post-6331","1":"product","2":"type-product","3":"status-publish","4":"has-post-thumbnail","6":"product_cat-necklace-pendants-for-women","7":"product_tag-handmade","8":"product_tag-silver","10":"first","11":"instock","12":"featured","13":"taxable","14":"shipping-taxable","15":"purchasable","16":"product-type-simple","17":"new","18":"layout-style-6","19":"col-md-4 col-sm-4 col-xs-6","20":"col-lg-1-5","21":"product-has-gallery","22":"product-style-zoom"},"_links":{"self":[{"href":"https:\/\/www.jolyd.com\/fr\/wp-json\/wp\/v2\/product\/6331","targetHints":{"allow":["GET"]}}],"collection":[{"href":"https:\/\/www.jolyd.com\/fr\/wp-json\/wp\/v2\/product"}],"about":[{"href":"https:\/\/www.jolyd.com\/fr\/wp-json\/wp\/v2\/types\/product"}],"replies":[{"embeddable":true,"href":"https:\/\/www.jolyd.com\/fr\/wp-json\/wp\/v2\/comments?post=6331"}],"wp:featuredmedia":[{"embeddable":true,"href":"https:\/\/www.jolyd.com\/fr\/wp-json\/wp\/v2\/media\/6487"}],"wp:attachment":[{"href":"https:\/\/www.jolyd.com\/fr\/wp-json\/wp\/v2\/media?parent=6331"}],"wp:term":[{"taxonomy":"product_brand","embeddable":true,"href":"https:\/\/www.jolyd.com\/fr\/wp-json\/wp\/v2\/product_brand?post=6331"},{"taxonomy":"product_cat","embeddable":true,"href":"https:\/\/www.jolyd.com\/fr\/wp-json\/wp\/v2\/product_cat?post=6331"},{"taxonomy":"product_tag","embeddable":true,"href":"https:\/\/www.jolyd.com\/fr\/wp-json\/wp\/v2\/product_tag?post=6331"}],"curies":[{"name":"wp","href":"https:\/\/api.w.org\/{rel}","templated":true}]}}