{"id":6335,"date":"2024-04-21T19:01:05","date_gmt":"2024-04-21T19:01:05","guid":{"rendered":"https:\/\/www.jolyd.com\/?post_type=product&#038;p=6335"},"modified":"2025-09-11T20:27:12","modified_gmt":"2025-09-11T20:27:12","slug":"collier-a-boucle","status":"publish","type":"product","link":"https:\/\/www.jolyd.com\/fr\/product\/buckle-necklace\/","title":{"rendered":"Collier \u00e0 boucle"},"content":{"rendered":"<p>Voici notre exquis collier \u00e0 boucles de 43 cm de long, une pi\u00e8ce intemporelle qui respire l'\u00e9l\u00e9gance et la sophistication. Fabriqu\u00e9 avec une attention m\u00e9ticuleuse aux d\u00e9tails, ce collier associe la beaut\u00e9 naturelle des perles d'eau douce \u00e0 un design de boucle unique, cr\u00e9ant ainsi un accessoire \u00e9poustouflant qui rehaussera n'importe quelle tenue.<\/p>\n<p>La longueur de 43 cm de ce collier lui permet de s'ajuster parfaitement autour du cou et de mettre en valeur le d\u00e9collet\u00e9 de la personne qui le porte. L'aspect lustr\u00e9 <a href=\"https:\/\/www.jolyd.com\/fr\/\">perles d'eau douce<\/a> de ce mod\u00e8le pr\u00e9sentent une irisation naturelle, refl\u00e9tant la lumi\u00e8re et ajoutant une touche d'\u00e9clat \u00e0 l'ensemble.<\/p>\n<h4><strong>Collier \u00e0 boucle<\/strong><\/h4>\n<p>La caract\u00e9ristique principale de ce collier Buckle est sa boucle, qui ajoute une touche de modernit\u00e9 au collier de perles classique. La boucle est d\u00e9licatement travaill\u00e9e pour mettre en valeur les perles. <a href=\"https:\/\/www.instagram.com\/joandlyd\/\" target=\"_blank\" rel=\"noopener\">perles<\/a> Ce collier se porte avec gr\u00e2ce, cr\u00e9ant un point focal qui attire l'attention et ajoute une touche contemporaine. Ce collier fera une impression durable, qu'il soit port\u00e9 pour une occasion sp\u00e9ciale ou comme accessoire de tous les jours.<\/p>\n<p>Fabriqu\u00e9 avec des mat\u00e9riaux de haute qualit\u00e9 et dans un souci de durabilit\u00e9, ce collier est con\u00e7u pour \u00eatre appr\u00e9ci\u00e9 pendant des ann\u00e9es. Son design intemporel lui permet de passer du jour \u00e0 la nuit, ce qui en fait un choix polyvalent pour toute garde-robe.<\/p>\n<p>Compl\u00e9tez votre collection avec notre collier de perles d'eau douce Buckle de 43 cm de long. <a href=\"http:\/\/www.jolyd.com\/fr\/\">\u00e9l\u00e9gance classique<\/a> et un style moderne. Cette pi\u00e8ce exquise est synonyme de sophistication et d'originalit\u00e9.<\/p>","protected":false},"excerpt":{"rendered":"<ul>\n<li>Perles d'eau douce<\/li>\n<li>43cm<\/li>\n<li>\n<div class=\"attribute-item\">\n<div class=\"right\">\n<p><span data-spm-anchor-id=\"a2700.wholesale.0.i83.3c4a5619KrTSzy\">Plaqu\u00e9 or<\/span><\/p>\n<\/div>\n<\/div>\n<div class=\"attribute-item\"><\/div>\n<\/li>\n<\/ul>","protected":false},"featured_media":6486,"comment_status":"open","ping_status":"closed","template":"","meta":[],"product_brand":[],"product_cat":[39],"product_tag":[491,492],"class_list":{"0":"post-6335","1":"product","2":"type-product","3":"status-publish","4":"has-post-thumbnail","6":"product_cat-necklace-pendants-for-women","7":"product_tag-handmade","8":"product_tag-silver","10":"first","11":"instock","12":"featured","13":"taxable","14":"shipping-taxable","15":"purchasable","16":"product-type-simple","17":"new","18":"layout-style-6","19":"col-md-4 col-sm-4 col-xs-6","20":"col-lg-1-5","21":"product-has-gallery","22":"product-style-zoom"},"_links":{"self":[{"href":"https:\/\/www.jolyd.com\/fr\/wp-json\/wp\/v2\/product\/6335","targetHints":{"allow":["GET"]}}],"collection":[{"href":"https:\/\/www.jolyd.com\/fr\/wp-json\/wp\/v2\/product"}],"about":[{"href":"https:\/\/www.jolyd.com\/fr\/wp-json\/wp\/v2\/types\/product"}],"replies":[{"embeddable":true,"href":"https:\/\/www.jolyd.com\/fr\/wp-json\/wp\/v2\/comments?post=6335"}],"wp:featuredmedia":[{"embeddable":true,"href":"https:\/\/www.jolyd.com\/fr\/wp-json\/wp\/v2\/media\/6486"}],"wp:attachment":[{"href":"https:\/\/www.jolyd.com\/fr\/wp-json\/wp\/v2\/media?parent=6335"}],"wp:term":[{"taxonomy":"product_brand","embeddable":true,"href":"https:\/\/www.jolyd.com\/fr\/wp-json\/wp\/v2\/product_brand?post=6335"},{"taxonomy":"product_cat","embeddable":true,"href":"https:\/\/www.jolyd.com\/fr\/wp-json\/wp\/v2\/product_cat?post=6335"},{"taxonomy":"product_tag","embeddable":true,"href":"https:\/\/www.jolyd.com\/fr\/wp-json\/wp\/v2\/product_tag?post=6335"}],"curies":[{"name":"wp","href":"https:\/\/api.w.org\/{rel}","templated":true}]}}