{"id":6415,"date":"2024-11-17T19:33:42","date_gmt":"2024-11-17T19:33:42","guid":{"rendered":"https:\/\/www.jolyd.com\/?post_type=product&#038;p=6415"},"modified":"2025-09-11T20:26:02","modified_gmt":"2025-09-11T20:26:02","slug":"long-collier-de-perles-pour-femmes","status":"publish","type":"product","link":"https:\/\/www.jolyd.com\/fr\/product\/long-womens-pearl-necklace\/","title":{"rendered":"Long collier de perles pour femmes"},"content":{"rendered":"<p data-start=\"198\" data-end=\"590\" data-rm-block-id=\"block-1\">l\u00e9vitent chaque regard avec l'\u00e9clat tranquille de la <strong data-start=\"250\" data-end=\"286\">JO&amp;LYD Collier de perles d'eau douce<\/strong>. Finies \u00e0 la main en petites s\u00e9ries, chaque perle est soigneusement assortie en termes d'\u00e9clat et d'harmonie, puis dispos\u00e9e de mani\u00e8re \u00e0 s'asseoir gracieusement le long de la clavicule - subtile, lumineuse, ind\u00e9niablement raffin\u00e9e. C'est le genre de pi\u00e8ce qui \u00e9voque le luxe sans le crier : intemporelle, moderne et pouvant \u00eatre port\u00e9e \u00e0 l'infini, du bureau au d\u00eener.<\/p>\n<p data-rm-block-id=\"block-2\">D\u00e9couvrez l'\u00e9l\u00e9gance du long collier de perles pour femme, parfait pour rehausser votre garde-robe.<\/p>\n<p data-start=\"592\" data-end=\"1026\" data-rm-block-id=\"block-3\">En tant que <strong data-start=\"595\" data-end=\"612\">vu dans Vogue<\/strong>JO&amp;LYD c\u00e9l\u00e8bre l'art du glamour discret. Ce collier encadre le visage d'un \u00e9clat doux et flatteur qui convient \u00e0 toutes les carnations et \u00e0 tous les d\u00e9collet\u00e9s. Portez-le seul pour une sophistication sans effort, ou superposez-le \u00e0 vos cha\u00eenes de tous les jours pour une version contemporaine de l'\u00e9l\u00e9gance classique. Qu'il s'agisse d'une chemise blanche impeccable ou d'une tenue de soir\u00e9e en soie, ce collier apporte la touche finale et confiante qui compl\u00e8te une tenue.<\/p>\n<p data-rm-block-id=\"block-4\">Le long collier de perles pour femmes est un accessoire polyvalent qui s'associe parfaitement \u00e0 toutes les tenues.<\/p>\n<p data-start=\"1028\" data-end=\"1050\" data-rm-block-id=\"block-5\"><strong data-start=\"1028\" data-end=\"1050\">Pourquoi vous l'aimerez<\/strong><\/p>\n<ul data-start=\"1051\" data-end=\"1453\">\n<li data-start=\"1051\" data-end=\"1135\">\n<p data-start=\"1053\" data-end=\"1135\" data-rm-block-id=\"block-6\">Des perles d'eau douce s\u00e9lectionn\u00e9es avec une brillance naturelle pour un fini radieux, pr\u00eat pour l'appareil photo.<\/p>\n<\/li>\n<li data-start=\"1136\" data-end=\"1198\">\n<p data-start=\"1138\" data-end=\"1198\" data-rm-block-id=\"block-7\">Des proportions \u00e9l\u00e9gantes con\u00e7ues pour le confort et le port tout au long de la journ\u00e9e.<\/p>\n<\/li>\n<li data-start=\"1199\" data-end=\"1275\">\n<p data-start=\"1201\" data-end=\"1275\" data-rm-block-id=\"block-8\">Construction durable et raffin\u00e9e con\u00e7ue pour \u00eatre un \u00e9l\u00e9ment de base \u00e0 long terme, et non une tendance.<\/p>\n<\/li>\n<li data-start=\"1276\" data-end=\"1335\">\n<p data-start=\"1278\" data-end=\"1335\" data-rm-block-id=\"block-9\">Un style polyvalent : magnifique seul, remarquable en couches successives.<\/p>\n<\/li>\n<li data-start=\"1336\" data-end=\"1395\">\n<p data-start=\"1338\" data-end=\"1395\" data-rm-block-id=\"block-10\">Un choix de cadeau r\u00e9fl\u00e9chi, personnel et de qualit\u00e9.<\/p>\n<\/li>\n<li data-start=\"1396\" data-end=\"1453\">\n<p data-start=\"1398\" data-end=\"1453\" data-rm-block-id=\"block-11\">Exp\u00e9dition dans le monde entier avec un service client\u00e8le JO&amp;LYD attentif.<\/p>\n<\/li>\n<\/ul>\n<p data-start=\"1455\" data-end=\"1652\" data-rm-block-id=\"block-12\">Le luxe doit se faire sans effort. Ajoutez ce collier \u00e0 votre collection et d\u00e9couvrez comment un d\u00e9tail parfait peut transformer le quotidien en un look unique. <strong data-start=\"1614\" data-end=\"1629\">Ajouter au panier<\/strong> et la faire v\u00f4tre.<\/p>","protected":false},"excerpt":{"rendered":"<ul>\n<li>7-8mm Eau douce naturelle<\/li>\n<li>Argent 925<\/li>\n<li>90cm<\/li>\n<\/ul>","protected":false},"featured_media":6483,"comment_status":"open","ping_status":"closed","template":"","meta":[],"product_brand":[],"product_cat":[39],"product_tag":[491,492],"class_list":{"0":"post-6415","1":"product","2":"type-product","3":"status-publish","4":"has-post-thumbnail","6":"product_cat-necklace-pendants-for-women","7":"product_tag-handmade","8":"product_tag-silver","10":"first","11":"instock","12":"featured","13":"taxable","14":"shipping-taxable","15":"purchasable","16":"product-type-simple","17":"new","18":"layout-style-6","19":"col-md-4 col-sm-4 col-xs-6","20":"col-lg-1-5","21":"product-has-gallery","22":"product-style-zoom"},"_links":{"self":[{"href":"https:\/\/www.jolyd.com\/fr\/wp-json\/wp\/v2\/product\/6415","targetHints":{"allow":["GET"]}}],"collection":[{"href":"https:\/\/www.jolyd.com\/fr\/wp-json\/wp\/v2\/product"}],"about":[{"href":"https:\/\/www.jolyd.com\/fr\/wp-json\/wp\/v2\/types\/product"}],"replies":[{"embeddable":true,"href":"https:\/\/www.jolyd.com\/fr\/wp-json\/wp\/v2\/comments?post=6415"}],"wp:featuredmedia":[{"embeddable":true,"href":"https:\/\/www.jolyd.com\/fr\/wp-json\/wp\/v2\/media\/6483"}],"wp:attachment":[{"href":"https:\/\/www.jolyd.com\/fr\/wp-json\/wp\/v2\/media?parent=6415"}],"wp:term":[{"taxonomy":"product_brand","embeddable":true,"href":"https:\/\/www.jolyd.com\/fr\/wp-json\/wp\/v2\/product_brand?post=6415"},{"taxonomy":"product_cat","embeddable":true,"href":"https:\/\/www.jolyd.com\/fr\/wp-json\/wp\/v2\/product_cat?post=6415"},{"taxonomy":"product_tag","embeddable":true,"href":"https:\/\/www.jolyd.com\/fr\/wp-json\/wp\/v2\/product_tag?post=6415"}],"curies":[{"name":"wp","href":"https:\/\/api.w.org\/{rel}","templated":true}]}}