{"id":6429,"date":"2024-11-17T21:01:57","date_gmt":"2024-11-17T21:01:57","guid":{"rendered":"https:\/\/www.jolyd.com\/?post_type=product&#038;p=6429"},"modified":"2025-08-30T23:19:34","modified_gmt":"2025-08-30T23:19:34","slug":"collier-a-maillons-plaques-or-18-carats","status":"publish","type":"product","link":"https:\/\/www.jolyd.com\/fr\/product\/18k-gold-plating-link-chain-necklace\/","title":{"rendered":"Collier en cha\u00eene \u00e0 maillons plaqu\u00e9s or 18K"},"content":{"rendered":"<p>Ce collier \u00e0 maillons plaqu\u00e9s or 18 carats est moderne et \u00e9l\u00e9gant, id\u00e9al pour les occasions d\u00e9contract\u00e9es et formelles. Sa finition de haute qualit\u00e9 lui conf\u00e8re durabilit\u00e9 et \u00e9l\u00e9gance, ce qui le rend polyvalent pour toute collection de bijoux.<\/p>","protected":false},"excerpt":{"rendered":"<ul>\n<li>Plaqu\u00e9 or 18k<\/li>\n<li>Perle d'eau douce<\/li>\n<li>16cm<\/li>\n<li>Cha\u00eene de liens<\/li>\n<\/ul>","protected":false},"featured_media":6482,"comment_status":"open","ping_status":"closed","template":"","meta":[],"product_brand":[],"product_cat":[39],"product_tag":[491],"class_list":{"0":"post-6429","1":"product","2":"type-product","3":"status-publish","4":"has-post-thumbnail","6":"product_cat-necklace-pendants-for-women","7":"product_tag-handmade","9":"first","10":"instock","11":"featured","12":"taxable","13":"shipping-taxable","14":"purchasable","15":"product-type-simple","16":"new","17":"layout-style-6","18":"col-md-4 col-sm-4 col-xs-6","19":"col-lg-1-5","20":"product-has-gallery","21":"product-style-zoom"},"_links":{"self":[{"href":"https:\/\/www.jolyd.com\/fr\/wp-json\/wp\/v2\/product\/6429","targetHints":{"allow":["GET"]}}],"collection":[{"href":"https:\/\/www.jolyd.com\/fr\/wp-json\/wp\/v2\/product"}],"about":[{"href":"https:\/\/www.jolyd.com\/fr\/wp-json\/wp\/v2\/types\/product"}],"replies":[{"embeddable":true,"href":"https:\/\/www.jolyd.com\/fr\/wp-json\/wp\/v2\/comments?post=6429"}],"wp:featuredmedia":[{"embeddable":true,"href":"https:\/\/www.jolyd.com\/fr\/wp-json\/wp\/v2\/media\/6482"}],"wp:attachment":[{"href":"https:\/\/www.jolyd.com\/fr\/wp-json\/wp\/v2\/media?parent=6429"}],"wp:term":[{"taxonomy":"product_brand","embeddable":true,"href":"https:\/\/www.jolyd.com\/fr\/wp-json\/wp\/v2\/product_brand?post=6429"},{"taxonomy":"product_cat","embeddable":true,"href":"https:\/\/www.jolyd.com\/fr\/wp-json\/wp\/v2\/product_cat?post=6429"},{"taxonomy":"product_tag","embeddable":true,"href":"https:\/\/www.jolyd.com\/fr\/wp-json\/wp\/v2\/product_tag?post=6429"}],"curies":[{"name":"wp","href":"https:\/\/api.w.org\/{rel}","templated":true}]}}