{"id":6432,"date":"2024-11-17T21:18:23","date_gmt":"2024-11-17T21:18:23","guid":{"rendered":"https:\/\/www.jolyd.com\/?post_type=product&#038;p=6432"},"modified":"2025-10-28T15:45:15","modified_gmt":"2025-10-28T15:45:15","slug":"collier-de-perles-deau-douce-en-forme-de-millet","status":"publish","type":"product","link":"https:\/\/www.jolyd.com\/fr\/product\/freshwater-millet-shaped-pearl-necklace\/","title":{"rendered":"Collier de perles d'eau douce en forme de millet"},"content":{"rendered":"<p>Le collier de perles d'eau douce en forme de millet associe un alliage plaqu\u00e9 or \u00e0 des perles d'eau douce naturelles, offrant un design sophistiqu\u00e9 et minimaliste. Mesurant 40 cm avec une rallonge de 5 cm, ce collier est parfait pour une tenue \u00e9l\u00e9gante au quotidien ou lors d'occasions sp\u00e9ciales.<\/p>","protected":false},"excerpt":{"rendered":"<p>&nbsp;<\/p>\n<div class=\"attribute-item\">\n<ul>\n<li class=\"right\"><span data-spm-anchor-id=\"a2700.details.0.i44.721ba32aceZPkY\">Plaqu\u00e9 or<\/span><\/li>\n<li>Perle d'eau douce<\/li>\n<li>M\u00e9tal : Alliage<\/li>\n<li>40cm+5<\/li>\n<\/ul>\n<\/div>\n<p>&nbsp;<\/p>","protected":false},"featured_media":6496,"comment_status":"open","ping_status":"closed","template":"","meta":[],"product_brand":[],"product_cat":[39],"product_tag":[],"class_list":{"0":"post-6432","1":"product","2":"type-product","3":"status-publish","4":"has-post-thumbnail","6":"product_cat-necklace-pendants-for-women","8":"first","9":"instock","10":"featured","11":"taxable","12":"shipping-taxable","13":"purchasable","14":"product-type-simple","15":"new","16":"layout-style-6","17":"col-md-4 col-sm-4 col-xs-6","18":"col-lg-1-5","19":"product-has-gallery","20":"product-style-zoom"},"_links":{"self":[{"href":"https:\/\/www.jolyd.com\/fr\/wp-json\/wp\/v2\/product\/6432","targetHints":{"allow":["GET"]}}],"collection":[{"href":"https:\/\/www.jolyd.com\/fr\/wp-json\/wp\/v2\/product"}],"about":[{"href":"https:\/\/www.jolyd.com\/fr\/wp-json\/wp\/v2\/types\/product"}],"replies":[{"embeddable":true,"href":"https:\/\/www.jolyd.com\/fr\/wp-json\/wp\/v2\/comments?post=6432"}],"wp:featuredmedia":[{"embeddable":true,"href":"https:\/\/www.jolyd.com\/fr\/wp-json\/wp\/v2\/media\/6496"}],"wp:attachment":[{"href":"https:\/\/www.jolyd.com\/fr\/wp-json\/wp\/v2\/media?parent=6432"}],"wp:term":[{"taxonomy":"product_brand","embeddable":true,"href":"https:\/\/www.jolyd.com\/fr\/wp-json\/wp\/v2\/product_brand?post=6432"},{"taxonomy":"product_cat","embeddable":true,"href":"https:\/\/www.jolyd.com\/fr\/wp-json\/wp\/v2\/product_cat?post=6432"},{"taxonomy":"product_tag","embeddable":true,"href":"https:\/\/www.jolyd.com\/fr\/wp-json\/wp\/v2\/product_tag?post=6432"}],"curies":[{"name":"wp","href":"https:\/\/api.w.org\/{rel}","templated":true}]}}