{"id":6442,"date":"2024-11-23T21:50:29","date_gmt":"2024-11-23T21:50:29","guid":{"rendered":"https:\/\/www.jolyd.com\/?post_type=product&#038;p=6442"},"modified":"2025-09-11T20:24:34","modified_gmt":"2025-09-11T20:24:34","slug":"boucles-doreilles-saphir-bleu","status":"publish","type":"product","link":"https:\/\/www.jolyd.com\/fr\/product\/blue-sapphire-push-back-earrings\/","title":{"rendered":"Boucles d'oreilles en saphir bleu"},"content":{"rendered":"<p>Rehaussez votre \u00e9l\u00e9gance avec nos exquises boucles d'oreilles en argent 925 saphir bleu, magistralement orn\u00e9es de perles d'eau douce lustr\u00e9es et de pierres pr\u00e9cieuses vibrantes. Con\u00e7ues avec une monture de type push-back, ces boucles d'oreilles allient parfaitement sophistication et beaut\u00e9 intemporelle. Le sertissage \u00e0 l'aide d'une pince et d'un lien permet \u00e0 chaque pierre pr\u00e9cieuse d'\u00eatre mise en valeur avec brio.<\/p>\n<p>Poin\u00e7onn\u00e9es pour refl\u00e9ter une qualit\u00e9 sup\u00e9rieure, ces pi\u00e8ces promettent style et luxe en toute occasion. Laissez-vous s\u00e9duire par l'\u00e9clat naturel des perles associ\u00e9 \u00e0 la brillance d'un plaquage en argent pur. Adoptez le chic \u00e0 prix abordable avec nos offres de gros, et laissez votre style briller plus que jamais. Parfaites pour ajouter une touche de glamour \u00e0 votre collection.<\/p>","protected":false},"excerpt":{"rendered":"<ul>\n<li>Argent 925<\/li>\n<li>Perle d'eau douce<\/li>\n<li>Pierre pr\u00e9cieuse : Saphir bleu<\/li>\n<\/ul>","protected":false},"featured_media":6478,"comment_status":"open","ping_status":"closed","template":"","meta":[],"product_brand":[],"product_cat":[40],"product_tag":[],"class_list":{"0":"post-6442","1":"product","2":"type-product","3":"status-publish","4":"has-post-thumbnail","6":"product_cat-earrings","8":"first","9":"instock","10":"featured","11":"taxable","12":"shipping-taxable","13":"purchasable","14":"product-type-simple","15":"new","16":"layout-style-6","17":"col-md-4 col-sm-4 col-xs-6","18":"col-lg-1-5","19":"product-has-gallery","20":"product-style-zoom"},"_links":{"self":[{"href":"https:\/\/www.jolyd.com\/fr\/wp-json\/wp\/v2\/product\/6442","targetHints":{"allow":["GET"]}}],"collection":[{"href":"https:\/\/www.jolyd.com\/fr\/wp-json\/wp\/v2\/product"}],"about":[{"href":"https:\/\/www.jolyd.com\/fr\/wp-json\/wp\/v2\/types\/product"}],"replies":[{"embeddable":true,"href":"https:\/\/www.jolyd.com\/fr\/wp-json\/wp\/v2\/comments?post=6442"}],"wp:featuredmedia":[{"embeddable":true,"href":"https:\/\/www.jolyd.com\/fr\/wp-json\/wp\/v2\/media\/6478"}],"wp:attachment":[{"href":"https:\/\/www.jolyd.com\/fr\/wp-json\/wp\/v2\/media?parent=6442"}],"wp:term":[{"taxonomy":"product_brand","embeddable":true,"href":"https:\/\/www.jolyd.com\/fr\/wp-json\/wp\/v2\/product_brand?post=6442"},{"taxonomy":"product_cat","embeddable":true,"href":"https:\/\/www.jolyd.com\/fr\/wp-json\/wp\/v2\/product_cat?post=6442"},{"taxonomy":"product_tag","embeddable":true,"href":"https:\/\/www.jolyd.com\/fr\/wp-json\/wp\/v2\/product_tag?post=6442"}],"curies":[{"name":"wp","href":"https:\/\/api.w.org\/{rel}","templated":true}]}}